{"id":7936,"date":"2020-05-07T11:34:31","date_gmt":"2020-05-07T09:34:31","guid":{"rendered":"https:\/\/www.lifepr.de\/info\/?page_id=7936"},"modified":"2020-05-08T11:11:57","modified_gmt":"2020-05-08T09:11:57","slug":"redaktionsplan","status":"publish","type":"page","link":"https:\/\/www.lifepr.de\/info\/redaktionsplan\/","title":{"rendered":"Der Redaktionsplan"},"content":{"rendered":"<div class=\"wpb-content-wrapper\">[vc_row bg_type=&#8220;image&#8220; parallax_style=&#8220;vcpb-default&#8220; bg_image_new=&#8220;id^7266|url^https:\/\/www.lifepr.de\/info\/wp-content\/uploads\/2020\/01\/istock-474087800.jpg|caption^Office desk table with computer, supplies, flower and coffee cup. Top view with copy space|alt^null|title^Office desk table with computer, supplies, flower and coffee cup|description^null&#8220; bg_image_repeat=&#8220;no-repeat&#8220; bg_override=&#8220;ex-full&#8220; enable_overlay=&#8220;enable_overlay_value&#8220; overlay_color=&#8220;rgba(0,0,0,0.2)&#8220; seperator_enable=&#8220;seperator_enable_value&#8220; seperator_type=&#8220;tilt_left_seperator&#8220; seperator_position=&#8220;bottom_seperator&#8220; seperator_svg_height=&#8220;100&#8243; seperator_shape_background=&#8220;#ffffff&#8220; css=&#8220;.vc_custom_1580295463717{margin-top: -50px !important;}&#8220;][vc_column][vc_empty_space height=&#8220;240px&#8220; el_id=&#8220;teaser&#8220;][mk_fancy_title strip_tags=&#8220;&#8220; style=&#8220;&#8220; size=&#8220;&#8220; force_font_size=&#8220;&#8220; line_height=&#8220;&#8220; letter_spacing=&#8220;&#8220; margin_top=&#8220;&#8220; margin_bottom=&#8220;&#8220; font_family=&#8220;none&#8220; align=&#8220;center&#8220; drop_shadow=&#8220;&#8220;]Neu und kostenfrei f\u00fcr Kunden[\/mk_fancy_title][mk_fancy_title tag_name=&#8220;h1&#8243; color=&#8220;#000000&#8243; size=&#8220;60&#8243; force_font_size=&#8220;true&#8220; size_smallscreen=&#8220;60&#8243; size_tablet=&#8220;45&#8243; size_phone=&#8220;35&#8243; line_height=&#8220;120&#8243; font_weight=&#8220;bold&#8220; font_style=&#8220;normal&#8220; txt_transform=&#8220;uppercase&#8220; letter_spacing=&#8220;0.5&#8243; font_family=&#8220;Montserrat&#8220; font_type=&#8220;google&#8220; align=&#8220;center&#8220; el_class=&#8220;black-header&#8220;]Der lifePR Redaktions\u00adplan[\/mk_fancy_title][vc_empty_space height=&#8220;150px&#8220; el_id=&#8220;teaser&#8220;][\/vc_column][\/vc_row][vc_row][vc_column][vc_empty_space height=&#8220;60&#8243;][vc_row_inner][vc_column_inner css=&#8220;.vc_custom_1478256705996{padding-right: 15px !important;}&#8220;][vc_empty_space height=&#8220;20&#8243;][\/vc_column_inner][\/vc_row_inner][vc_row_inner][vc_column_inner width=&#8220;1\/3&#8243;][vc_single_image image=&#8220;7972&#8243; img_size=&#8220;medium&#8220; alignment=&#8220;center&#8220; css=&#8220;.vc_custom_1588856809694{border-radius: 5px !important;}&#8220; el_class=&#8220;rund overlay&#8220;][mk_fancy_title tag_name=&#8220;span&#8220; color=&#8220;#444444&#8243; size=&#8220;16&#8243; line_height=&#8220;150&#8243; font_weight=&#8220;600&#8243; font_style=&#8220;normal&#8220; margin_bottom=&#8220;0&#8243; font_family=&#8220;Open+Sans&#8220; font_type=&#8220;google&#8220; align=&#8220;center&#8220; el_class=&#8220;black-text&#8220;]Inspiration[\/mk_fancy_title][mk_fancy_title tag_name=&#8220;span&#8220; color=&#8220;#444444&#8243; size=&#8220;16&#8243; line_height=&#8220;150&#8243; font_weight=&#8220;400&#8243; font_style=&#8220;normal&#8220; font_family=&#8220;Open+Sans&#8220; font_type=&#8220;google&#8220; el_class=&#8220;black-text&#8220;]Der Redaktionskalender enth\u00e4lt zahlreiche Termin- und Event-Vorschl\u00e4ge, die zur Themenfindung f\u00fcr Ihre Ver\u00f6ffentlichungen genutzt werden k\u00f6nnen.[\/mk_fancy_title][\/vc_column_inner][vc_column_inner width=&#8220;1\/3&#8243;][vc_single_image image=&#8220;7973&#8243; img_size=&#8220;medium&#8220; alignment=&#8220;center&#8220; css=&#8220;.vc_custom_1588856822545{border-radius: 5px !important;}&#8220; el_class=&#8220;rund overlay&#8220;][mk_fancy_title tag_name=&#8220;span&#8220; color=&#8220;#444444&#8243; size=&#8220;16&#8243; line_height=&#8220;150&#8243; font_weight=&#8220;600&#8243; font_style=&#8220;normal&#8220; margin_bottom=&#8220;0&#8243; font_family=&#8220;Open+Sans&#8220; font_type=&#8220;google&#8220; align=&#8220;center&#8220; el_class=&#8220;black-text&#8220;]Regelm\u00e4\u00dfige PR-Arbeit[\/mk_fancy_title][mk_fancy_title tag_name=&#8220;span&#8220; color=&#8220;#444444&#8243; size=&#8220;16&#8243; line_height=&#8220;150&#8243; font_weight=&#8220;400&#8243; font_style=&#8220;normal&#8220; font_family=&#8220;Open+Sans&#8220; font_type=&#8220;google&#8220; el_class=&#8220;black-text&#8220;]Mit der Planung im Monats- oder Wochenrhythmus schaffen Sie eine ganz neue Regelm\u00e4\u00dfigkeit und Pr\u00e4senz f\u00fcr Ihre Themen.[\/mk_fancy_title][\/vc_column_inner][vc_column_inner width=&#8220;1\/3&#8243;][vc_single_image image=&#8220;7974&#8243; img_size=&#8220;medium&#8220; alignment=&#8220;center&#8220; css=&#8220;.vc_custom_1588856834270{border-radius: 5px !important;}&#8220; el_class=&#8220;rund overlay&#8220;][mk_fancy_title tag_name=&#8220;span&#8220; color=&#8220;#444444&#8243; size=&#8220;16&#8243; line_height=&#8220;150&#8243; font_weight=&#8220;600&#8243; font_style=&#8220;normal&#8220; margin_bottom=&#8220;0&#8243; font_family=&#8220;Open+Sans&#8220; font_type=&#8220;google&#8220; align=&#8220;center&#8220; el_class=&#8220;black-text&#8220;]Strukturiertes Arbeiten[\/mk_fancy_title][mk_fancy_title tag_name=&#8220;span&#8220; color=&#8220;#444444&#8243; size=&#8220;16&#8243; line_height=&#8220;150&#8243; font_weight=&#8220;400&#8243; font_style=&#8220;normal&#8220; font_family=&#8220;Open+Sans&#8220; font_type=&#8220;google&#8220; el_class=&#8220;black-text&#8220;]Die neuen Planungsm\u00f6glichkeiten in Form von verschiedenen \u201eThemen\u201c mit zugeordneten Aufgaben geben Ihnen eine klare Arbeitsstruktur.[\/mk_fancy_title][\/vc_column_inner][\/vc_row_inner][vc_empty_space height=&#8220;40&#8243;][vc_raw_html el_class=&#8220;html&#8220;]JTNDbGluayUyMHJlbCUzRCUyMnN0eWxlc2hlZXQlMjIlMjBocmVmJTNEJTIyaHR0cHMlM0ElMkYlMkZwcm8uZm9udGF3ZXNvbWUuY29tJTJGcmVsZWFzZXMlMkZ2NS4xMC4yJTJGY3NzJTJGYWxsLmNzcyUyMiUyMGludGVncml0eSUzRCUyMnNoYTM4NC1YeE5MV1N6Q3hPZSUyRkNGY0hjQWlKQVo3TGFyTG13M2Y0OTc1Z09PNlFreHZVTGJHR05Eb1NPVHpJdEdVRyUyQiUyQlElMkIlMjIlMjBjcm9zc29yaWdpbiUzRCUyMmFub255bW91cyUyMiUzRQ==[\/vc_raw_html][\/vc_column][\/vc_row][vc_row bg_type=&#8220;bg_color&#8220; bg_override=&#8220;ex-full&#8220; bg_color_value=&#8220;#f5f5f5&#8243;][vc_column][vc_empty_space height=&#8220;60&#8243;][mk_fancy_title tag_name=&#8220;span&#8220; color=&#8220;#404040&#8243; size=&#8220;30&#8243; line_height=&#8220;120&#8243; font_weight=&#8220;500&#8243; font_style=&#8220;normal&#8220; letter_spacing=&#8220;0.5&#8243; margin_bottom=&#8220;30&#8243; font_family=&#8220;Montserrat&#8220; font_type=&#8220;google&#8220; align=&#8220;center&#8220; el_class=&#8220;black-header&#8220;]Der Redaktionsplan als interaktiver Kalender[\/mk_fancy_title][mk_fancy_title tag_name=&#8220;span&#8220; color=&#8220;#444444&#8243; size=&#8220;16&#8243; line_height=&#8220;150&#8243; font_weight=&#8220;400&#8243; font_style=&#8220;normal&#8220; font_family=&#8220;Open+Sans&#8220; font_type=&#8220;google&#8220; align=&#8220;center&#8220; el_class=&#8220;black-text&#8220;]Auf der Startseite Ihres Unternehmens im Login-Bereich der PresseBox finden Sie ab sofort den Redaktionsplan im Kalenderformat.<br \/>\nFolgende M\u00f6glichkeiten bietet der Redaktionsplan:[\/mk_fancy_title][vc_row_inner][vc_column_inner width=&#8220;1\/2&#8243;][vc_media_grid element_width=&#8220;12&#8243; gap=&#8220;0&#8243; item=&#8220;masonryMedia_SolidBlurOut&#8220; initial_loading_animation=&#8220;none&#8220; grid_id=&#8220;vc_gid:1588927999321-0c799feb-f876-4&#8243; include=&#8220;7950&#8243;][\/vc_column_inner][vc_column_inner width=&#8220;1\/2&#8243;][mk_custom_list style=&#8220;mk-icon-angle-right&#8220; margin_bottom=&#8220;40&#8243;]\n<ul>\n<li>Sie k\u00f6nnen einen Ver\u00f6ffentlichungszeitpunkt ausw\u00e4hlen und f\u00fcr den jeweiligen Tag \u00fcber den Button <strong>+ Neu<\/strong> eine Themenidee, eine geplante Pressemitteilung, Event-Ank\u00fcndigung, Stellenanzeige oder Shortnews im Kalender eintragen.<\/li>\n<li>Ganz neu: Die Themenideen, die hier als <strong>Thema<\/strong> ausgew\u00e4hlt werden k\u00f6nnen, sind neu und sollen helfen, Ideen f\u00fcr Ihre Ver\u00f6ffentlichungen bestimmten Anl\u00e4ssen zuzuordnen. Hier k\u00f6nnen konkrete Aufgaben angelegt und Priorit\u00e4ten sowie Liefertermine vergeben werden.<\/li>\n<li>Zur Inspiration enth\u00e4lt der Kalender Themenvorschl\u00e4ge, die mit einem <strong>Gl\u00fchbirnen-Symbol<\/strong> gekennzeichnet sind \u2013 nutzen Sie diese Anl\u00e4sse bei der Themensuche f\u00fcr Ihre Ver\u00f6ffentlichungen!<\/li>\n<\/ul>\n[\/mk_custom_list][\/vc_column_inner][\/vc_row_inner][vc_row_inner][vc_column_inner width=&#8220;1\/2&#8243;][mk_fancy_title tag_name=&#8220;span&#8220; color=&#8220;#444444&#8243; size=&#8220;16&#8243; line_height=&#8220;150&#8243; font_weight=&#8220;400&#8243; font_style=&#8220;normal&#8220; font_family=&#8220;Open+Sans&#8220; font_type=&#8220;google&#8220; el_class=&#8220;black-text&#8220;]\u00dcbrigens:[\/mk_fancy_title][mk_custom_list style=&#8220;mk-icon-angle-right&#8220; margin_bottom=&#8220;40&#8243;]\n<ul>\n<li>Die Kalenderansicht kann \u00fcber den Button <strong>Monat<\/strong> beliebig auf eine Monats-, Wochen- oder Tagesansicht umgestellt werden.<\/li>\n<li>Die Themenvorschl\u00e4ge k\u00f6nnen \u00fcber das <strong>Zahnradsymbol<\/strong> auf Wunsch ausgeblendet werden.<\/li>\n<\/ul>\n[\/mk_custom_list][\/vc_column_inner][vc_column_inner width=&#8220;1\/2&#8243;][\/vc_column_inner][\/vc_row_inner][vc_empty_space height=&#8220;60&#8243;][\/vc_column][\/vc_row][vc_row][vc_column][vc_empty_space height=&#8220;60&#8243;][mk_fancy_title tag_name=&#8220;span&#8220; color=&#8220;#404040&#8243; size=&#8220;30&#8243; line_height=&#8220;120&#8243; font_weight=&#8220;500&#8243; font_style=&#8220;normal&#8220; letter_spacing=&#8220;0.5&#8243; margin_bottom=&#8220;30&#8243; font_family=&#8220;Montserrat&#8220; font_type=&#8220;google&#8220; align=&#8220;center&#8220; el_class=&#8220;black-header&#8220;]Ihre geplanten und erfolgten Ver\u00f6ffentlichungen im \u00dcberblick[\/mk_fancy_title][mk_fancy_title tag_name=&#8220;span&#8220; color=&#8220;#444444&#8243; size=&#8220;16&#8243; line_height=&#8220;150&#8243; font_weight=&#8220;400&#8243; font_style=&#8220;normal&#8220; font_family=&#8220;Open+Sans&#8220; font_type=&#8220;google&#8220; align=&#8220;center&#8220; el_class=&#8220;black-text&#8220;]Die Startseite enth\u00e4lt zus\u00e4tzlich zum kalendarischen Redaktionsplan eine Liste der bereits erfolgen Ver\u00f6ffentlichungen und der noch geplanten Themen. Hier k\u00f6nnen die Inhalte bearbeitet, gel\u00f6scht oder an Ihre Kontakte verschickt werden.[\/mk_fancy_title][vc_row_inner][vc_column_inner width=&#8220;1\/6&#8243;][\/vc_column_inner][vc_column_inner width=&#8220;2\/3&#8243;][vc_media_grid element_width=&#8220;12&#8243; gap=&#8220;0&#8243; item=&#8220;masonryMedia_SolidBlurOut&#8220; initial_loading_animation=&#8220;none&#8220; grid_id=&#8220;vc_gid:1588928946417-64e2cf09-3fff-6&#8243; include=&#8220;7949&#8243;][vc_btn title=&#8220;Jetzt starten und Redaktionsplan f\u00fcllen&#8220; style=&#8220;flat&#8220; color=&#8220;primary&#8220; align=&#8220;center&#8220; el_id=&#8220;cta-red&#8220; link=&#8220;url:https%3A%2F%2Fwww.lifepr.de%2Fmybox%20||target:%20_blank|&#8220;][\/vc_column_inner][vc_column_inner width=&#8220;1\/6&#8243;][\/vc_column_inner][\/vc_row_inner][vc_empty_space height=&#8220;60&#8243;][\/vc_column][\/vc_row][vc_row fullwidth=&#8220;true&#8220; bg_type=&#8220;bg_color&#8220; bg_override=&#8220;ex-full&#8220; bg_color_value=&#8220;#d60911&#8243;][vc_column][vc_empty_space height=&#8220;50&#8243;][mk_fancy_title tag_name=&#8220;h3&#8243; color=&#8220;#ffffff&#8220; size=&#8220;18&#8243; force_font_size=&#8220;true&#8220; size_smallscreen=&#8220;18&#8243; size_tablet=&#8220;16&#8243; size_phone=&#8220;14&#8243; line_height=&#8220;120&#8243; font_weight=&#8220;400&#8243; letter_spacing=&#8220;0.5&#8243; margin_bottom=&#8220;0&#8243; font_family=&#8220;Montserrat&#8220; font_type=&#8220;google&#8220; align=&#8220;center&#8220; el_class=&#8220;white-text&#8220;]Sie ben\u00f6tigen zus\u00e4tzlich zu Ihrer Planung Unterst\u00fctzung bei der redaktionellen Erstellung Ihrer Texte?<br \/>\nUnsere Redaktion bietet professionelle Texterstellungen an:[\/mk_fancy_title][vc_btn title=&#8220;Mehr Infos&#8220; style=&#8220;flat&#8220; color=&#8220;white&#8220; align=&#8220;center&#8220; link=&#8220;url:https%3A%2F%2Fwww.lifepr.de%2Finfo%2Fredaktion%2F||target:%20_blank|&#8220; el_id=&#8220;cta-red&#8220;][vc_empty_space height=&#8220;30&#8243;][\/vc_column][\/vc_row]\n<\/div>","protected":false},"excerpt":{"rendered":"<p>[vc_row bg_type=&#8220;image&#8220; parallax_style=&#8220;vcpb-default&#8220; bg_image_new=&#8220;id^7266|url^https:\/\/www.lifepr.de\/info\/wp-content\/uploads\/2020\/01\/istock-474087800.jpg|caption^Office desk table with computer, supplies, flower and coffee cup. Top view with copy space|alt^null|title^Office desk table with computer, supplies, flower and coffee cup|description^null&#8220; bg_image_repeat=&#8220;no-repeat&#8220; bg_override=&#8220;ex-full&#8220; enable_overlay=&#8220;enable_overlay_value&#8220; overlay_color=&#8220;rgba(0,0,0,0.2)&#8220; seperator_enable=&#8220;seperator_enable_value&#8220; seperator_type=&#8220;tilt_left_seperator&#8220; seperator_position=&#8220;bottom_seperator&#8220; seperator_svg_height=&#8220;100&#8243; seperator_shape_background=&#8220;#ffffff&#8220; css=&#8220;.vc_custom_1580295463717{margin-top: -50px !important;}&#8220;][vc_column][vc_empty_space height=&#8220;240px&#8220; el_id=&#8220;teaser&#8220;][mk_fancy_title strip_tags=&#8220;&#8220; style=&#8220;&#8220; size=&#8220;&#8220; force_font_size=&#8220;&#8220; line_height=&#8220;&#8220; letter_spacing=&#8220;&#8220; margin_top=&#8220;&#8220; margin_bottom=&#8220;&#8220; font_family=&#8220;none&#8220; align=&#8220;center&#8220; drop_shadow=&#8220;&#8220;]Neu und kostenfrei f\u00fcr [&hellip;]<\/p>\n","protected":false},"author":6,"featured_media":0,"parent":0,"menu_order":0,"comment_status":"closed","ping_status":"closed","template":"","meta":{"footnotes":""},"folder":[],"class_list":["post-7936","page","type-page","status-publish","hentry"],"yoast_head":"<!-- This site is optimized with the Yoast SEO plugin v26.6 - https:\/\/yoast.com\/wordpress\/plugins\/seo\/ -->\n<title>Der Redaktionsplan - Inhalte ver\u00f6ffentlichen mit lifePR<\/title>\n<meta name=\"robots\" content=\"noindex, nofollow\" \/>\n<meta property=\"og:locale\" content=\"de_DE\" \/>\n<meta property=\"og:type\" content=\"article\" \/>\n<meta property=\"og:title\" content=\"Der Redaktionsplan - Inhalte ver\u00f6ffentlichen mit lifePR\" \/>\n<meta property=\"og:description\" content=\"[vc_row bg_type=&#8220;image&#8220; parallax_style=&#8220;vcpb-default&#8220; bg_image_new=&#8220;id^7266|url^https:\/\/www.lifepr.de\/info\/wp-content\/uploads\/2020\/01\/istock-474087800.jpg|caption^Office desk table with computer, supplies, flower and coffee cup. Top view with copy space|alt^null|title^Office desk table with computer, supplies, flower and coffee cup|description^null&#8220; bg_image_repeat=&#8220;no-repeat&#8220; bg_override=&#8220;ex-full&#8220; enable_overlay=&#8220;enable_overlay_value&#8220; overlay_color=&#8220;rgba(0,0,0,0.2)&#8220; seperator_enable=&#8220;seperator_enable_value&#8220; seperator_type=&#8220;tilt_left_seperator&#8220; seperator_position=&#8220;bottom_seperator&#8220; seperator_svg_height=&#8220;100&#8243; seperator_shape_background=&#8220;#ffffff&#8220; css=&#8220;.vc_custom_1580295463717{margin-top: -50px !important;}&#8220;][vc_column][vc_empty_space height=&#8220;240px&#8220; el_id=&#8220;teaser&#8220;][mk_fancy_title strip_tags=&#8220;&#8220; style=&#8220;&#8220; size=&#8220;&#8220; force_font_size=&#8220;&#8220; line_height=&#8220;&#8220; letter_spacing=&#8220;&#8220; margin_top=&#8220;&#8220; margin_bottom=&#8220;&#8220; font_family=&#8220;none&#8220; align=&#8220;center&#8220; drop_shadow=&#8220;&#8220;]Neu und kostenfrei f\u00fcr [&hellip;]\" \/>\n<meta property=\"og:url\" content=\"https:\/\/www.lifepr.de\/info\/redaktionsplan\/\" \/>\n<meta property=\"og:site_name\" content=\"Inhalte ver\u00f6ffentlichen mit lifePR\" \/>\n<meta property=\"article:modified_time\" content=\"2020-05-08T09:11:57+00:00\" \/>\n<meta name=\"twitter:card\" content=\"summary_large_image\" \/>\n<meta name=\"twitter:label1\" content=\"Gesch\u00e4tzte Lesezeit\" \/>\n\t<meta name=\"twitter:data1\" content=\"6\u00a0Minuten\" \/>\n<script type=\"application\/ld+json\" class=\"yoast-schema-graph\">{\"@context\":\"https:\/\/schema.org\",\"@graph\":[{\"@type\":\"WebPage\",\"@id\":\"https:\/\/www.lifepr.de\/info\/redaktionsplan\/\",\"url\":\"https:\/\/www.lifepr.de\/info\/redaktionsplan\/\",\"name\":\"Der Redaktionsplan - Inhalte ver\u00f6ffentlichen mit lifePR\",\"isPartOf\":{\"@id\":\"https:\/\/www.lifepr.de\/info\/#website\"},\"datePublished\":\"2020-05-07T09:34:31+00:00\",\"dateModified\":\"2020-05-08T09:11:57+00:00\",\"breadcrumb\":{\"@id\":\"https:\/\/www.lifepr.de\/info\/redaktionsplan\/#breadcrumb\"},\"inLanguage\":\"de\",\"potentialAction\":[{\"@type\":\"ReadAction\",\"target\":[\"https:\/\/www.lifepr.de\/info\/redaktionsplan\/\"]}]},{\"@type\":\"BreadcrumbList\",\"@id\":\"https:\/\/www.lifepr.de\/info\/redaktionsplan\/#breadcrumb\",\"itemListElement\":[{\"@type\":\"ListItem\",\"position\":1,\"name\":\"Startseite\",\"item\":\"https:\/\/www.lifepr.de\/info\/\"},{\"@type\":\"ListItem\",\"position\":2,\"name\":\"Der Redaktionsplan\"}]},{\"@type\":\"WebSite\",\"@id\":\"https:\/\/www.lifepr.de\/info\/#website\",\"url\":\"https:\/\/www.lifepr.de\/info\/\",\"name\":\"Inhalte ver\u00f6ffentlichen mit lifePR\",\"description\":\"Inhalte ver\u00f6ffentlichen - Inhalte verbreiten - Inhalte erstellen\",\"potentialAction\":[{\"@type\":\"SearchAction\",\"target\":{\"@type\":\"EntryPoint\",\"urlTemplate\":\"https:\/\/www.lifepr.de\/info\/?s={search_term_string}\"},\"query-input\":{\"@type\":\"PropertyValueSpecification\",\"valueRequired\":true,\"valueName\":\"search_term_string\"}}],\"inLanguage\":\"de\"}]}<\/script>\n<!-- \/ Yoast SEO plugin. -->","yoast_head_json":{"title":"Der Redaktionsplan - Inhalte ver\u00f6ffentlichen mit lifePR","robots":{"index":"noindex","follow":"nofollow"},"og_locale":"de_DE","og_type":"article","og_title":"Der Redaktionsplan - Inhalte ver\u00f6ffentlichen mit lifePR","og_description":"[vc_row bg_type=&#8220;image&#8220; parallax_style=&#8220;vcpb-default&#8220; bg_image_new=&#8220;id^7266|url^https:\/\/www.lifepr.de\/info\/wp-content\/uploads\/2020\/01\/istock-474087800.jpg|caption^Office desk table with computer, supplies, flower and coffee cup. Top view with copy space|alt^null|title^Office desk table with computer, supplies, flower and coffee cup|description^null&#8220; bg_image_repeat=&#8220;no-repeat&#8220; bg_override=&#8220;ex-full&#8220; enable_overlay=&#8220;enable_overlay_value&#8220; overlay_color=&#8220;rgba(0,0,0,0.2)&#8220; seperator_enable=&#8220;seperator_enable_value&#8220; seperator_type=&#8220;tilt_left_seperator&#8220; seperator_position=&#8220;bottom_seperator&#8220; seperator_svg_height=&#8220;100&#8243; seperator_shape_background=&#8220;#ffffff&#8220; css=&#8220;.vc_custom_1580295463717{margin-top: -50px !important;}&#8220;][vc_column][vc_empty_space height=&#8220;240px&#8220; el_id=&#8220;teaser&#8220;][mk_fancy_title strip_tags=&#8220;&#8220; style=&#8220;&#8220; size=&#8220;&#8220; force_font_size=&#8220;&#8220; line_height=&#8220;&#8220; letter_spacing=&#8220;&#8220; margin_top=&#8220;&#8220; margin_bottom=&#8220;&#8220; font_family=&#8220;none&#8220; align=&#8220;center&#8220; drop_shadow=&#8220;&#8220;]Neu und kostenfrei f\u00fcr [&hellip;]","og_url":"https:\/\/www.lifepr.de\/info\/redaktionsplan\/","og_site_name":"Inhalte ver\u00f6ffentlichen mit lifePR","article_modified_time":"2020-05-08T09:11:57+00:00","twitter_card":"summary_large_image","twitter_misc":{"Gesch\u00e4tzte Lesezeit":"6\u00a0Minuten"},"schema":{"@context":"https:\/\/schema.org","@graph":[{"@type":"WebPage","@id":"https:\/\/www.lifepr.de\/info\/redaktionsplan\/","url":"https:\/\/www.lifepr.de\/info\/redaktionsplan\/","name":"Der Redaktionsplan - Inhalte ver\u00f6ffentlichen mit lifePR","isPartOf":{"@id":"https:\/\/www.lifepr.de\/info\/#website"},"datePublished":"2020-05-07T09:34:31+00:00","dateModified":"2020-05-08T09:11:57+00:00","breadcrumb":{"@id":"https:\/\/www.lifepr.de\/info\/redaktionsplan\/#breadcrumb"},"inLanguage":"de","potentialAction":[{"@type":"ReadAction","target":["https:\/\/www.lifepr.de\/info\/redaktionsplan\/"]}]},{"@type":"BreadcrumbList","@id":"https:\/\/www.lifepr.de\/info\/redaktionsplan\/#breadcrumb","itemListElement":[{"@type":"ListItem","position":1,"name":"Startseite","item":"https:\/\/www.lifepr.de\/info\/"},{"@type":"ListItem","position":2,"name":"Der Redaktionsplan"}]},{"@type":"WebSite","@id":"https:\/\/www.lifepr.de\/info\/#website","url":"https:\/\/www.lifepr.de\/info\/","name":"Inhalte ver\u00f6ffentlichen mit lifePR","description":"Inhalte ver\u00f6ffentlichen - Inhalte verbreiten - Inhalte erstellen","potentialAction":[{"@type":"SearchAction","target":{"@type":"EntryPoint","urlTemplate":"https:\/\/www.lifepr.de\/info\/?s={search_term_string}"},"query-input":{"@type":"PropertyValueSpecification","valueRequired":true,"valueName":"search_term_string"}}],"inLanguage":"de"}]}},"_links":{"self":[{"href":"https:\/\/www.lifepr.de\/info\/wp-json\/wp\/v2\/pages\/7936","targetHints":{"allow":["GET"]}}],"collection":[{"href":"https:\/\/www.lifepr.de\/info\/wp-json\/wp\/v2\/pages"}],"about":[{"href":"https:\/\/www.lifepr.de\/info\/wp-json\/wp\/v2\/types\/page"}],"author":[{"embeddable":true,"href":"https:\/\/www.lifepr.de\/info\/wp-json\/wp\/v2\/users\/6"}],"replies":[{"embeddable":true,"href":"https:\/\/www.lifepr.de\/info\/wp-json\/wp\/v2\/comments?post=7936"}],"version-history":[{"count":0,"href":"https:\/\/www.lifepr.de\/info\/wp-json\/wp\/v2\/pages\/7936\/revisions"}],"wp:attachment":[{"href":"https:\/\/www.lifepr.de\/info\/wp-json\/wp\/v2\/media?parent=7936"}],"wp:term":[{"taxonomy":"folder","embeddable":true,"href":"https:\/\/www.lifepr.de\/info\/wp-json\/wp\/v2\/folder?post=7936"}],"curies":[{"name":"wp","href":"https:\/\/api.w.org\/{rel}","templated":true}]}}