{"id":7367,"date":"2020-02-17T08:27:46","date_gmt":"2020-02-17T07:27:46","guid":{"rendered":"https:\/\/www.lifepr.de\/info\/?page_id=7367"},"modified":"2023-10-18T12:43:23","modified_gmt":"2023-10-18T10:43:23","slug":"reporting","status":"publish","type":"page","link":"https:\/\/www.lifepr.de\/info\/produkt\/reporting\/","title":{"rendered":"Reporting"},"content":{"rendered":"<div class=\"wpb-content-wrapper\">[vc_row bg_type=&#8220;image&#8220; parallax_style=&#8220;vcpb-default&#8220; bg_image_new=&#8220;id^7266|url^https:\/\/www.lifepr.de\/info\/wp-content\/uploads\/2020\/01\/istock-474087800.jpg|caption^Office desk table with computer, supplies, flower and coffee cup. Top view with copy space|alt^null|title^Office desk table with computer, supplies, flower and coffee cup|description^null&#8220; bg_image_repeat=&#8220;no-repeat&#8220; bg_override=&#8220;ex-full&#8220; enable_overlay=&#8220;enable_overlay_value&#8220; overlay_color=&#8220;rgba(0,0,0,0.2)&#8220; seperator_enable=&#8220;seperator_enable_value&#8220; seperator_type=&#8220;tilt_left_seperator&#8220; seperator_position=&#8220;bottom_seperator&#8220; seperator_svg_height=&#8220;100&#8243; seperator_shape_background=&#8220;#ffffff&#8220; css=&#8220;.vc_custom_1580295463717{margin-top: -50px !important;}&#8220;][vc_column][vc_empty_space height=&#8220;240px&#8220; el_id=&#8220;teaser&#8220;][mk_fancy_title tag_name=&#8220;span&#8220; color=&#8220;#000000&#8243; size=&#8220;30&#8243; force_font_size=&#8220;true&#8220; size_smallscreen=&#8220;30&#8243; size_tablet=&#8220;25&#8243; size_phone=&#8220;20&#8243; line_height=&#8220;120&#8243; font_weight=&#8220;400&#8243; font_style=&#8220;normal&#8220; margin_bottom=&#8220;0&#8243; font_family=&#8220;Montserrat&#8220; font_type=&#8220;google&#8220; align=&#8220;center&#8220; el_class=&#8220;black-header&#8220;]Alle Ver\u00f6ffentlichungen im Blick dank Erfolgsauswertung[\/mk_fancy_title][mk_fancy_title tag_name=&#8220;h1&#8243; color=&#8220;#000000&#8243; size=&#8220;60&#8243; force_font_size=&#8220;true&#8220; size_smallscreen=&#8220;60&#8243; size_tablet=&#8220;45&#8243; size_phone=&#8220;35&#8243; line_height=&#8220;120&#8243; font_weight=&#8220;bold&#8220; font_style=&#8220;normal&#8220; txt_transform=&#8220;uppercase&#8220; letter_spacing=&#8220;0.5&#8243; font_family=&#8220;Montserrat&#8220; font_type=&#8220;google&#8220; align=&#8220;center&#8220; el_class=&#8220;black-header&#8220;]Das lifePR-<strong>Reporting<\/strong>[\/mk_fancy_title][vc_empty_space height=&#8220;150px&#8220; el_id=&#8220;teaser&#8220;][\/vc_column][\/vc_row][vc_row][vc_column css=&#8220;.vc_custom_1581414190439{padding-top: 60px !important;padding-bottom: 40px !important;}&#8220;][mk_fancy_title tag_name=&#8220;h3&#8243; color=&#8220;#000000&#8243; size=&#8220;30&#8243; force_font_size=&#8220;true&#8220; size_smallscreen=&#8220;30&#8243; size_tablet=&#8220;20&#8243; size_phone=&#8220;20&#8243; line_height=&#8220;120&#8243; font_weight=&#8220;500&#8243; letter_spacing=&#8220;0.5&#8243; margin_bottom=&#8220;0&#8243; font_family=&#8220;Montserrat&#8220; font_type=&#8220;google&#8220; align=&#8220;center&#8220; el_class=&#8220;black-header&#8220;]Integriert in jede lifePR-L\u00f6sung: Die Erfolgsauswertung[\/mk_fancy_title][mk_fancy_title tag_name=&#8220;span&#8220; color=&#8220;#444444&#8243; size=&#8220;18&#8243; force_font_size=&#8220;true&#8220; size_smallscreen=&#8220;18&#8243; size_tablet=&#8220;16&#8243; size_phone=&#8220;14&#8243; line_height=&#8220;150&#8243; font_weight=&#8220;400&#8243; txt_transform=&#8220;none&#8220; margin_bottom=&#8220;60&#8243; font_family=&#8220;Open+Sans&#8220; font_type=&#8220;google&#8220; align=&#8220;center&#8220; el_class=&#8220;black-text&#8220;]Im Login-Bereich der lifePR, der MyBox, erhalten Sie eine statistische \u00dcbersicht zu allen Ihren Ver\u00f6ffentlichungen sowie eine Meldungsstatistik zu jeder einzelnen Ver\u00f6ffentlichung.[\/mk_fancy_title][vc_row_inner][vc_column_inner width=&#8220;1\/2&#8243;][vc_single_image image=&#8220;7389&#8243; img_size=&#8220;309&#215;841&#8243; alignment=&#8220;center&#8220;][\/vc_column_inner][vc_column_inner width=&#8220;1\/2&#8243;][mk_icon_box icon=&#8220;mk-li-view&#8220; title=&#8220;Gesamtzugriffe auf Ihre Inhalte&#8220; text_size=&#8220;20&#8243; font_weight=&#8220;600&#8243; icon_size=&#8220;medium&#8220; icon_circle_color=&#8220;&#8220; title_color=&#8220;#444444&#8243; txt_color=&#8220;#444444&#8243;]\u00dcber die Anzahl der Zugriffe erfahren Sie genau, wie viele Personen Ihre Story bereits gelesen haben. Au\u00dferdem werden Sie informiert, wie viele der Zugriffe \u00fcber Journalist:innen und Fachinteressierte oder \u00fcber zus\u00e4tzliche Besucher:innen erfolgt sind.[\/mk_icon_box][mk_icon_box icon=&#8220;mk-li-web&#8220; title=&#8220;Online-Portale&#8220; text_size=&#8220;20&#8243; font_weight=&#8220;600&#8243; icon_size=&#8220;medium&#8220; icon_circle_color=&#8220;&#8220; title_color=&#8220;#444444&#8243; txt_color=&#8220;#444444&#8243;]Pr\u00fcfen Sie, auf welchen Online-Portalen Ihre Story zus\u00e4tzlich zur Ver\u00f6ffentlichung auf der lifePR ver\u00f6ffentlicht wurde.[\/mk_icon_box][mk_icon_box icon=&#8220;mk-li-monitor&#8220; title=&#8220;Medien-Portale&#8220; text_size=&#8220;20&#8243; font_weight=&#8220;600&#8243; icon_size=&#8220;medium&#8220; icon_circle_color=&#8220;&#8220; title_color=&#8220;#444444&#8243; txt_color=&#8220;#444444&#8243;]Hier erhalten Sie neben der Auskunft der Anzahl der Medien auch die Auflistung aller Medien &amp; Verlage, an die Ihre Story \u00fcber unsere Fachverteiler geschickt wurde.[\/mk_icon_box][mk_icon_box icon=&#8220;mk-li-graph&#8220; title=&#8220;Trend- &amp; Vergleichswerte&#8220; text_size=&#8220;20&#8243; font_weight=&#8220;600&#8243; icon_size=&#8220;medium&#8220; icon_circle_color=&#8220;&#8220; title_color=&#8220;#444444&#8243; txt_color=&#8220;#444444&#8243;]Erfahren Sie, wie Ihre Story im Vergleich zum Tagesdurchschnitt (Marktvergleich), Ihrer Branche (Kategorievergleich) oder den Inhalten eines direkten Konkurrenten abschneiden.[\/mk_icon_box][mk_icon_box icon=&#8220;mk-li-clip&#8220; title=&#8220;PDF-Download&#8220; text_size=&#8220;20&#8243; font_weight=&#8220;600&#8243; icon_size=&#8220;medium&#8220; icon_circle_color=&#8220;&#8220; title_color=&#8220;#444444&#8243; txt_color=&#8220;#444444&#8243;]Erg\u00e4nzend haben Sie zu Zwecken der Dokumentation und Pr\u00e4sentation Ihrer PR-Erfolge nat\u00fcrlich auch die M\u00f6glichkeit diese Auswertung als PDF herunterzuladen.[\/mk_icon_box][vc_btn title=&#8220;Beispiel Report ansehen&#8220; style=&#8220;flat&#8220; color=&#8220;primary&#8220; align=&#8220;left&#8220; i_icon_fontawesome=&#8220;far fa-eye&#8220; add_icon=&#8220;true&#8220; link=&#8220;url:http%3A%2F%2Fcdn.lifepr.de%2Ff%2F44afb720b33569e4%2Fupload%2F2023%2F10%2FlifePR_Erfolgsauswertung.pdf|target:_blank&#8220; el_id=&#8220;cta-red&#8220;][\/vc_column_inner][\/vc_row_inner][\/vc_column][\/vc_row][vc_row bg_type=&#8220;grad&#8220; bg_override=&#8220;ex-full&#8220; bg_grad=&#8220;background: url(data:image\/svg+xml;base64,PHN2ZyB4bWxucz0iaHR0cDovL3d3dy53My5vcmcvMjAwMC9zdmciPjxkZWZzPjxsaW5lYXJHcmFkaWVudCBpZD0iZ3JhZGllbnQiIHgxPSIwJSIgeTE9IjAlIiB4Mj0iMCUiIHkyPSIxMDAlIj48c3RvcCBvZmZzZXQ9IjAlIiBzdHlsZT0ic3RvcC1jb2xvcjojRjVGNUY1OyIgLz48c3RvcCBvZmZzZXQ9IjEwMCUiIHN0eWxlPSJzdG9wLWNvbG9yOiNGRkZGRkY7IiAvPjwvbGluZWFyR3JhZGllbnQ+PC9kZWZzPjxyZWN0IGZpbGw9InVybCgjZ3JhZGllbnQpIiBoZWlnaHQ9IjEwMCUiIHdpZHRoPSIxMDAlIiAvPjwvc3ZnPg==);background: -webkit-gradient(linear, left top, left bottom, color-stop(0%, #F5F5F5), color-stop(100%, #FFFFFF));background: -moz-linear-gradient(215deg,#F5F5F5 0%,#FFFFFF 100%);background: -webkit-linear-gradient(215deg,#F5F5F5 0%,#FFFFFF 100%);background: -o-linear-gradient(215deg,#F5F5F5 0%,#FFFFFF 100%);background: -ms-linear-gradient(215deg,#F5F5F5 0%,#FFFFFF 100%);background: linear-gradient(215deg,#F5F5F5 0%,#FFFFFF 100%);&#8220;][vc_column css=&#8220;.vc_custom_1581414177607{padding-top: 60px !important;padding-bottom: 40px !important;}&#8220;][mk_fancy_title tag_name=&#8220;h3&#8243; color=&#8220;#000000&#8243; size=&#8220;30&#8243; force_font_size=&#8220;true&#8220; size_smallscreen=&#8220;30&#8243; size_tablet=&#8220;20&#8243; size_phone=&#8220;20&#8243; line_height=&#8220;120&#8243; font_weight=&#8220;500&#8243; letter_spacing=&#8220;0.5&#8243; margin_bottom=&#8220;0&#8243; font_family=&#8220;Montserrat&#8220; font_type=&#8220;google&#8220; align=&#8220;center&#8220; el_class=&#8220;black-header&#8220;]Top informiert dank der Meldungsstatistik[\/mk_fancy_title][mk_fancy_title tag_name=&#8220;span&#8220; color=&#8220;#444444&#8243; size=&#8220;18&#8243; force_font_size=&#8220;true&#8220; size_smallscreen=&#8220;18&#8243; size_tablet=&#8220;16&#8243; size_phone=&#8220;14&#8243; line_height=&#8220;150&#8243; font_weight=&#8220;400&#8243; txt_transform=&#8220;none&#8220; margin_bottom=&#8220;60&#8243; font_family=&#8220;Open+Sans&#8220; font_type=&#8220;google&#8220; align=&#8220;center&#8220; el_class=&#8220;black-text&#8220;]Anhand der detaillierten Meldungsstatistik, die in Echtzeit zur Verf\u00fcgung steht, behalten Sie den \u00dcberblick \u00fcber:[\/mk_fancy_title][vc_row_inner][vc_column_inner width=&#8220;1\/3&#8243;][mk_icon_box icon=&#8220;mk-li-rocket&#8220; title=&#8220;Ihre Reichweite&#8220; text_size=&#8220;20&#8243; font_weight=&#8220;600&#8243; style=&#8220;simple_ultimate&#8220; icon_size=&#8220;medium&#8220; icon_location=&#8220;top&#8220; title_color=&#8220;#444444&#8243; txt_color=&#8220;#444444&#8243;]Sie sehen, wie Ihre Story verbreitet wurde.\u00a0 Egal ob per E-Mail-Versand oder als Online-Ver\u00f6ffentlichung \u00fcber verschiedene Partnerportale der lifePR.[\/mk_icon_box][\/vc_column_inner][vc_column_inner width=&#8220;1\/3&#8243;][mk_icon_box icon=&#8220;mk-li-star&#8220; title=&#8220;Ihre PR-Erfolge&#8220; text_size=&#8220;20&#8243; font_weight=&#8220;600&#8243; style=&#8220;simple_ultimate&#8220; icon_size=&#8220;medium&#8220; icon_location=&#8220;top&#8220; title_color=&#8220;#444444&#8243; txt_color=&#8220;#444444&#8243;]Sie haben Ihre PR-Kampagnen stets im Blick und k\u00f6nnen Ergebnisse und daraus resultierende Schluss\u00adfolgerungen gleich zur Optimierung zuk\u00fcnftiger Kampagnen nutzen.[\/mk_icon_box][\/vc_column_inner][vc_column_inner width=&#8220;1\/3&#8243;][mk_icon_box icon=&#8220;mk-li-users&#8220; title=&#8220;Ihre Konkurrenz&#8220; text_size=&#8220;20&#8243; font_weight=&#8220;600&#8243; style=&#8220;simple_ultimate&#8220; icon_size=&#8220;medium&#8220; icon_location=&#8220;top&#8220; title_color=&#8220;#444444&#8243; txt_color=&#8220;#444444&#8243;]Sie k\u00f6nnen jederzeit pr\u00fcfen, wie sich Ihre Story im Vergleich zu denen Ihrer Konkurrenz verhalten.[\/mk_icon_box][\/vc_column_inner][\/vc_row_inner][\/vc_column][\/vc_row][vc_row][vc_column css=&#8220;.vc_custom_1581414218511{padding-top: 60px !important;padding-bottom: 40px !important;}&#8220;][mk_fancy_title tag_name=&#8220;h3&#8243; color=&#8220;#000000&#8243; size=&#8220;30&#8243; force_font_size=&#8220;true&#8220; size_smallscreen=&#8220;30&#8243; size_tablet=&#8220;20&#8243; size_phone=&#8220;20&#8243; line_height=&#8220;120&#8243; font_weight=&#8220;500&#8243; letter_spacing=&#8220;0.5&#8243; margin_bottom=&#8220;0&#8243; font_family=&#8220;Montserrat&#8220; font_type=&#8220;google&#8220; align=&#8220;center&#8220; el_class=&#8220;black-header&#8220;]Zus\u00e4tzliche Auswertungs\u00adm\u00f6glichkeiten[\/mk_fancy_title][mk_fancy_title tag_name=&#8220;span&#8220; color=&#8220;#444444&#8243; size=&#8220;18&#8243; force_font_size=&#8220;true&#8220; size_smallscreen=&#8220;18&#8243; size_tablet=&#8220;16&#8243; size_phone=&#8220;14&#8243; line_height=&#8220;150&#8243; font_weight=&#8220;400&#8243; txt_transform=&#8220;none&#8220; margin_bottom=&#8220;60&#8243; font_family=&#8220;Open+Sans&#8220; font_type=&#8220;google&#8220; align=&#8220;center&#8220; el_class=&#8220;black-text&#8220;]Bleiben Sie stets auf dem Laufenden zu allen Online-Ver\u00f6ffentlichungen, die zu Ihren Themen erfolgen![\/mk_fancy_title][vc_row_inner][vc_column_inner width=&#8220;1\/6&#8243;][\/vc_column_inner][vc_column_inner width=&#8220;1\/3&#8243;][mk_icon_box2 icon_type=&#8220;image&#8220; icon_size=&#8220;inherit&#8220; icon_image=&#8220;https:\/\/www.pressebox.de\/info\/wp-content\/uploads\/2018\/11\/media-report-1.png&#8220; title=&#8220;Media Report&#8220; title_color=&#8220;#444444&#8243; title_top_padding=&#8220;30&#8243; description_color=&#8220;#444444&#8243;]Eine t\u00e4gliche Zusammenfassung in Form eines Pressespiegels informiert Sie zuverl\u00e4ssig und automatisch \u00fcber alle Ver\u00f6ffentlichungen zu Ihrem Unternehmen.[\/mk_icon_box2][\/vc_column_inner][vc_column_inner width=&#8220;1\/3&#8243;][mk_icon_box2 icon_type=&#8220;image&#8220; icon_size=&#8220;inherit&#8220; icon_image=&#8220;https:\/\/www.pressebox.de\/info\/wp-content\/uploads\/2018\/10\/monitoring-1.png&#8220; title=&#8220;Monitoring&#8220; title_color=&#8220;#444444&#8243; title_top_padding=&#8220;30&#8243; description_color=&#8220;#444444&#8243;]\u00dcber die professionelle Online-Medienbeobachtung haben Sie stets aktuelle Einblicke \u00fcber alle Ver\u00f6ffentlichungen zu Ihrem Unternehmen, Ihren Produkten, Ihrer Zielgruppe und Ihrer Konkurrenz.[\/mk_icon_box2][\/vc_column_inner][vc_column_inner width=&#8220;1\/6&#8243;][\/vc_column_inner][\/vc_row_inner][vc_row_inner][vc_column_inner width=&#8220;1\/6&#8243;][\/vc_column_inner][vc_column_inner width=&#8220;1\/3&#8243;][vc_btn title=&#8220;Mehr erfahren&#8220; style=&#8220;flat&#8220; color=&#8220;primary&#8220; size=&#8220;sm&#8220; align=&#8220;center&#8220; el_id=&#8220;cta-red&#8220; link=&#8220;url:https%3A%2F%2Fwww.lifepr.de%2Finfo%2Fmedia-report%2F|||&#8220;][\/vc_column_inner][vc_column_inner width=&#8220;1\/3&#8243;][vc_btn title=&#8220;Mehr erfahren&#8220; style=&#8220;flat&#8220; color=&#8220;primary&#8220; size=&#8220;sm&#8220; align=&#8220;center&#8220; link=&#8220;url:https%3A%2F%2Fwww.lifepr.de%2Finfo%2Fmonitoring%2F|||&#8220; el_id=&#8220;cta-red&#8220;][\/vc_column_inner][vc_column_inner width=&#8220;1\/6&#8243;][\/vc_column_inner][\/vc_row_inner][\/vc_column][\/vc_row][vc_row bg_type=&#8220;grad&#8220; bg_override=&#8220;ex-full&#8220; bg_grad=&#8220;background: -webkit-gradient(linear, left top, left bottom, color-stop(0%, #F5F5F5), color-stop(100%, #FFFFFF));background: -moz-linear-gradient(45deg,#F5F5F5 0%,#FFFFFF 100%);background: -webkit-linear-gradient(45deg,#F5F5F5 0%,#FFFFFF 100%);background: -o-linear-gradient(45deg,#F5F5F5 0%,#FFFFFF 100%);background: -ms-linear-gradient(45deg,#F5F5F5 0%,#FFFFFF 100%);background: linear-gradient(45deg,#F5F5F5 0%,#FFFFFF 100%);&#8220; css=&#8220;.vc_custom_1581414249647{padding-top: 60px !important;padding-bottom: 40px !important;}&#8220;][vc_column width=&#8220;1\/6&#8243; css=&#8220;.vc_custom_1535026941468{padding-top: 60px !important;padding-bottom: 40px !important;}&#8220;][\/vc_column][vc_column width=&#8220;2\/3&#8243;][mk_fancy_title tag_name=&#8220;h3&#8243; color=&#8220;#000000&#8243; size=&#8220;30&#8243; force_font_size=&#8220;true&#8220; size_smallscreen=&#8220;30&#8243; size_tablet=&#8220;20&#8243; size_phone=&#8220;20&#8243; line_height=&#8220;120&#8243; font_weight=&#8220;500&#8243; letter_spacing=&#8220;0.5&#8243; margin_bottom=&#8220;0&#8243; font_family=&#8220;Montserrat&#8220; font_type=&#8220;google&#8220; align=&#8220;center&#8220; el_class=&#8220;black-header&#8220;]Sie haben Fragen zum Reporting?[\/mk_fancy_title][mk_fancy_title tag_name=&#8220;span&#8220; color=&#8220;#444444&#8243; size=&#8220;18&#8243; force_font_size=&#8220;true&#8220; size_smallscreen=&#8220;18&#8243; size_tablet=&#8220;16&#8243; size_phone=&#8220;14&#8243; line_height=&#8220;150&#8243; font_weight=&#8220;400&#8243; txt_transform=&#8220;none&#8220; font_family=&#8220;Open+Sans&#8220; font_type=&#8220;google&#8220; align=&#8220;center&#8220; el_class=&#8220;black-text&#8220;]Wir beraten Sie gerne ausf\u00fchrlich zum Produkt und freuen uns dazu \u00fcber Ihre Kontaktaufnahme per Telefon unter\u00a0<a href=\"tel:004972198779319\">+49 721 98 77 93 19<\/a>\u00a0oder \u00fcber das Kontaktformular.[\/mk_fancy_title][vc_raw_js]JTNDc2NyaXB0JTNFJTBBJTIwJTIwJTIwJTIwJTIwJTIwJTIwJTIwalF1ZXJ5JTI4ZG9jdW1lbnQlMjkucmVhZHklMjhmdW5jdGlvbiUyMCUyOCUyOSUyMCU3QiUwQSUyMCUyMCUyMCUyMCUyMCUyMCUyMCUyMCUyMCUyMCUyMCUyMGpRdWVyeSUyOCUyMmRpdiUyMHNlbGVjdCUyM2lucHV0XzEwXzEwJTIyJTI5LnZhbCUyOCUyMnJlcG9ydGluZyUyMiUyOSUzQiUwQSUyMCUyMCUyMCUyMCUyMCUyMCUyMCUyMCU3RCUyOSUzQiUwQSUzQyUyRnNjcmlwdCUzRQ==[\/vc_raw_js][\/vc_column][vc_column width=&#8220;1\/6&#8243;][\/vc_column][\/vc_row]\n<\/div>","protected":false},"excerpt":{"rendered":"<p>[vc_row bg_type=&#8220;image&#8220; parallax_style=&#8220;vcpb-default&#8220; bg_image_new=&#8220;id^7266|url^https:\/\/www.lifepr.de\/info\/wp-content\/uploads\/2020\/01\/istock-474087800.jpg|caption^Office desk table with computer, supplies, flower and coffee cup. Top view with copy space|alt^null|title^Office desk table with computer, supplies, flower and coffee cup|description^null&#8220; bg_image_repeat=&#8220;no-repeat&#8220; bg_override=&#8220;ex-full&#8220; enable_overlay=&#8220;enable_overlay_value&#8220; overlay_color=&#8220;rgba(0,0,0,0.2)&#8220; seperator_enable=&#8220;seperator_enable_value&#8220; seperator_type=&#8220;tilt_left_seperator&#8220; seperator_position=&#8220;bottom_seperator&#8220; seperator_svg_height=&#8220;100&#8243; seperator_shape_background=&#8220;#ffffff&#8220; css=&#8220;.vc_custom_1580295463717{margin-top: -50px !important;}&#8220;][vc_column][vc_empty_space height=&#8220;240px&#8220; el_id=&#8220;teaser&#8220;][mk_fancy_title tag_name=&#8220;span&#8220; color=&#8220;#000000&#8243; size=&#8220;30&#8243; force_font_size=&#8220;true&#8220; size_smallscreen=&#8220;30&#8243; size_tablet=&#8220;25&#8243; size_phone=&#8220;20&#8243; line_height=&#8220;120&#8243; font_weight=&#8220;400&#8243; font_style=&#8220;normal&#8220; margin_bottom=&#8220;0&#8243; font_family=&#8220;Montserrat&#8220; font_type=&#8220;google&#8220; align=&#8220;center&#8220; [&hellip;]<\/p>\n","protected":false},"author":6,"featured_media":0,"parent":7404,"menu_order":0,"comment_status":"closed","ping_status":"closed","template":"","meta":{"footnotes":""},"folder":[],"class_list":["post-7367","page","type-page","status-publish","hentry"],"yoast_head":"<!-- This site is optimized with the Yoast SEO plugin v26.6 - https:\/\/yoast.com\/wordpress\/plugins\/seo\/ -->\n<title>Reporting - Erfolgsauswertung integriert in jede lifePR-L\u00f6sung<\/title>\n<meta name=\"description\" content=\"Die Auswertung Ihrer Pressemitteilung hilft Ihnen, Tendenzen zu erkennen, Erfolge oder Misserfolge aufzudecken und zu vergleichen.\" \/>\n<meta name=\"robots\" content=\"index, follow, max-snippet:-1, max-image-preview:large, max-video-preview:-1\" \/>\n<link rel=\"canonical\" href=\"https:\/\/www.lifepr.de\/info\/produkt\/reporting\/\" \/>\n<meta property=\"og:locale\" content=\"de_DE\" \/>\n<meta property=\"og:type\" content=\"article\" \/>\n<meta property=\"og:title\" content=\"Reporting - Erfolgsauswertung integriert in jede lifePR-L\u00f6sung\" \/>\n<meta property=\"og:description\" content=\"Die Auswertung Ihrer Pressemitteilung hilft Ihnen, Tendenzen zu erkennen, Erfolge oder Misserfolge aufzudecken und zu vergleichen.\" \/>\n<meta property=\"og:url\" content=\"https:\/\/www.lifepr.de\/info\/produkt\/reporting\/\" \/>\n<meta property=\"og:site_name\" content=\"Inhalte ver\u00f6ffentlichen mit lifePR\" \/>\n<meta property=\"article:modified_time\" content=\"2023-10-18T10:43:23+00:00\" \/>\n<meta name=\"twitter:card\" content=\"summary_large_image\" \/>\n<meta name=\"twitter:label1\" content=\"Gesch\u00e4tzte Lesezeit\" \/>\n\t<meta name=\"twitter:data1\" content=\"4\u00a0Minuten\" \/>\n<script type=\"application\/ld+json\" class=\"yoast-schema-graph\">{\"@context\":\"https:\/\/schema.org\",\"@graph\":[{\"@type\":\"WebPage\",\"@id\":\"https:\/\/www.lifepr.de\/info\/produkt\/reporting\/\",\"url\":\"https:\/\/www.lifepr.de\/info\/produkt\/reporting\/\",\"name\":\"Reporting - Erfolgsauswertung integriert in jede lifePR-L\u00f6sung\",\"isPartOf\":{\"@id\":\"https:\/\/www.lifepr.de\/info\/#website\"},\"datePublished\":\"2020-02-17T07:27:46+00:00\",\"dateModified\":\"2023-10-18T10:43:23+00:00\",\"description\":\"Die Auswertung Ihrer Pressemitteilung hilft Ihnen, Tendenzen zu erkennen, Erfolge oder Misserfolge aufzudecken und zu vergleichen.\",\"breadcrumb\":{\"@id\":\"https:\/\/www.lifepr.de\/info\/produkt\/reporting\/#breadcrumb\"},\"inLanguage\":\"de\",\"potentialAction\":[{\"@type\":\"ReadAction\",\"target\":[\"https:\/\/www.lifepr.de\/info\/produkt\/reporting\/\"]}]},{\"@type\":\"BreadcrumbList\",\"@id\":\"https:\/\/www.lifepr.de\/info\/produkt\/reporting\/#breadcrumb\",\"itemListElement\":[{\"@type\":\"ListItem\",\"position\":1,\"name\":\"Startseite\",\"item\":\"https:\/\/www.lifepr.de\/info\/\"},{\"@type\":\"ListItem\",\"position\":2,\"name\":\"Produkt\",\"item\":\"https:\/\/www.lifepr.de\/info\/produkt\/\"},{\"@type\":\"ListItem\",\"position\":3,\"name\":\"Reporting\"}]},{\"@type\":\"WebSite\",\"@id\":\"https:\/\/www.lifepr.de\/info\/#website\",\"url\":\"https:\/\/www.lifepr.de\/info\/\",\"name\":\"Inhalte ver\u00f6ffentlichen mit lifePR\",\"description\":\"Inhalte ver\u00f6ffentlichen - Inhalte verbreiten - Inhalte erstellen\",\"potentialAction\":[{\"@type\":\"SearchAction\",\"target\":{\"@type\":\"EntryPoint\",\"urlTemplate\":\"https:\/\/www.lifepr.de\/info\/?s={search_term_string}\"},\"query-input\":{\"@type\":\"PropertyValueSpecification\",\"valueRequired\":true,\"valueName\":\"search_term_string\"}}],\"inLanguage\":\"de\"}]}<\/script>\n<!-- \/ Yoast SEO plugin. -->","yoast_head_json":{"title":"Reporting - Erfolgsauswertung integriert in jede lifePR-L\u00f6sung","description":"Die Auswertung Ihrer Pressemitteilung hilft Ihnen, Tendenzen zu erkennen, Erfolge oder Misserfolge aufzudecken und zu vergleichen.","robots":{"index":"index","follow":"follow","max-snippet":"max-snippet:-1","max-image-preview":"max-image-preview:large","max-video-preview":"max-video-preview:-1"},"canonical":"https:\/\/www.lifepr.de\/info\/produkt\/reporting\/","og_locale":"de_DE","og_type":"article","og_title":"Reporting - Erfolgsauswertung integriert in jede lifePR-L\u00f6sung","og_description":"Die Auswertung Ihrer Pressemitteilung hilft Ihnen, Tendenzen zu erkennen, Erfolge oder Misserfolge aufzudecken und zu vergleichen.","og_url":"https:\/\/www.lifepr.de\/info\/produkt\/reporting\/","og_site_name":"Inhalte ver\u00f6ffentlichen mit lifePR","article_modified_time":"2023-10-18T10:43:23+00:00","twitter_card":"summary_large_image","twitter_misc":{"Gesch\u00e4tzte Lesezeit":"4\u00a0Minuten"},"schema":{"@context":"https:\/\/schema.org","@graph":[{"@type":"WebPage","@id":"https:\/\/www.lifepr.de\/info\/produkt\/reporting\/","url":"https:\/\/www.lifepr.de\/info\/produkt\/reporting\/","name":"Reporting - Erfolgsauswertung integriert in jede lifePR-L\u00f6sung","isPartOf":{"@id":"https:\/\/www.lifepr.de\/info\/#website"},"datePublished":"2020-02-17T07:27:46+00:00","dateModified":"2023-10-18T10:43:23+00:00","description":"Die Auswertung Ihrer Pressemitteilung hilft Ihnen, Tendenzen zu erkennen, Erfolge oder Misserfolge aufzudecken und zu vergleichen.","breadcrumb":{"@id":"https:\/\/www.lifepr.de\/info\/produkt\/reporting\/#breadcrumb"},"inLanguage":"de","potentialAction":[{"@type":"ReadAction","target":["https:\/\/www.lifepr.de\/info\/produkt\/reporting\/"]}]},{"@type":"BreadcrumbList","@id":"https:\/\/www.lifepr.de\/info\/produkt\/reporting\/#breadcrumb","itemListElement":[{"@type":"ListItem","position":1,"name":"Startseite","item":"https:\/\/www.lifepr.de\/info\/"},{"@type":"ListItem","position":2,"name":"Produkt","item":"https:\/\/www.lifepr.de\/info\/produkt\/"},{"@type":"ListItem","position":3,"name":"Reporting"}]},{"@type":"WebSite","@id":"https:\/\/www.lifepr.de\/info\/#website","url":"https:\/\/www.lifepr.de\/info\/","name":"Inhalte ver\u00f6ffentlichen mit lifePR","description":"Inhalte ver\u00f6ffentlichen - Inhalte verbreiten - Inhalte erstellen","potentialAction":[{"@type":"SearchAction","target":{"@type":"EntryPoint","urlTemplate":"https:\/\/www.lifepr.de\/info\/?s={search_term_string}"},"query-input":{"@type":"PropertyValueSpecification","valueRequired":true,"valueName":"search_term_string"}}],"inLanguage":"de"}]}},"_links":{"self":[{"href":"https:\/\/www.lifepr.de\/info\/wp-json\/wp\/v2\/pages\/7367","targetHints":{"allow":["GET"]}}],"collection":[{"href":"https:\/\/www.lifepr.de\/info\/wp-json\/wp\/v2\/pages"}],"about":[{"href":"https:\/\/www.lifepr.de\/info\/wp-json\/wp\/v2\/types\/page"}],"author":[{"embeddable":true,"href":"https:\/\/www.lifepr.de\/info\/wp-json\/wp\/v2\/users\/6"}],"replies":[{"embeddable":true,"href":"https:\/\/www.lifepr.de\/info\/wp-json\/wp\/v2\/comments?post=7367"}],"version-history":[{"count":6,"href":"https:\/\/www.lifepr.de\/info\/wp-json\/wp\/v2\/pages\/7367\/revisions"}],"predecessor-version":[{"id":37079,"href":"https:\/\/www.lifepr.de\/info\/wp-json\/wp\/v2\/pages\/7367\/revisions\/37079"}],"up":[{"embeddable":true,"href":"https:\/\/www.lifepr.de\/info\/wp-json\/wp\/v2\/pages\/7404"}],"wp:attachment":[{"href":"https:\/\/www.lifepr.de\/info\/wp-json\/wp\/v2\/media?parent=7367"}],"wp:term":[{"taxonomy":"folder","embeddable":true,"href":"https:\/\/www.lifepr.de\/info\/wp-json\/wp\/v2\/folder?post=7367"}],"curies":[{"name":"wp","href":"https:\/\/api.w.org\/{rel}","templated":true}]}}