{"id":6221,"date":"2020-02-11T15:22:18","date_gmt":"2020-02-11T14:22:18","guid":{"rendered":"https:\/\/www.lifepr.de\/info\/?page_id=6221"},"modified":"2023-09-06T12:50:47","modified_gmt":"2023-09-06T10:50:47","slug":"journalist","status":"publish","type":"page","link":"https:\/\/www.lifepr.de\/info\/loesungen\/journalist\/","title":{"rendered":"F\u00fcr Journalist:innen"},"content":{"rendered":"<div class=\"wpb-content-wrapper\">[vc_row bg_type=&#8220;image&#8220; parallax_style=&#8220;vcpb-default&#8220; bg_image_new=&#8220;id^7266|url^https:\/\/www.lifepr.de\/info\/wp-content\/uploads\/2020\/01\/istock-474087800.jpg|caption^Office desk table with computer, supplies, flower and coffee cup. Top view with copy space|alt^null|title^Office desk table with computer, supplies, flower and coffee cup|description^null&#8220; bg_image_repeat=&#8220;no-repeat&#8220; bg_override=&#8220;ex-full&#8220; enable_overlay=&#8220;enable_overlay_value&#8220; overlay_color=&#8220;rgba(0,0,0,0.2)&#8220; seperator_enable=&#8220;seperator_enable_value&#8220; seperator_type=&#8220;tilt_left_seperator&#8220; seperator_position=&#8220;bottom_seperator&#8220; seperator_svg_height=&#8220;100&#8243; seperator_shape_background=&#8220;#ffffff&#8220; css=&#8220;.vc_custom_1580295463717{margin-top: -50px !important;}&#8220;][vc_column][vc_empty_space height=&#8220;240px&#8220; el_id=&#8220;teaser&#8220;][mk_fancy_title tag_name=&#8220;span&#8220; color=&#8220;#000000&#8243; size=&#8220;30&#8243; force_font_size=&#8220;true&#8220; size_smallscreen=&#8220;30&#8243; size_tablet=&#8220;25&#8243; size_phone=&#8220;20&#8243; line_height=&#8220;120&#8243; font_weight=&#8220;400&#8243; font_style=&#8220;normal&#8220; margin_bottom=&#8220;0&#8243; font_family=&#8220;Montserrat&#8220; font_type=&#8220;google&#8220; align=&#8220;center&#8220; el_class=&#8220;black-header&#8220;]Die lifePR als wertvolle Recherchequelle[\/mk_fancy_title][mk_fancy_title tag_name=&#8220;h1&#8243; color=&#8220;#000000&#8243; size=&#8220;60&#8243; force_font_size=&#8220;true&#8220; size_smallscreen=&#8220;60&#8243; size_tablet=&#8220;45&#8243; size_phone=&#8220;35&#8243; line_height=&#8220;120&#8243; font_weight=&#8220;bold&#8220; font_style=&#8220;normal&#8220; txt_transform=&#8220;uppercase&#8220; letter_spacing=&#8220;0.5&#8243; font_family=&#8220;Montserrat&#8220; font_type=&#8220;google&#8220; align=&#8220;center&#8220; el_class=&#8220;black-header&#8220;]Content f\u00fcr Journalist:innen[\/mk_fancy_title][vc_empty_space height=&#8220;150px&#8220; el_id=&#8220;teaser&#8220;][\/vc_column][\/vc_row][vc_row][vc_column][vc_empty_space height=&#8220;60&#8243;][vc_row_inner][vc_column_inner width=&#8220;1\/3&#8243; offset=&#8220;vc_hidden-xs&#8220;][vc_single_image image=&#8220;6223&#8243; img_size=&#8220;full&#8220; alignment=&#8220;center&#8220;][\/vc_column_inner][vc_column_inner width=&#8220;2\/3&#8243;][mk_fancy_title color=&#8220;#000000&#8243; size=&#8220;30&#8243; force_font_size=&#8220;true&#8220; size_smallscreen=&#8220;30&#8243; size_tablet=&#8220;20&#8243; size_phone=&#8220;20&#8243; line_height=&#8220;120&#8243; font_weight=&#8220;500&#8243; letter_spacing=&#8220;0.5&#8243; margin_bottom=&#8220;0&#8243; font_family=&#8220;Montserrat&#8220; font_type=&#8220;google&#8220;]Schnelle Suche im umfangreichen Archiv[\/mk_fancy_title][mk_fancy_title tag_name=&#8220;span&#8220; color=&#8220;#444444&#8243; size=&#8220;18&#8243; force_font_size=&#8220;true&#8220; size_smallscreen=&#8220;18&#8243; size_tablet=&#8220;16&#8243; size_phone=&#8220;14&#8243; line_height=&#8220;150&#8243; font_weight=&#8220;400&#8243; font_family=&#8220;Open+Sans&#8220; font_type=&#8220;google&#8220;]Recherchieren Sie im gr\u00f6\u00dften Technologie-Pressearchiv mit \u00fcber 800.000 Stories von 33.500 Unternehmen. W\u00e4hlen Sie aus unz\u00e4hligen Kategorien Ihre Themenbereiche aus. Dank der komfortablen Filterfunktion gelangen Sie schnell zu den f\u00fcr Sie relevanten Stories \u2013 Sie entscheiden, ob Sie \u00fcber Themen, Firmen, Events, Schlagw\u00f6rter, Sprachen oder bestimmte Zeitabschnitte informiert werden m\u00f6chten.[\/mk_fancy_title][vc_btn title=&#8220;Zum Archiv&#8220; style=&#8220;flat&#8220; color=&#8220;primary&#8220; align=&#8220;left&#8220; link=&#8220;url:https%3A%2F%2Fwww.lifepr.de%2F|||&#8220; el_id=&#8220;cta-red&#8220;][\/vc_column_inner][\/vc_row_inner][vc_empty_space height=&#8220;120&#8243; el_class=&#8220;space&#8220;][vc_row_inner][vc_column_inner width=&#8220;2\/3&#8243;][mk_fancy_title color=&#8220;#000000&#8243; size=&#8220;30&#8243; force_font_size=&#8220;true&#8220; size_smallscreen=&#8220;30&#8243; size_tablet=&#8220;20&#8243; size_phone=&#8220;20&#8243; line_height=&#8220;120&#8243; font_weight=&#8220;500&#8243; letter_spacing=&#8220;0.5&#8243; margin_bottom=&#8220;0&#8243; font_family=&#8220;Montserrat&#8220; font_type=&#8220;google&#8220;]Personalisierte Informationen per E-Mail[\/mk_fancy_title][mk_fancy_title tag_name=&#8220;span&#8220; color=&#8220;#444444&#8243; size=&#8220;18&#8243; force_font_size=&#8220;true&#8220; size_smallscreen=&#8220;18&#8243; size_tablet=&#8220;16&#8243; size_phone=&#8220;14&#8243; line_height=&#8220;150&#8243; font_weight=&#8220;400&#8243; font_family=&#8220;Open+Sans&#8220; font_type=&#8220;google&#8220;]Statt alle Stories einzeln weiterzuleiten, fasst die lifePR aktuelle Mitteilungen je nach Aboeinstellung in einer \u00fcbersichtlichen PresseMail zusammen. Gestalten Sie Ihre pers\u00f6nliche PresseMail und legen Sie f\u00fcr sich relevante Kategorien, Sprachen, Suchbegriffe sowie Versandzeitpunkt und E-Mail-Betreff individuell fest. Mit der lifePR PresseMail sind Sie immer \u00fcber das f\u00fcr Sie relevante Marktgeschehen informiert.[\/mk_fancy_title][vc_btn title=&#8220;Neueste Themen erhalten&#8220; style=&#8220;flat&#8220; color=&#8220;primary&#8220; align=&#8220;left&#8220; link=&#8220;url:https%3A%2F%2Fwww.lifepr.de%2Fregistrieren|||&#8220; el_id=&#8220;cta-red&#8220;][\/vc_column_inner][vc_column_inner width=&#8220;1\/3&#8243; offset=&#8220;vc_hidden-xs&#8220;][vc_single_image image=&#8220;6232&#8243; img_size=&#8220;medium&#8220; alignment=&#8220;center&#8220;][\/vc_column_inner][\/vc_row_inner][vc_empty_space height=&#8220;120&#8243; el_class=&#8220;space&#8220;][vc_row_inner][vc_column_inner width=&#8220;1\/3&#8243;][vc_single_image image=&#8220;6230&#8243; img_size=&#8220;full&#8220; alignment=&#8220;center&#8220;][\/vc_column_inner][vc_column_inner width=&#8220;2\/3&#8243;][mk_fancy_title color=&#8220;#000000&#8243; size=&#8220;30&#8243; force_font_size=&#8220;true&#8220; size_smallscreen=&#8220;30&#8243; size_tablet=&#8220;20&#8243; size_phone=&#8220;20&#8243; line_height=&#8220;120&#8243; font_weight=&#8220;500&#8243; letter_spacing=&#8220;0.5&#8243; margin_bottom=&#8220;0&#8243; font_family=&#8220;Montserrat&#8220; font_type=&#8220;google&#8220;]Alle Firmeninformationen auf einen Blick[\/mk_fancy_title][mk_fancy_title tag_name=&#8220;span&#8220; color=&#8220;#444444&#8243; size=&#8220;18&#8243; force_font_size=&#8220;true&#8220; size_smallscreen=&#8220;18&#8243; size_tablet=&#8220;16&#8243; size_phone=&#8220;14&#8243; line_height=&#8220;150&#8243; font_weight=&#8220;400&#8243; font_family=&#8220;Open+Sans&#8220; font_type=&#8220;google&#8220;]Alle Informationen zu einer Firma sind geb\u00fcndelt im Newsroom zu finden \u2013 dem digitalen Pressefach eines Unternehmens. Hier sind nicht nur alle Stories, sondern auch Bilder, Videos und weitere Dokumente sowie Ansprechpartner:innen \u00fcbersichtlich zusammengefasst. Damit ist der lifePR Newsroom perfekt f\u00fcr die Recherche und Quellensammlung jeder Journalistin oder jedes Journalisten geeignet.[\/mk_fancy_title][vc_btn title=&#8220;Mehr erfahren&#8220; style=&#8220;flat&#8220; color=&#8220;primary&#8220; align=&#8220;left&#8220; link=&#8220;url:https%3A%2F%2Fwww.lifepr.de%2Finfo%2Fprodukt%2Fnewsroom%2F|||&#8220; el_id=&#8220;cta-red&#8220;][\/vc_column_inner][\/vc_row_inner][vc_empty_space height=&#8220;120&#8243; el_class=&#8220;space&#8220;][vc_row_inner][vc_column_inner width=&#8220;2\/3&#8243;][vc_empty_space height=&#8220;20&#8243; el_class=&#8220;space&#8220;][mk_fancy_title color=&#8220;#000000&#8243; size=&#8220;30&#8243; force_font_size=&#8220;true&#8220; size_smallscreen=&#8220;30&#8243; size_tablet=&#8220;20&#8243; size_phone=&#8220;20&#8243; line_height=&#8220;120&#8243; font_weight=&#8220;500&#8243; letter_spacing=&#8220;0.5&#8243; margin_bottom=&#8220;0&#8243; font_family=&#8220;Montserrat&#8220; font_type=&#8220;google&#8220;]Inhalte beobachten[\/mk_fancy_title][mk_fancy_title tag_name=&#8220;span&#8220; color=&#8220;#444444&#8243; size=&#8220;18&#8243; force_font_size=&#8220;true&#8220; size_smallscreen=&#8220;18&#8243; size_tablet=&#8220;16&#8243; size_phone=&#8220;14&#8243; line_height=&#8220;150&#8243; font_weight=&#8220;400&#8243; font_family=&#8220;Open+Sans&#8220; font_type=&#8220;google&#8220;]Um sich besonders interessante Stories zu merken, bietet die lifePR eine pers\u00f6nliche Beobachtungsfunktion an. Die Liste der beobachteten Stories k\u00f6nnen Sie in Ihrem pers\u00f6nlichen Login-Bereich bequem einsehen.[\/mk_fancy_title][vc_btn title=&#8220;Zur MyBox&#8220; style=&#8220;flat&#8220; color=&#8220;primary&#8220; align=&#8220;left&#8220; link=&#8220;url:https%3A%2F%2Fwww.lifepr.de%2Fmybox|||&#8220; el_id=&#8220;cta-red&#8220;][\/vc_column_inner][vc_column_inner width=&#8220;1\/3&#8243; offset=&#8220;vc_hidden-xs&#8220;][vc_single_image image=&#8220;6234&#8243; img_size=&#8220;full&#8220; alignment=&#8220;center&#8220;][\/vc_column_inner][\/vc_row_inner][vc_empty_space height=&#8220;40&#8243;][\/vc_column][\/vc_row][vc_row bg_type=&#8220;grad&#8220; bg_override=&#8220;ex-full&#8220; bg_grad=&#8220;background: -webkit-gradient(linear, left top, left bottom, color-stop(0%, #F5F5F5), color-stop(100%, #FFFFFF));background: -moz-linear-gradient(320deg,#F5F5F5 0%,#FFFFFF 100%);background: -webkit-linear-gradient(320deg,#F5F5F5 0%,#FFFFFF 100%);background: -o-linear-gradient(320deg,#F5F5F5 0%,#FFFFFF 100%);background: -ms-linear-gradient(320deg,#F5F5F5 0%,#FFFFFF 100%);background: linear-gradient(320deg,#F5F5F5 0%,#FFFFFF 100%);&#8220;][vc_column][vc_empty_space height=&#8220;60&#8243;][mk_fancy_title color=&#8220;#000000&#8243; size=&#8220;30&#8243; force_font_size=&#8220;true&#8220; size_smallscreen=&#8220;20&#8243; size_tablet=&#8220;20&#8243; size_phone=&#8220;20&#8243; line_height=&#8220;120&#8243; font_weight=&#8220;500&#8243; letter_spacing=&#8220;0.5&#8243; margin_bottom=&#8220;40&#8243; font_family=&#8220;Montserrat&#8220; font_type=&#8220;google&#8220; align=&#8220;center&#8220; el_class=&#8220;black-header&#8220;]So profitieren Journalist:innen von der lifePR[\/mk_fancy_title][vc_row_inner][vc_column_inner width=&#8220;1\/4&#8243;][mk_icon_box icon=&#8220;mk-li-loupe&#8220; title=&#8220;Recherchehilfe&#8220; text_size=&#8220;18&#8243; font_weight=&#8220;600&#8243; style=&#8220;simple_ultimate&#8220; icon_size=&#8220;medium&#8220; icon_location=&#8220;top&#8220; title_color=&#8220;#444444&#8243; txt_color=&#8220;#444444&#8243; margin=&#8220;20&#8243;]Erleichtern Sie sich die Recherche-Arbeit, indem Sie die lifePR-Suchfilter anwenden.[\/mk_icon_box][\/vc_column_inner][vc_column_inner width=&#8220;1\/4&#8243;][mk_icon_box icon=&#8220;mk-li-host&#8220; title=&#8220;gro\u00dfes Pressearchiv&#8220; text_size=&#8220;18&#8243; font_weight=&#8220;600&#8243; style=&#8220;simple_ultimate&#8220; icon_size=&#8220;medium&#8220; icon_location=&#8220;top&#8220; title_color=&#8220;#444444&#8243; txt_color=&#8220;#444444&#8243; margin=&#8220;20&#8243;]Greifen Sie f\u00fcr Ihre Recherche auf ein Pressearchiv mit \u00fcber 800.000 Mitteilungen (inkl. Bildmaterial) aus den Bereichen Technologie und Industrie zur\u00fcck.[\/mk_icon_box][\/vc_column_inner][vc_column_inner width=&#8220;1\/4&#8243;][mk_icon_box icon=&#8220;mk-li-alarm&#8220; title=&#8220;Zeitersparnis&#8220; text_size=&#8220;18&#8243; font_weight=&#8220;600&#8243; style=&#8220;simple_ultimate&#8220; icon_size=&#8220;medium&#8220; icon_location=&#8220;top&#8220; title_color=&#8220;#444444&#8243; txt_color=&#8220;#444444&#8243; margin=&#8220;20&#8243;]Zeit ist Geld \u2013 Sparen Sie dank Suchfunktionen und automatischer E-Mail-Alerts Zeit.[\/mk_icon_box][\/vc_column_inner][vc_column_inner width=&#8220;1\/4&#8243;][mk_icon_box icon=&#8220;mk-li-net&#8220; title=&#8220;Ergebnisvielfalt&#8220; text_size=&#8220;18&#8243; font_weight=&#8220;600&#8243; style=&#8220;simple_ultimate&#8220; icon_size=&#8220;medium&#8220; icon_location=&#8220;top&#8220; title_color=&#8220;#444444&#8243; txt_color=&#8220;#444444&#8243; margin=&#8220;20&#8243;]Lassen Sie sich von der gro\u00dfen Anzahl an relevanten Suchergebnissen inspirieren.[\/mk_icon_box][\/vc_column_inner][\/vc_row_inner][vc_empty_space height=&#8220;40&#8243;][\/vc_column][\/vc_row][vc_row][vc_column][vc_empty_space height=&#8220;60&#8243;][mk_fancy_title color=&#8220;#000000&#8243; size=&#8220;30&#8243; force_font_size=&#8220;true&#8220; size_smallscreen=&#8220;30&#8243; size_tablet=&#8220;20&#8243; size_phone=&#8220;20&#8243; line_height=&#8220;120&#8243; font_weight=&#8220;500&#8243; letter_spacing=&#8220;0.5&#8243; margin_bottom=&#8220;10&#8243; font_family=&#8220;Montserrat&#8220; font_type=&#8220;google&#8220; align=&#8220;center&#8220; el_class=&#8220;black-header&#8220;]Jetzt kostenfrei die neuesten Themen erhalten[\/mk_fancy_title][mk_fancy_title tag_name=&#8220;span&#8220; color=&#8220;#444444&#8243; size=&#8220;18&#8243; force_font_size=&#8220;true&#8220; size_smallscreen=&#8220;18&#8243; size_tablet=&#8220;16&#8243; size_phone=&#8220;14&#8243; line_height=&#8220;150&#8243; font_weight=&#8220;400&#8243; font_family=&#8220;Open+Sans&#8220; font_type=&#8220;google&#8220; align=&#8220;center&#8220; el_class=&#8220;black-text&#8220;]Registrieren Sie sich jetzt bei der lifePR und nutzen Sie den unermesslichen Pool an Quellmaterial f\u00fcr Ihre Arbeit.[\/mk_fancy_title][vc_btn title=&#8220;Jetzt registrieren&#8220; style=&#8220;flat&#8220; color=&#8220;primary&#8220; align=&#8220;center&#8220; el_id=&#8220;cta-red&#8220; link=&#8220;url:https%3A%2F%2Fwww.lifepr.de%2Fregistrieren|||&#8220;][vc_empty_space height=&#8220;40&#8243;][\/vc_column][\/vc_row]\n<\/div>","protected":false},"excerpt":{"rendered":"<p>[vc_row bg_type=&#8220;image&#8220; parallax_style=&#8220;vcpb-default&#8220; bg_image_new=&#8220;id^7266|url^https:\/\/www.lifepr.de\/info\/wp-content\/uploads\/2020\/01\/istock-474087800.jpg|caption^Office desk table with computer, supplies, flower and coffee cup. Top view with copy space|alt^null|title^Office desk table with computer, supplies, flower and coffee cup|description^null&#8220; bg_image_repeat=&#8220;no-repeat&#8220; bg_override=&#8220;ex-full&#8220; enable_overlay=&#8220;enable_overlay_value&#8220; overlay_color=&#8220;rgba(0,0,0,0.2)&#8220; seperator_enable=&#8220;seperator_enable_value&#8220; seperator_type=&#8220;tilt_left_seperator&#8220; seperator_position=&#8220;bottom_seperator&#8220; seperator_svg_height=&#8220;100&#8243; seperator_shape_background=&#8220;#ffffff&#8220; css=&#8220;.vc_custom_1580295463717{margin-top: -50px !important;}&#8220;][vc_column][vc_empty_space height=&#8220;240px&#8220; el_id=&#8220;teaser&#8220;][mk_fancy_title tag_name=&#8220;span&#8220; color=&#8220;#000000&#8243; size=&#8220;30&#8243; force_font_size=&#8220;true&#8220; size_smallscreen=&#8220;30&#8243; size_tablet=&#8220;25&#8243; size_phone=&#8220;20&#8243; line_height=&#8220;120&#8243; font_weight=&#8220;400&#8243; font_style=&#8220;normal&#8220; margin_bottom=&#8220;0&#8243; font_family=&#8220;Montserrat&#8220; font_type=&#8220;google&#8220; align=&#8220;center&#8220; [&hellip;]<\/p>\n","protected":false},"author":6,"featured_media":0,"parent":6129,"menu_order":0,"comment_status":"closed","ping_status":"closed","template":"","meta":{"footnotes":""},"folder":[],"class_list":["post-6221","page","type-page","status-publish","hentry"],"yoast_head":"<!-- This site is optimized with the Yoast SEO plugin v26.6 - https:\/\/yoast.com\/wordpress\/plugins\/seo\/ -->\n<title>F\u00fcr Journalist:innen - Umfangreiche Recherche und Pressearchiv<\/title>\n<meta name=\"description\" content=\"Die lifePR bietet seit langem eine vertrauensvolle Basis, um Journalisten &amp; Medienvertreter:innen in ihrer t\u00e4glichen Arbeit zu unterst\u00fctzen.\" \/>\n<meta name=\"robots\" content=\"index, follow, max-snippet:-1, max-image-preview:large, max-video-preview:-1\" \/>\n<link rel=\"canonical\" href=\"https:\/\/www.lifepr.de\/info\/loesungen\/journalist\/\" \/>\n<meta property=\"og:locale\" content=\"de_DE\" \/>\n<meta property=\"og:type\" content=\"article\" \/>\n<meta property=\"og:title\" content=\"F\u00fcr Journalist:innen - Umfangreiche Recherche und Pressearchiv\" \/>\n<meta property=\"og:description\" content=\"Die lifePR bietet seit langem eine vertrauensvolle Basis, um Journalisten &amp; Medienvertreter:innen in ihrer t\u00e4glichen Arbeit zu unterst\u00fctzen.\" \/>\n<meta property=\"og:url\" content=\"https:\/\/www.lifepr.de\/info\/loesungen\/journalist\/\" \/>\n<meta property=\"og:site_name\" content=\"Inhalte ver\u00f6ffentlichen mit lifePR\" \/>\n<meta property=\"article:modified_time\" content=\"2023-09-06T10:50:47+00:00\" \/>\n<meta name=\"twitter:card\" content=\"summary_large_image\" \/>\n<meta name=\"twitter:label1\" content=\"Gesch\u00e4tzte Lesezeit\" \/>\n\t<meta name=\"twitter:data1\" content=\"4\u00a0Minuten\" \/>\n<script type=\"application\/ld+json\" class=\"yoast-schema-graph\">{\"@context\":\"https:\/\/schema.org\",\"@graph\":[{\"@type\":\"WebPage\",\"@id\":\"https:\/\/www.lifepr.de\/info\/loesungen\/journalist\/\",\"url\":\"https:\/\/www.lifepr.de\/info\/loesungen\/journalist\/\",\"name\":\"F\u00fcr Journalist:innen - Umfangreiche Recherche und Pressearchiv\",\"isPartOf\":{\"@id\":\"https:\/\/www.lifepr.de\/info\/#website\"},\"datePublished\":\"2020-02-11T14:22:18+00:00\",\"dateModified\":\"2023-09-06T10:50:47+00:00\",\"description\":\"Die lifePR bietet seit langem eine vertrauensvolle Basis, um Journalisten & Medienvertreter:innen in ihrer t\u00e4glichen Arbeit zu unterst\u00fctzen.\",\"breadcrumb\":{\"@id\":\"https:\/\/www.lifepr.de\/info\/loesungen\/journalist\/#breadcrumb\"},\"inLanguage\":\"de\",\"potentialAction\":[{\"@type\":\"ReadAction\",\"target\":[\"https:\/\/www.lifepr.de\/info\/loesungen\/journalist\/\"]}]},{\"@type\":\"BreadcrumbList\",\"@id\":\"https:\/\/www.lifepr.de\/info\/loesungen\/journalist\/#breadcrumb\",\"itemListElement\":[{\"@type\":\"ListItem\",\"position\":1,\"name\":\"Startseite\",\"item\":\"https:\/\/www.lifepr.de\/info\/\"},{\"@type\":\"ListItem\",\"position\":2,\"name\":\"L\u00f6sungen\",\"item\":\"https:\/\/www.lifepr.de\/info\/loesungen\/\"},{\"@type\":\"ListItem\",\"position\":3,\"name\":\"F\u00fcr Journalist:innen\"}]},{\"@type\":\"WebSite\",\"@id\":\"https:\/\/www.lifepr.de\/info\/#website\",\"url\":\"https:\/\/www.lifepr.de\/info\/\",\"name\":\"Inhalte ver\u00f6ffentlichen mit lifePR\",\"description\":\"Inhalte ver\u00f6ffentlichen - Inhalte verbreiten - Inhalte erstellen\",\"potentialAction\":[{\"@type\":\"SearchAction\",\"target\":{\"@type\":\"EntryPoint\",\"urlTemplate\":\"https:\/\/www.lifepr.de\/info\/?s={search_term_string}\"},\"query-input\":{\"@type\":\"PropertyValueSpecification\",\"valueRequired\":true,\"valueName\":\"search_term_string\"}}],\"inLanguage\":\"de\"}]}<\/script>\n<!-- \/ Yoast SEO plugin. -->","yoast_head_json":{"title":"F\u00fcr Journalist:innen - Umfangreiche Recherche und Pressearchiv","description":"Die lifePR bietet seit langem eine vertrauensvolle Basis, um Journalisten & Medienvertreter:innen in ihrer t\u00e4glichen Arbeit zu unterst\u00fctzen.","robots":{"index":"index","follow":"follow","max-snippet":"max-snippet:-1","max-image-preview":"max-image-preview:large","max-video-preview":"max-video-preview:-1"},"canonical":"https:\/\/www.lifepr.de\/info\/loesungen\/journalist\/","og_locale":"de_DE","og_type":"article","og_title":"F\u00fcr Journalist:innen - Umfangreiche Recherche und Pressearchiv","og_description":"Die lifePR bietet seit langem eine vertrauensvolle Basis, um Journalisten & Medienvertreter:innen in ihrer t\u00e4glichen Arbeit zu unterst\u00fctzen.","og_url":"https:\/\/www.lifepr.de\/info\/loesungen\/journalist\/","og_site_name":"Inhalte ver\u00f6ffentlichen mit lifePR","article_modified_time":"2023-09-06T10:50:47+00:00","twitter_card":"summary_large_image","twitter_misc":{"Gesch\u00e4tzte Lesezeit":"4\u00a0Minuten"},"schema":{"@context":"https:\/\/schema.org","@graph":[{"@type":"WebPage","@id":"https:\/\/www.lifepr.de\/info\/loesungen\/journalist\/","url":"https:\/\/www.lifepr.de\/info\/loesungen\/journalist\/","name":"F\u00fcr Journalist:innen - Umfangreiche Recherche und Pressearchiv","isPartOf":{"@id":"https:\/\/www.lifepr.de\/info\/#website"},"datePublished":"2020-02-11T14:22:18+00:00","dateModified":"2023-09-06T10:50:47+00:00","description":"Die lifePR bietet seit langem eine vertrauensvolle Basis, um Journalisten & Medienvertreter:innen in ihrer t\u00e4glichen Arbeit zu unterst\u00fctzen.","breadcrumb":{"@id":"https:\/\/www.lifepr.de\/info\/loesungen\/journalist\/#breadcrumb"},"inLanguage":"de","potentialAction":[{"@type":"ReadAction","target":["https:\/\/www.lifepr.de\/info\/loesungen\/journalist\/"]}]},{"@type":"BreadcrumbList","@id":"https:\/\/www.lifepr.de\/info\/loesungen\/journalist\/#breadcrumb","itemListElement":[{"@type":"ListItem","position":1,"name":"Startseite","item":"https:\/\/www.lifepr.de\/info\/"},{"@type":"ListItem","position":2,"name":"L\u00f6sungen","item":"https:\/\/www.lifepr.de\/info\/loesungen\/"},{"@type":"ListItem","position":3,"name":"F\u00fcr Journalist:innen"}]},{"@type":"WebSite","@id":"https:\/\/www.lifepr.de\/info\/#website","url":"https:\/\/www.lifepr.de\/info\/","name":"Inhalte ver\u00f6ffentlichen mit lifePR","description":"Inhalte ver\u00f6ffentlichen - Inhalte verbreiten - Inhalte erstellen","potentialAction":[{"@type":"SearchAction","target":{"@type":"EntryPoint","urlTemplate":"https:\/\/www.lifepr.de\/info\/?s={search_term_string}"},"query-input":{"@type":"PropertyValueSpecification","valueRequired":true,"valueName":"search_term_string"}}],"inLanguage":"de"}]}},"_links":{"self":[{"href":"https:\/\/www.lifepr.de\/info\/wp-json\/wp\/v2\/pages\/6221","targetHints":{"allow":["GET"]}}],"collection":[{"href":"https:\/\/www.lifepr.de\/info\/wp-json\/wp\/v2\/pages"}],"about":[{"href":"https:\/\/www.lifepr.de\/info\/wp-json\/wp\/v2\/types\/page"}],"author":[{"embeddable":true,"href":"https:\/\/www.lifepr.de\/info\/wp-json\/wp\/v2\/users\/6"}],"replies":[{"embeddable":true,"href":"https:\/\/www.lifepr.de\/info\/wp-json\/wp\/v2\/comments?post=6221"}],"version-history":[{"count":4,"href":"https:\/\/www.lifepr.de\/info\/wp-json\/wp\/v2\/pages\/6221\/revisions"}],"predecessor-version":[{"id":36980,"href":"https:\/\/www.lifepr.de\/info\/wp-json\/wp\/v2\/pages\/6221\/revisions\/36980"}],"up":[{"embeddable":true,"href":"https:\/\/www.lifepr.de\/info\/wp-json\/wp\/v2\/pages\/6129"}],"wp:attachment":[{"href":"https:\/\/www.lifepr.de\/info\/wp-json\/wp\/v2\/media?parent=6221"}],"wp:term":[{"taxonomy":"folder","embeddable":true,"href":"https:\/\/www.lifepr.de\/info\/wp-json\/wp\/v2\/folder?post=6221"}],"curies":[{"name":"wp","href":"https:\/\/api.w.org\/{rel}","templated":true}]}}