{"id":6164,"date":"2020-02-10T10:42:57","date_gmt":"2020-02-10T09:42:57","guid":{"rendered":"https:\/\/www.lifepr.de\/info\/?page_id=6164"},"modified":"2023-09-06T12:45:25","modified_gmt":"2023-09-06T10:45:25","slug":"unternehmen","status":"publish","type":"page","link":"https:\/\/www.lifepr.de\/info\/loesungen\/unternehmen\/","title":{"rendered":"F\u00fcr Unternehmen"},"content":{"rendered":"<div class=\"wpb-content-wrapper\">[vc_row bg_type=&#8220;image&#8220; parallax_style=&#8220;vcpb-default&#8220; bg_image_new=&#8220;id^7266|url^https:\/\/www.lifepr.de\/info\/wp-content\/uploads\/2020\/01\/istock-474087800.jpg|caption^Office desk table with computer, supplies, flower and coffee cup. Top view with copy space|alt^null|title^Office desk table with computer, supplies, flower and coffee cup|description^null&#8220; bg_image_repeat=&#8220;no-repeat&#8220; bg_override=&#8220;ex-full&#8220; enable_overlay=&#8220;enable_overlay_value&#8220; overlay_color=&#8220;rgba(0,0,0,0.2)&#8220; seperator_enable=&#8220;seperator_enable_value&#8220; seperator_type=&#8220;tilt_left_seperator&#8220; seperator_position=&#8220;bottom_seperator&#8220; seperator_svg_height=&#8220;100&#8243; css=&#8220;.vc_custom_1581322206372{margin-top: -50px !important;}&#8220;][vc_column][vc_empty_space height=&#8220;240px&#8220; el_id=&#8220;teaser&#8220;][mk_fancy_title tag_name=&#8220;span&#8220; color=&#8220;#000000&#8243; size=&#8220;30&#8243; force_font_size=&#8220;true&#8220; size_smallscreen=&#8220;30&#8243; size_tablet=&#8220;25&#8243; size_phone=&#8220;20&#8243; line_height=&#8220;120&#8243; font_weight=&#8220;400&#8243; font_style=&#8220;normal&#8220; margin_bottom=&#8220;0&#8243; font_family=&#8220;Montserrat&#8220; font_type=&#8220;google&#8220; align=&#8220;center&#8220; el_class=&#8220;black-header&#8220;]Individuell auf Ihre Bed\u00fcrfnisse zugeschnitten[\/mk_fancy_title][mk_fancy_title tag_name=&#8220;h1&#8243; color=&#8220;#000000&#8243; size=&#8220;60&#8243; force_font_size=&#8220;true&#8220; size_smallscreen=&#8220;60&#8243; size_tablet=&#8220;45&#8243; size_phone=&#8220;35&#8243; line_height=&#8220;120&#8243; font_weight=&#8220;bold&#8220; font_style=&#8220;normal&#8220; txt_transform=&#8220;uppercase&#8220; letter_spacing=&#8220;0.5&#8243; font_family=&#8220;Montserrat&#8220; font_type=&#8220;google&#8220; align=&#8220;center&#8220; el_class=&#8220;black-header&#8220;]PR-L\u00f6sungen f\u00fcr Firmen[\/mk_fancy_title][vc_empty_space height=&#8220;150px&#8220; el_id=&#8220;teaser&#8220;][\/vc_column][\/vc_row][vc_row][vc_column][vc_empty_space height=&#8220;60&#8243;][vc_row_inner][vc_column_inner width=&#8220;1\/3&#8243;][vc_single_image image=&#8220;6170&#8243; img_size=&#8220;200&#215;200&#8243; alignment=&#8220;center&#8220; style=&#8220;vc_box_shadow_circle_2&#8243;][\/vc_column_inner][vc_column_inner width=&#8220;2\/3&#8243;][mk_fancy_title color=&#8220;#000000&#8243; size=&#8220;30&#8243; force_font_size=&#8220;true&#8220; size_smallscreen=&#8220;30&#8243; size_tablet=&#8220;20&#8243; size_phone=&#8220;20&#8243; line_height=&#8220;120&#8243; font_weight=&#8220;500&#8243; letter_spacing=&#8220;0.5&#8243; margin_bottom=&#8220;0&#8243; font_family=&#8220;Montserrat&#8220; font_type=&#8220;google&#8220;]Kleine Unternehmen &amp; Start-Ups[\/mk_fancy_title][mk_fancy_title tag_name=&#8220;span&#8220; color=&#8220;#444444&#8243; size=&#8220;18&#8243; force_font_size=&#8220;true&#8220; size_smallscreen=&#8220;18&#8243; size_tablet=&#8220;16&#8243; size_phone=&#8220;14&#8243; line_height=&#8220;150&#8243; font_weight=&#8220;400&#8243; font_family=&#8220;Open+Sans&#8220; font_type=&#8220;google&#8220;]F\u00fcr Firmen ist es in den ersten Jahren ihrer Gr\u00fcndung besonders wichtig, ihre Kosten gering zu halten. Ebenso wichtig ist jedoch die Investition in \u00d6ffentlichkeitsarbeit und PR, da die Bekanntmachung des eigenen Angebots zur Gewinnung von Neukund:innen entscheidend f\u00fcr den Unternehmenserfolg ist.<\/p>\n<p>Kosteng\u00fcnstige wie effiziente PR-Ma\u00dfnahmen spielen eine entscheidende Rolle.[\/mk_fancy_title][mk_custom_list]\n<ul>\n<li>Gewinn von Neukund:innen<\/li>\n<li>SEO und Social Media inklusive<\/li>\n<li>L\u00f6sungen f\u00fcr jedes Budget<\/li>\n<\/ul>\n[\/mk_custom_list][\/vc_column_inner][\/vc_row_inner][vc_empty_space height=&#8220;80&#8243;][vc_row_inner][vc_column_inner width=&#8220;2\/3&#8243;][mk_fancy_title color=&#8220;#000000&#8243; size=&#8220;30&#8243; force_font_size=&#8220;true&#8220; size_smallscreen=&#8220;30&#8243; size_tablet=&#8220;20&#8243; size_phone=&#8220;20&#8243; line_height=&#8220;150&#8243; font_weight=&#8220;500&#8243; letter_spacing=&#8220;0.5&#8243; margin_bottom=&#8220;0&#8243; font_family=&#8220;Montserrat&#8220; font_type=&#8220;google&#8220;]Mittelst\u00e4ndische Unternehmen[\/mk_fancy_title][mk_fancy_title tag_name=&#8220;span&#8220; color=&#8220;#444444&#8243; size=&#8220;18&#8243; force_font_size=&#8220;true&#8220; size_smallscreen=&#8220;18&#8243; size_tablet=&#8220;16&#8243; size_phone=&#8220;14&#8243; line_height=&#8220;150&#8243; font_weight=&#8220;400&#8243; font_family=&#8220;Open+Sans&#8220; font_type=&#8220;google&#8220;]Kleine und mittelst\u00e4ndische Unternehmen bilden das R\u00fcckgrat der Wirtschaft in Deutschland. Die Anforderungen an Art und Umfang Ihrer \u00d6ffentlichkeitsarbeit sind so unterschiedlich wie die Unternehmen aus diesem Segment.[\/mk_fancy_title][mk_custom_list]\n<ul>\n<li>Skalierbarkeit der lifePR Leistungen<\/li>\n<li>Direkter Kanal zu Journalist:innen und Kund:innen<\/li>\n<li>Reichweite und Bekanntheitssteigerung<\/li>\n<\/ul>\n[\/mk_custom_list][\/vc_column_inner][vc_column_inner width=&#8220;1\/3&#8243;][vc_single_image image=&#8220;6174&#8243; img_size=&#8220;200&#215;200&#8243; alignment=&#8220;center&#8220; style=&#8220;vc_box_shadow_circle_2&#8243;][\/vc_column_inner][\/vc_row_inner][vc_empty_space height=&#8220;80&#8243;][vc_row_inner][vc_column_inner width=&#8220;1\/3&#8243;][vc_single_image image=&#8220;6180&#8243; img_size=&#8220;200&#215;200&#8243; alignment=&#8220;center&#8220; style=&#8220;vc_box_shadow_circle_2&#8243;][\/vc_column_inner][vc_column_inner width=&#8220;2\/3&#8243;][mk_fancy_title tag_name=&#8220;span&#8220; color=&#8220;#000000&#8243; size=&#8220;30&#8243; force_font_size=&#8220;true&#8220; size_smallscreen=&#8220;30&#8243; size_tablet=&#8220;20&#8243; size_phone=&#8220;20&#8243; line_height=&#8220;150&#8243; font_weight=&#8220;500&#8243; letter_spacing=&#8220;0.5&#8243; margin_bottom=&#8220;0&#8243; font_family=&#8220;Montserrat&#8220; font_type=&#8220;google&#8220;]Gro\u00dfkonzerne &amp; AGs[\/mk_fancy_title][mk_fancy_title tag_name=&#8220;span&#8220; color=&#8220;#444444&#8243; size=&#8220;18&#8243; force_font_size=&#8220;true&#8220; size_smallscreen=&#8220;18&#8243; size_tablet=&#8220;16&#8243; size_phone=&#8220;14&#8243; line_height=&#8220;150&#8243; font_weight=&#8220;400&#8243; font_family=&#8220;Open+Sans&#8220; font_type=&#8220;google&#8220;]Konzerne engagieren renommierte Agenturen und verf\u00fcgen in aller Regel \u00fcber spezialisierte Abteilungen f\u00fcr Marketing und PR. Die lifePR erg\u00e4nzt das Portfolio von Konzernen und Agenturen und bietet eine umfassende PR-L\u00f6sung mit vielseitigen Verbreitungskan\u00e4len, von der regionalen bis zur internationalen Distribution.[\/mk_fancy_title][mk_custom_list]\n<ul>\n<li>Hocheffiziente PR-L\u00f6sungen<\/li>\n<li>Vielseitige und weltweite Distribution<\/li>\n<li>Markenst\u00e4rkung<\/li>\n<\/ul>\n[\/mk_custom_list][\/vc_column_inner][\/vc_row_inner][vc_empty_space height=&#8220;40&#8243;][\/vc_column][\/vc_row][vc_row bg_type=&#8220;grad&#8220; bg_override=&#8220;ex-full&#8220; bg_grad=&#8220;background: url(data:image\/svg+xml;base64,PHN2ZyB4bWxucz0iaHR0cDovL3d3dy53My5vcmcvMjAwMC9zdmciPjxkZWZzPjxsaW5lYXJHcmFkaWVudCBpZD0iZ3JhZGllbnQiIHgxPSIwJSIgeTE9IjAlIiB4Mj0iMCUiIHkyPSIxMDAlIj48c3RvcCBvZmZzZXQ9IjAlIiBzdHlsZT0ic3RvcC1jb2xvcjojRjVGNUY1OyIgLz48c3RvcCBvZmZzZXQ9IjEwMCUiIHN0eWxlPSJzdG9wLWNvbG9yOiNGRkZGRkY7IiAvPjwvbGluZWFyR3JhZGllbnQ+PC9kZWZzPjxyZWN0IGZpbGw9InVybCgjZ3JhZGllbnQpIiBoZWlnaHQ9IjEwMCUiIHdpZHRoPSIxMDAlIiAvPjwvc3ZnPg==);background: -webkit-gradient(linear, left top, left bottom, color-stop(0%, #F5F5F5), color-stop(100%, #FFFFFF));background: -moz-linear-gradient(320deg,#F5F5F5 0%,#FFFFFF 100%);background: -webkit-linear-gradient(320deg,#F5F5F5 0%,#FFFFFF 100%);background: -o-linear-gradient(320deg,#F5F5F5 0%,#FFFFFF 100%);background: -ms-linear-gradient(320deg,#F5F5F5 0%,#FFFFFF 100%);background: linear-gradient(320deg,#F5F5F5 0%,#FFFFFF 100%);&#8220;][vc_column][vc_empty_space height=&#8220;60&#8243;][mk_fancy_title color=&#8220;#000000&#8243; size=&#8220;30&#8243; force_font_size=&#8220;true&#8220; size_smallscreen=&#8220;20&#8243; size_tablet=&#8220;20&#8243; size_phone=&#8220;20&#8243; line_height=&#8220;120&#8243; font_weight=&#8220;500&#8243; letter_spacing=&#8220;0.5&#8243; margin_bottom=&#8220;0&#8243; font_family=&#8220;Montserrat&#8220; font_type=&#8220;google&#8220; align=&#8220;center&#8220; el_class=&#8220;black-header&#8220;]Volle Unterst\u00fctzung f\u00fcr Ihr Unternehmen[\/mk_fancy_title][mk_fancy_title tag_name=&#8220;span&#8220; color=&#8220;#444444&#8243; size=&#8220;18&#8243; force_font_size=&#8220;true&#8220; size_smallscreen=&#8220;18&#8243; size_tablet=&#8220;16&#8243; size_phone=&#8220;16&#8243; line_height=&#8220;150&#8243; font_weight=&#8220;400&#8243; margin_bottom=&#8220;60&#8243; font_family=&#8220;Open+Sans&#8220; font_type=&#8220;google&#8220; align=&#8220;center&#8220; el_class=&#8220;black-text&#8220;]Damit Sie sich auf Ihre PR-Botschaft konzentrieren k\u00f6nnen, unterst\u00fctzt Sie die lifePR mit einem Full-Service-Konzept.[\/mk_fancy_title][vc_row_inner][vc_column_inner width=&#8220;1\/3&#8243;][mk_icon_box icon=&#8220;mk-li-paper-plane&#8220; title=&#8220;Verbreitung &amp; Ver\u00f6ffentlichung&#8220; text_size=&#8220;18&#8243; font_weight=&#8220;600&#8243; style=&#8220;simple_ultimate&#8220; icon_size=&#8220;medium&#8220; icon_location=&#8220;top&#8220; title_color=&#8220;#444444&#8243; txt_color=&#8220;#444444&#8243; margin=&#8220;20&#8243;]Ihre Stories werden im gr\u00f6\u00dften lifePR Netzwerk f\u00fcr Verbraucherthemen ver\u00f6ffentlicht und verbreitet. So erlangen Sie maximale Aufmerksamkeit f\u00fcr Ihre PR.[\/mk_icon_box][\/vc_column_inner][vc_column_inner width=&#8220;1\/3&#8243;][mk_icon_box icon=&#8220;mk-li-net&#8220; title=&#8220;All-in-One-L\u00f6sung&#8220; text_size=&#8220;18&#8243; font_weight=&#8220;600&#8243; style=&#8220;simple_ultimate&#8220; icon_size=&#8220;medium&#8220; icon_location=&#8220;top&#8220; title_color=&#8220;#444444&#8243; txt_color=&#8220;#444444&#8243; margin=&#8220;20&#8243;]Die lifePR bietet Ihnen ein vollwertiges PR-Management-Tool, Verbreitung und h\u00f6chstm\u00f6gliche Aufmerksamkeit Ihrer Stories sowie ein umfangreiches Reporting zur Auswertung Ihrer digitalen PR-Arbeit.[\/mk_icon_box][\/vc_column_inner][vc_column_inner width=&#8220;1\/3&#8243;][mk_icon_box icon=&#8220;mk-li-pencil&#8220; title=&#8220;kostenfreier Einstellservice&#8220; text_size=&#8220;18&#8243; font_weight=&#8220;600&#8243; style=&#8220;simple_ultimate&#8220; icon_size=&#8220;medium&#8220; icon_location=&#8220;top&#8220; title_color=&#8220;#444444&#8243; txt_color=&#8220;#444444&#8243; margin=&#8220;20&#8243;]Keine Zeit f\u00fcr die Ver\u00f6ffentlichung Ihrer Story? Schicken Sie uns Ihre Inhalte bequem per E-Mail zu und wir \u00fcbernehmen alles Weitere f\u00fcr Sie.[\/mk_icon_box][\/vc_column_inner][\/vc_row_inner][vc_empty_space height=&#8220;40&#8243;][vc_row_inner][vc_column_inner width=&#8220;1\/3&#8243;][mk_icon_box icon=&#8220;mk-li-config&#8220; title=&#8220;optionale Service-Module&#8220; text_size=&#8220;18&#8243; font_weight=&#8220;600&#8243; style=&#8220;simple_ultimate&#8220; icon_size=&#8220;medium&#8220; icon_location=&#8220;top&#8220; title_color=&#8220;#444444&#8243; txt_color=&#8220;#444444&#8243; margin=&#8220;20&#8243;]Zus\u00e4tzliche Optionen, wie beispielsweise die online Medienbeobachtung, eigene Presseverteiler (MyContacts) oder Ihre Jobs und Events auf der lifePR erm\u00f6glichen Ihnen noch mehr Kontrolle f\u00fcr Ihre PR sowie Reichweite f\u00fcr Ihr Unternehmen.[\/mk_icon_box][\/vc_column_inner][vc_column_inner width=&#8220;1\/3&#8243;][mk_icon_box icon=&#8220;mk-li-graph&#8220; title=&#8220;integrierte Erfolgsstatistik&#8220; text_size=&#8220;18&#8243; font_weight=&#8220;600&#8243; style=&#8220;simple_ultimate&#8220; icon_size=&#8220;medium&#8220; icon_location=&#8220;top&#8220; title_color=&#8220;#444444&#8243; txt_color=&#8220;#444444&#8243; margin=&#8220;20&#8243;]Die Erfolgsstatistik bietet einen \u00dcberblick \u00fcber die Entwicklung Ihrer Stories: Analysieren Sie Erfolge, Tendenzen und Probleme und vergleichen Sie Ihre Ver\u00f6ffentlichungen mit denen Ihrer Wettbewerber oder thematisch \u00e4hnlichen Ver\u00f6ffentlichungen.[\/mk_icon_box][\/vc_column_inner][vc_column_inner width=&#8220;1\/3&#8243;][mk_icon_box icon=&#8220;mk-li-money&#8220; title=&#8220;flexibles Preismodell&#8220; text_size=&#8220;18&#8243; font_weight=&#8220;600&#8243; style=&#8220;simple_ultimate&#8220; icon_size=&#8220;medium&#8220; icon_location=&#8220;top&#8220; title_color=&#8220;#444444&#8243; txt_color=&#8220;#444444&#8243; margin=&#8220;20&#8243;]Nicht zuletzt sichert ein faires und anpassbares Preismodell die maximale Kosteneffizienz der Leistung f\u00fcr jeden Budgetrahmen.[\/mk_icon_box][\/vc_column_inner][\/vc_row_inner][vc_empty_space height=&#8220;40&#8243;][\/vc_column][\/vc_row][vc_row css=&#8220;.vc_custom_1581323035117{padding-top: 60px !important;padding-bottom: 40px !important;}&#8220;][vc_column width=&#8220;1\/6&#8243;][\/vc_column][vc_column width=&#8220;2\/3&#8243;][mk_fancy_title color=&#8220;#000000&#8243; size=&#8220;30&#8243; force_font_size=&#8220;true&#8220; size_smallscreen=&#8220;20&#8243; size_tablet=&#8220;20&#8243; size_phone=&#8220;20&#8243; line_height=&#8220;120&#8243; font_weight=&#8220;500&#8243; letter_spacing=&#8220;0.5&#8243; margin_bottom=&#8220;10&#8243; font_family=&#8220;Montserrat&#8220; font_type=&#8220;google&#8220; align=&#8220;center&#8220; el_class=&#8220;black-header&#8220;]Sie haben Fragen zur lifePR?[\/mk_fancy_title][mk_fancy_title tag_name=&#8220;span&#8220; color=&#8220;#444444&#8243; size=&#8220;18&#8243; force_font_size=&#8220;true&#8220; size_smallscreen=&#8220;18&#8243; size_tablet=&#8220;16&#8243; size_phone=&#8220;16&#8243; line_height=&#8220;150&#8243; font_weight=&#8220;400&#8243; font_family=&#8220;Open+Sans&#8220; font_type=&#8220;google&#8220; align=&#8220;center&#8220; el_class=&#8220;black-text&#8220;]Wir beraten Sie gerne ausf\u00fchrlich zum Produkt und freuen uns \u00fcber Ihre Kontaktaufnahme per Telefon unter\u00a0<a href=\"tel:004972198779319\">+49 721 98 77 93 19<\/a>\u00a0oder \u00fcber das <a href=\"https:\/\/www.lifepr.de\/info\/kontakt\/\" target=\"_blank\" rel=\"noopener\">Kontaktformular<\/a>.[\/mk_fancy_title][vc_btn title=&#8220;Jetzt kontaktieren&#8220; style=&#8220;flat&#8220; color=&#8220;primary&#8220; align=&#8220;center&#8220; el_id=&#8220;cta-red&#8220; link=&#8220;url:https%3A%2F%2Fwww.lifepr.de%2Finfo%2Fkontakt%2F|||&#8220;][\/vc_column][vc_column width=&#8220;1\/6&#8243;][\/vc_column][\/vc_row]\n<\/div>","protected":false},"excerpt":{"rendered":"<p>[vc_row bg_type=&#8220;image&#8220; parallax_style=&#8220;vcpb-default&#8220; bg_image_new=&#8220;id^7266|url^https:\/\/www.lifepr.de\/info\/wp-content\/uploads\/2020\/01\/istock-474087800.jpg|caption^Office desk table with computer, supplies, flower and coffee cup. Top view with copy space|alt^null|title^Office desk table with computer, supplies, flower and coffee cup|description^null&#8220; bg_image_repeat=&#8220;no-repeat&#8220; bg_override=&#8220;ex-full&#8220; enable_overlay=&#8220;enable_overlay_value&#8220; overlay_color=&#8220;rgba(0,0,0,0.2)&#8220; seperator_enable=&#8220;seperator_enable_value&#8220; seperator_type=&#8220;tilt_left_seperator&#8220; seperator_position=&#8220;bottom_seperator&#8220; seperator_svg_height=&#8220;100&#8243; css=&#8220;.vc_custom_1581322206372{margin-top: -50px !important;}&#8220;][vc_column][vc_empty_space height=&#8220;240px&#8220; el_id=&#8220;teaser&#8220;][mk_fancy_title tag_name=&#8220;span&#8220; color=&#8220;#000000&#8243; size=&#8220;30&#8243; force_font_size=&#8220;true&#8220; size_smallscreen=&#8220;30&#8243; size_tablet=&#8220;25&#8243; size_phone=&#8220;20&#8243; line_height=&#8220;120&#8243; font_weight=&#8220;400&#8243; font_style=&#8220;normal&#8220; margin_bottom=&#8220;0&#8243; font_family=&#8220;Montserrat&#8220; font_type=&#8220;google&#8220; align=&#8220;center&#8220; el_class=&#8220;black-header&#8220;]Individuell [&hellip;]<\/p>\n","protected":false},"author":6,"featured_media":0,"parent":6129,"menu_order":0,"comment_status":"closed","ping_status":"closed","template":"","meta":{"footnotes":""},"folder":[],"class_list":["post-6164","page","type-page","status-publish","hentry"],"yoast_head":"<!-- This site is optimized with the Yoast SEO plugin v26.6 - https:\/\/yoast.com\/wordpress\/plugins\/seo\/ -->\n<title>F\u00fcr Unternehmen - Full-Service-Konzept f\u00fcr Ihre PR<\/title>\n<meta name=\"description\" content=\"Die lifePR L\u00f6sungen werden individuell auf die Bed\u00fcrfnisse der Unternehmen angepasst, um bestm\u00f6glichsten Erfolg f\u00fcr Ihre PR zu garantieren.\" \/>\n<meta name=\"robots\" content=\"index, follow, max-snippet:-1, max-image-preview:large, max-video-preview:-1\" \/>\n<link rel=\"canonical\" href=\"https:\/\/www.lifepr.de\/info\/loesungen\/unternehmen\/\" \/>\n<meta property=\"og:locale\" content=\"de_DE\" \/>\n<meta property=\"og:type\" content=\"article\" \/>\n<meta property=\"og:title\" content=\"F\u00fcr Unternehmen - Full-Service-Konzept f\u00fcr Ihre PR\" \/>\n<meta property=\"og:description\" content=\"Die lifePR L\u00f6sungen werden individuell auf die Bed\u00fcrfnisse der Unternehmen angepasst, um bestm\u00f6glichsten Erfolg f\u00fcr Ihre PR zu garantieren.\" \/>\n<meta property=\"og:url\" content=\"https:\/\/www.lifepr.de\/info\/loesungen\/unternehmen\/\" \/>\n<meta property=\"og:site_name\" content=\"Inhalte ver\u00f6ffentlichen mit lifePR\" \/>\n<meta property=\"article:modified_time\" content=\"2023-09-06T10:45:25+00:00\" \/>\n<meta name=\"twitter:card\" content=\"summary_large_image\" \/>\n<meta name=\"twitter:label1\" content=\"Gesch\u00e4tzte Lesezeit\" \/>\n\t<meta name=\"twitter:data1\" content=\"4\u00a0Minuten\" \/>\n<script type=\"application\/ld+json\" class=\"yoast-schema-graph\">{\"@context\":\"https:\/\/schema.org\",\"@graph\":[{\"@type\":\"WebPage\",\"@id\":\"https:\/\/www.lifepr.de\/info\/loesungen\/unternehmen\/\",\"url\":\"https:\/\/www.lifepr.de\/info\/loesungen\/unternehmen\/\",\"name\":\"F\u00fcr Unternehmen - Full-Service-Konzept f\u00fcr Ihre PR\",\"isPartOf\":{\"@id\":\"https:\/\/www.lifepr.de\/info\/#website\"},\"datePublished\":\"2020-02-10T09:42:57+00:00\",\"dateModified\":\"2023-09-06T10:45:25+00:00\",\"description\":\"Die lifePR L\u00f6sungen werden individuell auf die Bed\u00fcrfnisse der Unternehmen angepasst, um bestm\u00f6glichsten Erfolg f\u00fcr Ihre PR zu garantieren.\",\"breadcrumb\":{\"@id\":\"https:\/\/www.lifepr.de\/info\/loesungen\/unternehmen\/#breadcrumb\"},\"inLanguage\":\"de\",\"potentialAction\":[{\"@type\":\"ReadAction\",\"target\":[\"https:\/\/www.lifepr.de\/info\/loesungen\/unternehmen\/\"]}]},{\"@type\":\"BreadcrumbList\",\"@id\":\"https:\/\/www.lifepr.de\/info\/loesungen\/unternehmen\/#breadcrumb\",\"itemListElement\":[{\"@type\":\"ListItem\",\"position\":1,\"name\":\"Startseite\",\"item\":\"https:\/\/www.lifepr.de\/info\/\"},{\"@type\":\"ListItem\",\"position\":2,\"name\":\"L\u00f6sungen\",\"item\":\"https:\/\/www.lifepr.de\/info\/loesungen\/\"},{\"@type\":\"ListItem\",\"position\":3,\"name\":\"F\u00fcr Unternehmen\"}]},{\"@type\":\"WebSite\",\"@id\":\"https:\/\/www.lifepr.de\/info\/#website\",\"url\":\"https:\/\/www.lifepr.de\/info\/\",\"name\":\"Inhalte ver\u00f6ffentlichen mit lifePR\",\"description\":\"Inhalte ver\u00f6ffentlichen - Inhalte verbreiten - Inhalte erstellen\",\"potentialAction\":[{\"@type\":\"SearchAction\",\"target\":{\"@type\":\"EntryPoint\",\"urlTemplate\":\"https:\/\/www.lifepr.de\/info\/?s={search_term_string}\"},\"query-input\":{\"@type\":\"PropertyValueSpecification\",\"valueRequired\":true,\"valueName\":\"search_term_string\"}}],\"inLanguage\":\"de\"}]}<\/script>\n<!-- \/ Yoast SEO plugin. -->","yoast_head_json":{"title":"F\u00fcr Unternehmen - Full-Service-Konzept f\u00fcr Ihre PR","description":"Die lifePR L\u00f6sungen werden individuell auf die Bed\u00fcrfnisse der Unternehmen angepasst, um bestm\u00f6glichsten Erfolg f\u00fcr Ihre PR zu garantieren.","robots":{"index":"index","follow":"follow","max-snippet":"max-snippet:-1","max-image-preview":"max-image-preview:large","max-video-preview":"max-video-preview:-1"},"canonical":"https:\/\/www.lifepr.de\/info\/loesungen\/unternehmen\/","og_locale":"de_DE","og_type":"article","og_title":"F\u00fcr Unternehmen - Full-Service-Konzept f\u00fcr Ihre PR","og_description":"Die lifePR L\u00f6sungen werden individuell auf die Bed\u00fcrfnisse der Unternehmen angepasst, um bestm\u00f6glichsten Erfolg f\u00fcr Ihre PR zu garantieren.","og_url":"https:\/\/www.lifepr.de\/info\/loesungen\/unternehmen\/","og_site_name":"Inhalte ver\u00f6ffentlichen mit lifePR","article_modified_time":"2023-09-06T10:45:25+00:00","twitter_card":"summary_large_image","twitter_misc":{"Gesch\u00e4tzte Lesezeit":"4\u00a0Minuten"},"schema":{"@context":"https:\/\/schema.org","@graph":[{"@type":"WebPage","@id":"https:\/\/www.lifepr.de\/info\/loesungen\/unternehmen\/","url":"https:\/\/www.lifepr.de\/info\/loesungen\/unternehmen\/","name":"F\u00fcr Unternehmen - Full-Service-Konzept f\u00fcr Ihre PR","isPartOf":{"@id":"https:\/\/www.lifepr.de\/info\/#website"},"datePublished":"2020-02-10T09:42:57+00:00","dateModified":"2023-09-06T10:45:25+00:00","description":"Die lifePR L\u00f6sungen werden individuell auf die Bed\u00fcrfnisse der Unternehmen angepasst, um bestm\u00f6glichsten Erfolg f\u00fcr Ihre PR zu garantieren.","breadcrumb":{"@id":"https:\/\/www.lifepr.de\/info\/loesungen\/unternehmen\/#breadcrumb"},"inLanguage":"de","potentialAction":[{"@type":"ReadAction","target":["https:\/\/www.lifepr.de\/info\/loesungen\/unternehmen\/"]}]},{"@type":"BreadcrumbList","@id":"https:\/\/www.lifepr.de\/info\/loesungen\/unternehmen\/#breadcrumb","itemListElement":[{"@type":"ListItem","position":1,"name":"Startseite","item":"https:\/\/www.lifepr.de\/info\/"},{"@type":"ListItem","position":2,"name":"L\u00f6sungen","item":"https:\/\/www.lifepr.de\/info\/loesungen\/"},{"@type":"ListItem","position":3,"name":"F\u00fcr Unternehmen"}]},{"@type":"WebSite","@id":"https:\/\/www.lifepr.de\/info\/#website","url":"https:\/\/www.lifepr.de\/info\/","name":"Inhalte ver\u00f6ffentlichen mit lifePR","description":"Inhalte ver\u00f6ffentlichen - Inhalte verbreiten - Inhalte erstellen","potentialAction":[{"@type":"SearchAction","target":{"@type":"EntryPoint","urlTemplate":"https:\/\/www.lifepr.de\/info\/?s={search_term_string}"},"query-input":{"@type":"PropertyValueSpecification","valueRequired":true,"valueName":"search_term_string"}}],"inLanguage":"de"}]}},"_links":{"self":[{"href":"https:\/\/www.lifepr.de\/info\/wp-json\/wp\/v2\/pages\/6164","targetHints":{"allow":["GET"]}}],"collection":[{"href":"https:\/\/www.lifepr.de\/info\/wp-json\/wp\/v2\/pages"}],"about":[{"href":"https:\/\/www.lifepr.de\/info\/wp-json\/wp\/v2\/types\/page"}],"author":[{"embeddable":true,"href":"https:\/\/www.lifepr.de\/info\/wp-json\/wp\/v2\/users\/6"}],"replies":[{"embeddable":true,"href":"https:\/\/www.lifepr.de\/info\/wp-json\/wp\/v2\/comments?post=6164"}],"version-history":[{"count":5,"href":"https:\/\/www.lifepr.de\/info\/wp-json\/wp\/v2\/pages\/6164\/revisions"}],"predecessor-version":[{"id":36978,"href":"https:\/\/www.lifepr.de\/info\/wp-json\/wp\/v2\/pages\/6164\/revisions\/36978"}],"up":[{"embeddable":true,"href":"https:\/\/www.lifepr.de\/info\/wp-json\/wp\/v2\/pages\/6129"}],"wp:attachment":[{"href":"https:\/\/www.lifepr.de\/info\/wp-json\/wp\/v2\/media?parent=6164"}],"wp:term":[{"taxonomy":"folder","embeddable":true,"href":"https:\/\/www.lifepr.de\/info\/wp-json\/wp\/v2\/folder?post=6164"}],"curies":[{"name":"wp","href":"https:\/\/api.w.org\/{rel}","templated":true}]}}