{"id":6129,"date":"2020-02-10T09:08:23","date_gmt":"2020-02-10T08:08:23","guid":{"rendered":"https:\/\/www.lifepr.de\/info\/?page_id=6129"},"modified":"2023-09-06T12:53:22","modified_gmt":"2023-09-06T10:53:22","slug":"loesungen","status":"publish","type":"page","link":"https:\/\/www.lifepr.de\/info\/loesungen\/","title":{"rendered":"L\u00f6sungen"},"content":{"rendered":"<div class=\"wpb-content-wrapper\">[vc_row bg_type=&#8220;image&#8220; parallax_style=&#8220;vcpb-default&#8220; bg_image_new=&#8220;id^7266|url^https:\/\/www.lifepr.de\/info\/wp-content\/uploads\/2020\/01\/istock-474087800.jpg|caption^Office desk table with computer, supplies, flower and coffee cup. Top view with copy space|alt^null|title^Office desk table with computer, supplies, flower and coffee cup|description^null&#8220; bg_image_repeat=&#8220;no-repeat&#8220; bg_override=&#8220;ex-full&#8220; enable_overlay=&#8220;enable_overlay_value&#8220; overlay_color=&#8220;rgba(0,0,0,0.2)&#8220; seperator_enable=&#8220;seperator_enable_value&#8220; seperator_type=&#8220;tilt_left_seperator&#8220; seperator_position=&#8220;bottom_seperator&#8220; seperator_svg_height=&#8220;100&#8243; css=&#8220;.vc_custom_1581321985682{margin-top: -50px !important;}&#8220;][vc_column][vc_empty_space height=&#8220;240px&#8220; el_id=&#8220;teaser&#8220;][mk_fancy_title tag_name=&#8220;span&#8220; color=&#8220;#000000&#8243; size=&#8220;30&#8243; force_font_size=&#8220;true&#8220; size_smallscreen=&#8220;30&#8243; size_tablet=&#8220;25&#8243; size_phone=&#8220;20&#8243; line_height=&#8220;120&#8243; font_weight=&#8220;400&#8243; font_style=&#8220;normal&#8220; margin_bottom=&#8220;0&#8243; font_family=&#8220;Montserrat&#8220; font_type=&#8220;google&#8220; align=&#8220;center&#8220; el_class=&#8220;black-header&#8220;]lifePR f\u00fcr Unternehmen und Journalist:innen[\/mk_fancy_title][mk_fancy_title tag_name=&#8220;h1&#8243; color=&#8220;#000000&#8243; size=&#8220;60&#8243; force_font_size=&#8220;true&#8220; size_smallscreen=&#8220;60&#8243; size_tablet=&#8220;45&#8243; size_phone=&#8220;35&#8243; line_height=&#8220;120&#8243; font_weight=&#8220;bold&#8220; font_style=&#8220;normal&#8220; txt_transform=&#8220;uppercase&#8220; letter_spacing=&#8220;0.5&#8243; font_family=&#8220;Montserrat&#8220; font_type=&#8220;google&#8220; align=&#8220;center&#8220; el_class=&#8220;black-header&#8220;]PR f\u00fcr jeden Bedarf[\/mk_fancy_title][vc_empty_space height=&#8220;150px&#8220; el_id=&#8220;teaser&#8220;][\/vc_column][\/vc_row][vc_row][vc_column css=&#8220;.vc_custom_1581320602207{padding-top: 60px !important;padding-bottom: 60px !important;}&#8220;][mk_fancy_title color=&#8220;#000000&#8243; size=&#8220;30&#8243; force_font_size=&#8220;true&#8220; size_smallscreen=&#8220;30&#8243; size_tablet=&#8220;20&#8243; size_phone=&#8220;20&#8243; line_height=&#8220;120&#8243; font_weight=&#8220;500&#8243; letter_spacing=&#8220;0.5&#8243; margin_bottom=&#8220;0&#8243; font_family=&#8220;Montserrat&#8220; font_type=&#8220;google&#8220; align=&#8220;center&#8220; el_class=&#8220;black-header&#8220;]Der perfekte Mix f\u00fcr Ihren PR-Erfolg[\/mk_fancy_title][mk_fancy_title tag_name=&#8220;span&#8220; color=&#8220;#444444&#8243; size=&#8220;18&#8243; force_font_size=&#8220;true&#8220; size_smallscreen=&#8220;18&#8243; size_tablet=&#8220;16&#8243; size_phone=&#8220;14&#8243; line_height=&#8220;150&#8243; font_weight=&#8220;400&#8243; txt_transform=&#8220;none&#8220; font_family=&#8220;Open+Sans&#8220; font_type=&#8220;google&#8220; align=&#8220;center&#8220; el_class=&#8220;black-text&#8220;]Egal, ob gerade erst gegr\u00fcndet, klein- oder mittelst\u00e4ndisch oder bereits etabliertes Gro\u00dfunternehmen \u2013 f\u00fcr jedes Budget bieten wir den passenden Mix f\u00fcr Ihre effektive PR-Arbeit.[\/mk_fancy_title][vc_row_inner][vc_column_inner width=&#8220;1\/3&#8243;][mk_icon_box2 icon_type=&#8220;image&#8220; icon_size=&#8220;inherit&#8220; icon_image=&#8220;https:\/\/www.lifepr.de\/info\/wp-content\/uploads\/2019\/12\/unternehmen.png&#8220; title=&#8220;Unternehmen&#8220; title_color=&#8220;#444444&#8243; title_top_padding=&#8220;30&#8243; description_color=&#8220;#444444&#8243;]Tausende zufriedene Unternehmen jeder Gr\u00f6\u00dfe nutzen bereits erfolgreich die lifePR f\u00fcr ihre PR-Aktivit\u00e4ten \u2013 hohe Online-Sichtbarkeit und Reichweite garantiert[\/mk_icon_box2][\/vc_column_inner][vc_column_inner width=&#8220;1\/3&#8243;][mk_icon_box2 icon_type=&#8220;image&#8220; icon_size=&#8220;inherit&#8220; icon_image=&#8220;https:\/\/www.lifepr.de\/info\/wp-content\/uploads\/2019\/12\/firmenauswahl.png&#8220; title=&#8220;Agenturen&#8220; title_color=&#8220;#444444&#8243; title_top_padding=&#8220;30&#8243; description_color=&#8220;#444444&#8243;]Ma\u00dfgeschneiderte Partnerprogramme f\u00fcr die Begeisterung der Kund:innen \u2013 mit einer L\u00f6sung werden Sie unterschiedlichsten Anspr\u00fcche der Kund:innen gerecht, Reporting inklusive[\/mk_icon_box2][\/vc_column_inner][vc_column_inner width=&#8220;1\/3&#8243;][mk_icon_box2 icon_type=&#8220;image&#8220; icon_size=&#8220;inherit&#8220; icon_image=&#8220;https:\/\/www.lifepr.de\/info\/wp-content\/uploads\/2020\/01\/presse-mail.png&#8220; title=&#8220;Journalist:innen&#8220; title_color=&#8220;#444444&#8243; title_top_padding=&#8220;30&#8243; description_color=&#8220;#444444&#8243;]Gr\u00f6\u00dftes Verbraucherthemen-Pressearchiv f\u00fcr Journalist:innen &amp; Meinungsmacher:innen \u2013 kostenloser individueller Abo-Service, gefiltert nach Themen, Branchen und Keywords[\/mk_icon_box2][\/vc_column_inner][\/vc_row_inner][vc_row_inner][vc_column_inner width=&#8220;1\/3&#8243;][vc_btn title=&#8220;Mehr erfahren&#8220; style=&#8220;flat&#8220; color=&#8220;primary&#8220; size=&#8220;sm&#8220; align=&#8220;center&#8220; link=&#8220;url:https%3A%2F%2Fwww.lifepr.de%2Finfo%2Floesungen%2Funternehmen%2F|||&#8220; el_id=&#8220;cta-red&#8220;][\/vc_column_inner][vc_column_inner width=&#8220;1\/3&#8243;][vc_btn title=&#8220;Mehr erfahren&#8220; style=&#8220;flat&#8220; color=&#8220;primary&#8220; size=&#8220;sm&#8220; align=&#8220;center&#8220; el_id=&#8220;cta-red&#8220; link=&#8220;url:https%3A%2F%2Fwww.lifepr.de%2Finfo%2Floesungen%2Fagentur%2F|||&#8220;][\/vc_column_inner][vc_column_inner width=&#8220;1\/3&#8243;][vc_btn title=&#8220;Mehr erfahren&#8220; style=&#8220;flat&#8220; color=&#8220;primary&#8220; size=&#8220;sm&#8220; align=&#8220;center&#8220; link=&#8220;url:https%3A%2F%2Fwww.lifepr.de%2Finfo%2Floesungen%2Fjournalist%2F|||&#8220; el_id=&#8220;cta-red&#8220;][\/vc_column_inner][\/vc_row_inner][\/vc_column][\/vc_row][vc_row bg_type=&#8220;grad&#8220; bg_override=&#8220;ex-full&#8220; bg_grad=&#8220;background: url(data:image\/svg+xml;base64,PHN2ZyB4bWxucz0iaHR0cDovL3d3dy53My5vcmcvMjAwMC9zdmciPjxkZWZzPjxsaW5lYXJHcmFkaWVudCBpZD0iZ3JhZGllbnQiIHgxPSIwJSIgeTE9IjAlIiB4Mj0iMCUiIHkyPSIxMDAlIj48c3RvcCBvZmZzZXQ9IjAlIiBzdHlsZT0ic3RvcC1jb2xvcjojRjVGNUY1OyIgLz48c3RvcCBvZmZzZXQ9IjEwMCUiIHN0eWxlPSJzdG9wLWNvbG9yOiNGRkZGRkY7IiAvPjwvbGluZWFyR3JhZGllbnQ+PC9kZWZzPjxyZWN0IGZpbGw9InVybCgjZ3JhZGllbnQpIiBoZWlnaHQ9IjEwMCUiIHdpZHRoPSIxMDAlIiAvPjwvc3ZnPg==);background: -webkit-gradient(linear, left top, left bottom, color-stop(0%, #F5F5F5), color-stop(100%, #FFFFFF));background: -moz-linear-gradient(320deg,#F5F5F5 0%,#FFFFFF 100%);background: -webkit-linear-gradient(320deg,#F5F5F5 0%,#FFFFFF 100%);background: -o-linear-gradient(320deg,#F5F5F5 0%,#FFFFFF 100%);background: -ms-linear-gradient(320deg,#F5F5F5 0%,#FFFFFF 100%);background: linear-gradient(320deg,#F5F5F5 0%,#FFFFFF 100%);&#8220;][vc_column css=&#8220;.vc_custom_1581320949008{padding-top: 60px !important;padding-bottom: 60px !important;}&#8220;][mk_fancy_title color=&#8220;#000000&#8243; size=&#8220;30&#8243; force_font_size=&#8220;true&#8220; size_smallscreen=&#8220;30&#8243; size_tablet=&#8220;20&#8243; size_phone=&#8220;20&#8243; line_height=&#8220;120&#8243; font_weight=&#8220;500&#8243; letter_spacing=&#8220;0.5&#8243; margin_bottom=&#8220;0&#8243; font_family=&#8220;Montserrat&#8220; font_type=&#8220;google&#8220; align=&#8220;center&#8220; el_class=&#8220;black-header&#8220;]Erfahrungen zufriedener Kund:innen[\/mk_fancy_title][mk_fancy_title tag_name=&#8220;span&#8220; color=&#8220;#444444&#8243; size=&#8220;18&#8243; force_font_size=&#8220;true&#8220; size_smallscreen=&#8220;18&#8243; size_tablet=&#8220;16&#8243; size_phone=&#8220;14&#8243; line_height=&#8220;150&#8243; font_weight=&#8220;400&#8243; txt_transform=&#8220;none&#8220; margin_bottom=&#8220;40&#8243; font_family=&#8220;Open+Sans&#8220; font_type=&#8220;google&#8220; align=&#8220;center&#8220; el_class=&#8220;black-text&#8220;]Unsere Kund:innen berichten von ihren Erfahrungen mit der lifePR. Das f\u00fchrende Tool f\u00fcr digitale PR im Bereich Verbraucherthemen begleitet tagt\u00e4glich unz\u00e4hlige zufriedene Kund:innen, um ihre PR-Arbeit zum Erfolg zu f\u00fchren und steht ihnen als kompetenter Ansprechpartner mit jahrelanger PR-Erfahrung mit Rat und Tat zur Seite.[\/mk_fancy_title][mk_testimonials style=&#8220;boxed&#8220; show_as=&#8220;column&#8220; count=&#8220;6&#8243; text_color=&#8220;#444444&#8243; skill_color=&#8220;#d60911&#8243; font_weight=&#8220;400&#8243; font_style=&#8220;normal&#8220; categories=&#8220;statement&#8220;][vc_btn title=&#8220;Mehr Erfahrungen&#8220; style=&#8220;flat&#8220; color=&#8220;primary&#8220; align=&#8220;center&#8220; link=&#8220;url:https%3A%2F%2Fwww.lifepr.de%2Finfo%2Ferfahrungen%2F||target:%20_blank|&#8220; el_id=&#8220;cta-red&#8220;][\/vc_column][\/vc_row]\n<\/div>","protected":false},"excerpt":{"rendered":"<p>[vc_row bg_type=&#8220;image&#8220; parallax_style=&#8220;vcpb-default&#8220; bg_image_new=&#8220;id^7266|url^https:\/\/www.lifepr.de\/info\/wp-content\/uploads\/2020\/01\/istock-474087800.jpg|caption^Office desk table with computer, supplies, flower and coffee cup. Top view with copy space|alt^null|title^Office desk table with computer, supplies, flower and coffee cup|description^null&#8220; bg_image_repeat=&#8220;no-repeat&#8220; bg_override=&#8220;ex-full&#8220; enable_overlay=&#8220;enable_overlay_value&#8220; overlay_color=&#8220;rgba(0,0,0,0.2)&#8220; seperator_enable=&#8220;seperator_enable_value&#8220; seperator_type=&#8220;tilt_left_seperator&#8220; seperator_position=&#8220;bottom_seperator&#8220; seperator_svg_height=&#8220;100&#8243; css=&#8220;.vc_custom_1581321985682{margin-top: -50px !important;}&#8220;][vc_column][vc_empty_space height=&#8220;240px&#8220; el_id=&#8220;teaser&#8220;][mk_fancy_title tag_name=&#8220;span&#8220; color=&#8220;#000000&#8243; size=&#8220;30&#8243; force_font_size=&#8220;true&#8220; size_smallscreen=&#8220;30&#8243; size_tablet=&#8220;25&#8243; size_phone=&#8220;20&#8243; line_height=&#8220;120&#8243; font_weight=&#8220;400&#8243; font_style=&#8220;normal&#8220; margin_bottom=&#8220;0&#8243; font_family=&#8220;Montserrat&#8220; font_type=&#8220;google&#8220; align=&#8220;center&#8220; el_class=&#8220;black-header&#8220;]lifePR [&hellip;]<\/p>\n","protected":false},"author":6,"featured_media":0,"parent":0,"menu_order":0,"comment_status":"closed","ping_status":"closed","template":"","meta":{"footnotes":""},"folder":[],"class_list":["post-6129","page","type-page","status-publish","hentry"],"yoast_head":"<!-- This site is optimized with the Yoast SEO plugin v26.6 - https:\/\/yoast.com\/wordpress\/plugins\/seo\/ -->\n<title>L\u00f6sungen - F\u00fcr Ihren PR-Erfolg und effektive Pressearbeit<\/title>\n<meta name=\"description\" content=\"Die lifePR bietet f\u00fcr jedes Budget und jegliche Unternehmensgr\u00f6\u00dfe die passende L\u00f6sung f\u00fcr Ihre effektive Pressearbeit.\" \/>\n<meta name=\"robots\" content=\"index, follow, max-snippet:-1, max-image-preview:large, max-video-preview:-1\" \/>\n<link rel=\"canonical\" href=\"https:\/\/www.lifepr.de\/info\/loesungen\/\" \/>\n<meta property=\"og:locale\" content=\"de_DE\" \/>\n<meta property=\"og:type\" content=\"article\" \/>\n<meta property=\"og:title\" content=\"L\u00f6sungen - F\u00fcr Ihren PR-Erfolg und effektive Pressearbeit\" \/>\n<meta property=\"og:description\" content=\"Die lifePR bietet f\u00fcr jedes Budget und jegliche Unternehmensgr\u00f6\u00dfe die passende L\u00f6sung f\u00fcr Ihre effektive Pressearbeit.\" \/>\n<meta property=\"og:url\" content=\"https:\/\/www.lifepr.de\/info\/loesungen\/\" \/>\n<meta property=\"og:site_name\" content=\"Inhalte ver\u00f6ffentlichen mit lifePR\" \/>\n<meta property=\"article:modified_time\" content=\"2023-09-06T10:53:22+00:00\" \/>\n<meta name=\"twitter:card\" content=\"summary_large_image\" \/>\n<meta name=\"twitter:label1\" content=\"Gesch\u00e4tzte Lesezeit\" \/>\n\t<meta name=\"twitter:data1\" content=\"3\u00a0Minuten\" \/>\n<script type=\"application\/ld+json\" class=\"yoast-schema-graph\">{\"@context\":\"https:\/\/schema.org\",\"@graph\":[{\"@type\":\"WebPage\",\"@id\":\"https:\/\/www.lifepr.de\/info\/loesungen\/\",\"url\":\"https:\/\/www.lifepr.de\/info\/loesungen\/\",\"name\":\"L\u00f6sungen - F\u00fcr Ihren PR-Erfolg und effektive Pressearbeit\",\"isPartOf\":{\"@id\":\"https:\/\/www.lifepr.de\/info\/#website\"},\"datePublished\":\"2020-02-10T08:08:23+00:00\",\"dateModified\":\"2023-09-06T10:53:22+00:00\",\"description\":\"Die lifePR bietet f\u00fcr jedes Budget und jegliche Unternehmensgr\u00f6\u00dfe die passende L\u00f6sung f\u00fcr Ihre effektive Pressearbeit.\",\"breadcrumb\":{\"@id\":\"https:\/\/www.lifepr.de\/info\/loesungen\/#breadcrumb\"},\"inLanguage\":\"de\",\"potentialAction\":[{\"@type\":\"ReadAction\",\"target\":[\"https:\/\/www.lifepr.de\/info\/loesungen\/\"]}]},{\"@type\":\"BreadcrumbList\",\"@id\":\"https:\/\/www.lifepr.de\/info\/loesungen\/#breadcrumb\",\"itemListElement\":[{\"@type\":\"ListItem\",\"position\":1,\"name\":\"Startseite\",\"item\":\"https:\/\/www.lifepr.de\/info\/\"},{\"@type\":\"ListItem\",\"position\":2,\"name\":\"L\u00f6sungen\"}]},{\"@type\":\"WebSite\",\"@id\":\"https:\/\/www.lifepr.de\/info\/#website\",\"url\":\"https:\/\/www.lifepr.de\/info\/\",\"name\":\"Inhalte ver\u00f6ffentlichen mit lifePR\",\"description\":\"Inhalte ver\u00f6ffentlichen - Inhalte verbreiten - Inhalte erstellen\",\"potentialAction\":[{\"@type\":\"SearchAction\",\"target\":{\"@type\":\"EntryPoint\",\"urlTemplate\":\"https:\/\/www.lifepr.de\/info\/?s={search_term_string}\"},\"query-input\":{\"@type\":\"PropertyValueSpecification\",\"valueRequired\":true,\"valueName\":\"search_term_string\"}}],\"inLanguage\":\"de\"}]}<\/script>\n<!-- \/ Yoast SEO plugin. -->","yoast_head_json":{"title":"L\u00f6sungen - F\u00fcr Ihren PR-Erfolg und effektive Pressearbeit","description":"Die lifePR bietet f\u00fcr jedes Budget und jegliche Unternehmensgr\u00f6\u00dfe die passende L\u00f6sung f\u00fcr Ihre effektive Pressearbeit.","robots":{"index":"index","follow":"follow","max-snippet":"max-snippet:-1","max-image-preview":"max-image-preview:large","max-video-preview":"max-video-preview:-1"},"canonical":"https:\/\/www.lifepr.de\/info\/loesungen\/","og_locale":"de_DE","og_type":"article","og_title":"L\u00f6sungen - F\u00fcr Ihren PR-Erfolg und effektive Pressearbeit","og_description":"Die lifePR bietet f\u00fcr jedes Budget und jegliche Unternehmensgr\u00f6\u00dfe die passende L\u00f6sung f\u00fcr Ihre effektive Pressearbeit.","og_url":"https:\/\/www.lifepr.de\/info\/loesungen\/","og_site_name":"Inhalte ver\u00f6ffentlichen mit lifePR","article_modified_time":"2023-09-06T10:53:22+00:00","twitter_card":"summary_large_image","twitter_misc":{"Gesch\u00e4tzte Lesezeit":"3\u00a0Minuten"},"schema":{"@context":"https:\/\/schema.org","@graph":[{"@type":"WebPage","@id":"https:\/\/www.lifepr.de\/info\/loesungen\/","url":"https:\/\/www.lifepr.de\/info\/loesungen\/","name":"L\u00f6sungen - F\u00fcr Ihren PR-Erfolg und effektive Pressearbeit","isPartOf":{"@id":"https:\/\/www.lifepr.de\/info\/#website"},"datePublished":"2020-02-10T08:08:23+00:00","dateModified":"2023-09-06T10:53:22+00:00","description":"Die lifePR bietet f\u00fcr jedes Budget und jegliche Unternehmensgr\u00f6\u00dfe die passende L\u00f6sung f\u00fcr Ihre effektive Pressearbeit.","breadcrumb":{"@id":"https:\/\/www.lifepr.de\/info\/loesungen\/#breadcrumb"},"inLanguage":"de","potentialAction":[{"@type":"ReadAction","target":["https:\/\/www.lifepr.de\/info\/loesungen\/"]}]},{"@type":"BreadcrumbList","@id":"https:\/\/www.lifepr.de\/info\/loesungen\/#breadcrumb","itemListElement":[{"@type":"ListItem","position":1,"name":"Startseite","item":"https:\/\/www.lifepr.de\/info\/"},{"@type":"ListItem","position":2,"name":"L\u00f6sungen"}]},{"@type":"WebSite","@id":"https:\/\/www.lifepr.de\/info\/#website","url":"https:\/\/www.lifepr.de\/info\/","name":"Inhalte ver\u00f6ffentlichen mit lifePR","description":"Inhalte ver\u00f6ffentlichen - Inhalte verbreiten - Inhalte erstellen","potentialAction":[{"@type":"SearchAction","target":{"@type":"EntryPoint","urlTemplate":"https:\/\/www.lifepr.de\/info\/?s={search_term_string}"},"query-input":{"@type":"PropertyValueSpecification","valueRequired":true,"valueName":"search_term_string"}}],"inLanguage":"de"}]}},"_links":{"self":[{"href":"https:\/\/www.lifepr.de\/info\/wp-json\/wp\/v2\/pages\/6129","targetHints":{"allow":["GET"]}}],"collection":[{"href":"https:\/\/www.lifepr.de\/info\/wp-json\/wp\/v2\/pages"}],"about":[{"href":"https:\/\/www.lifepr.de\/info\/wp-json\/wp\/v2\/types\/page"}],"author":[{"embeddable":true,"href":"https:\/\/www.lifepr.de\/info\/wp-json\/wp\/v2\/users\/6"}],"replies":[{"embeddable":true,"href":"https:\/\/www.lifepr.de\/info\/wp-json\/wp\/v2\/comments?post=6129"}],"version-history":[{"count":5,"href":"https:\/\/www.lifepr.de\/info\/wp-json\/wp\/v2\/pages\/6129\/revisions"}],"predecessor-version":[{"id":36982,"href":"https:\/\/www.lifepr.de\/info\/wp-json\/wp\/v2\/pages\/6129\/revisions\/36982"}],"wp:attachment":[{"href":"https:\/\/www.lifepr.de\/info\/wp-json\/wp\/v2\/media?parent=6129"}],"wp:term":[{"taxonomy":"folder","embeddable":true,"href":"https:\/\/www.lifepr.de\/info\/wp-json\/wp\/v2\/folder?post=6129"}],"curies":[{"name":"wp","href":"https:\/\/api.w.org\/{rel}","templated":true}]}}