{"id":4583,"date":"2019-01-16T15:59:38","date_gmt":"2019-01-16T14:59:38","guid":{"rendered":"https:\/\/www.lifepr.de\/info\/?page_id=4583"},"modified":"2019-01-16T16:25:00","modified_gmt":"2019-01-16T15:25:00","slug":"hf-redaktion","status":"publish","type":"page","link":"https:\/\/www.lifepr.de\/info\/erfahrungen\/hf-redaktion\/","title":{"rendered":"HF.Redaktion"},"content":{"rendered":"<div class=\"wpb-content-wrapper\">[vc_row bg_type=&#8220;image&#8220; parallax_style=&#8220;vcpb-default&#8220; bg_image_new=&#8220;id^995|url^https:\/\/www.lifepr.de\/info\/wp-content\/uploads\/2017\/04\/individuell.jpg|caption^null|alt^lifePR Individuell|title^null|description^null&#8220; bg_image_repeat=&#8220;no-repeat&#8220; bg_override=&#8220;ex-full&#8220; enable_overlay=&#8220;enable_overlay_value&#8220; overlay_color=&#8220;rgba(255,255,255,0.2)&#8220; seperator_enable=&#8220;seperator_enable_value&#8220; seperator_type=&#8220;tilt_left_seperator&#8220; seperator_position=&#8220;bottom_seperator&#8220; seperator_svg_height=&#8220;100&#8243; css=&#8220;.vc_custom_1517500273568{margin-top: -50px !important;}&#8220;][vc_column][vc_empty_space height=&#8220;150&#8243;][mk_fancy_title tag_name=&#8220;span&#8220; color=&#8220;#000000&#8243; size=&#8220;30&#8243; font_weight=&#8220;400&#8243; font_style=&#8220;normal&#8220; margin_bottom=&#8220;0&#8243; font_family=&#8220;Montserrat&#8220; font_type=&#8220;google&#8220; align=&#8220;center&#8220;]HF.Redaktion[\/mk_fancy_title][mk_fancy_title tag_name=&#8220;h1&#8243; color=&#8220;#000000&#8243; size=&#8220;70&#8243; font_weight=&#8220;bold&#8220; font_style=&#8220;normal&#8220; txt_transform=&#8220;uppercase&#8220; font_family=&#8220;Montserrat&#8220; font_type=&#8220;google&#8220; align=&#8220;center&#8220;]Erfahrungen[\/mk_fancy_title][vc_empty_space height=&#8220;150&#8243;][\/vc_column][\/vc_row][vc_row][vc_column width=&#8220;2\/3&#8243;][vc_empty_space height=&#8220;50px&#8220;][\/vc_column][vc_column width=&#8220;1\/3&#8243;][vc_btn title=&#8220;Zu den Erfahrungen mit der lifePR&#8220; style=&#8220;flat&#8220; shape=&#8220;round&#8220; color=&#8220;primary&#8220; size=&#8220;sm&#8220; link=&#8220;url:https%3A%2F%2Fwww.lifepr.de%2Finfo%2Ferfahrungen%2F|||&#8220; css=&#8220;.vc_custom_1519049672766{margin-top: 5px !important;}&#8220;][\/vc_column][\/vc_row][vc_row][vc_column][vc_empty_space height=&#8220;100px&#8220;][mk_fancy_title tag_name=&#8220;span&#8220; color=&#8220;#000000&#8243; size=&#8220;30&#8243; font_weight=&#8220;400&#8243; font_style=&#8220;normal&#8220; font_family=&#8220;Montserrat&#8220; font_type=&#8220;google&#8220; align=&#8220;center&#8220;]Interview mit HF.Redaktion[\/mk_fancy_title][vc_empty_space height=&#8220;50px&#8220;][\/vc_column][\/vc_row][vc_row][vc_column width=&#8220;2\/3&#8243;][vc_empty_space height=&#8220;50px&#8220;][mk_fancy_title tag_name=&#8220;span&#8220; color=&#8220;#000000&#8243; size=&#8220;20&#8243; force_font_size=&#8220;true&#8220; size_smallscreen=&#8220;18&#8243; size_tablet=&#8220;20&#8243; size_phone=&#8220;20&#8243; line_height=&#8220;120&#8243; font_weight=&#8220;500&#8243; txt_transform=&#8220;none&#8220; font_family=&#8220;Montserrat&#8220; font_type=&#8220;google&#8220;]Beschreiben Sie kurz Ihre Firma.[\/mk_fancy_title][vc_empty_space height=&#8220;5px&#8220;][vc_row_inner][vc_column_inner css=&#8220;.vc_custom_1518697410373{background-color: #f5f5f5 !important;border-radius: 5px !important;}&#8220;][mk_fancy_title tag_name=&#8220;span&#8220; color=&#8220;#000000&#8243; size=&#8220;18&#8243; force_font_size=&#8220;true&#8220; size_smallscreen=&#8220;18&#8243; size_tablet=&#8220;15&#8243; size_phone=&#8220;15&#8243; line_height=&#8220;150&#8243; font_weight=&#8220;300&#8243; font_style=&#8220;italic&#8220; txt_transform=&#8220;none&#8220; font_family=&#8220;Open+Sans&#8220; font_type=&#8220;google&#8220;]&#8220;HF.Redaktion ist das Redaktionsb\u00fcro des freien Journalisten Harald Friedrich. Wir unterst\u00fctzen als externe Pressestelle u. a. acht Dachdecker-Landesinnungsverb\u00e4nde im Bereich der \u00d6ffentlichkeitsarbeit.&#8220;[\/mk_fancy_title][\/vc_column_inner][\/vc_row_inner][\/vc_column][vc_column width=&#8220;1\/3&#8243;][vc_single_image image=&#8220;4580&#8243; img_size=&#8220;200&#215;200&#8243; onclick=&#8220;custom_link&#8220; img_link_target=&#8220;_blank&#8220; link=&#8220;http:\/\/www.hf-redaktion.de&#8220;]<div class=\"aio-icon-component  vc_custom_1547651972538   style_1\"><div id=\"Info-box-wrap-3436\" class=\"aio-icon-box default-icon\" style=\"\"  ><div class=\"aio-icon-default\"><div class=\"ult-just-icon-wrapper  \"><div class=\"align-icon\" style=\"text-align:center;\">\n<div class=\"aio-icon none \"  style=\"color:#d90111;font-size:14px;display:inline-block;\">\n\t<i class=\"Defaults-list\"><\/i>\n<\/div><\/div><\/div><\/div><div class=\"aio-icon-header\" ><h3 class=\"aio-icon-title ult-responsive\"  data-ultimate-target='#Info-box-wrap-3436 .aio-icon-title'  data-responsive-json-new='{\"font-size\":\"desktop:15px;\",\"line-height\":\"\"}'  style=\"\">Agentur<\/h3><\/div> <!-- header --><\/div> <!-- aio-icon-box --><\/div> <!-- aio-icon-component --><div class=\"aio-icon-component  vc_custom_1547644420970   style_1\"><a class=\"aio-icon-box-link\" href=\"http:\/\/www.hf-redaktion.de\" target=\"_blank\"><div id=\"Info-box-wrap-6155\" class=\"aio-icon-box default-icon\" style=\"\"  ><div class=\"aio-icon-default\"><div class=\"ult-just-icon-wrapper  \"><div class=\"align-icon\" style=\"text-align:center;\">\n<div class=\"aio-icon none \"  style=\"color:#d90111;font-size:14px;display:inline-block;\">\n\t<i class=\"icomoon-set-pb-earth\"><\/i>\n<\/div><\/div><\/div><\/div><div class=\"aio-icon-header\" ><h3 class=\"aio-icon-title ult-responsive\"  data-ultimate-target='#Info-box-wrap-6155 .aio-icon-title'  data-responsive-json-new='{\"font-size\":\"desktop:15px;\",\"line-height\":\"\"}'  style=\"\">www.hf-redaktion.de<\/h3><\/div> <!-- header --><\/div> <!-- aio-icon-box --><\/a><\/div> <!-- aio-icon-component --><div class=\"aio-icon-component  vc_custom_1547644447572   style_1\"><a class=\"aio-icon-box-link\" href=\"https:\/\/www.lifepr.de\/newsroom\/hfredaktion-harald-friedrich\" ><div id=\"Info-box-wrap-3297\" class=\"aio-icon-box default-icon\" style=\"\"  ><div class=\"aio-icon-default\"><div class=\"ult-just-icon-wrapper  \"><div class=\"align-icon\" style=\"text-align:center;\">\n<div class=\"aio-icon none \"  style=\"color:#d90111;font-size:14px;display:inline-block;\">\n\t<i class=\"icomoon-set-pb-newspaper\"><\/i>\n<\/div><\/div><\/div><\/div><div class=\"aio-icon-header\" ><h3 class=\"aio-icon-title ult-responsive\"  data-ultimate-target='#Info-box-wrap-3297 .aio-icon-title'  data-responsive-json-new='{\"font-size\":\"desktop:15px;\",\"line-height\":\"\"}'  style=\"\">Newsroom<\/h3><\/div> <!-- header --><\/div> <!-- aio-icon-box --><\/a><\/div> <!-- aio-icon-component -->[\/vc_column][\/vc_row][vc_row][vc_column width=&#8220;2\/3&#8243;][vc_empty_space height=&#8220;50px&#8220;][mk_fancy_title tag_name=&#8220;span&#8220; color=&#8220;#000000&#8243; size=&#8220;20&#8243; force_font_size=&#8220;true&#8220; size_smallscreen=&#8220;18&#8243; size_tablet=&#8220;20&#8243; size_phone=&#8220;20&#8243; line_height=&#8220;120&#8243; font_weight=&#8220;500&#8243; txt_transform=&#8220;none&#8220; font_family=&#8220;Montserrat&#8220; font_type=&#8220;google&#8220;]Warum haben Sie sich f\u00fcr die lifePR entschieden?[\/mk_fancy_title][vc_empty_space height=&#8220;5px&#8220;][vc_row_inner][vc_column_inner css=&#8220;.vc_custom_1518697410373{background-color: #f5f5f5 !important;border-radius: 5px !important;}&#8220;][mk_fancy_title tag_name=&#8220;span&#8220; color=&#8220;#000000&#8243; size=&#8220;18&#8243; force_font_size=&#8220;true&#8220; size_smallscreen=&#8220;18&#8243; size_tablet=&#8220;15&#8243; size_phone=&#8220;15&#8243; line_height=&#8220;150&#8243; font_weight=&#8220;300&#8243; font_style=&#8220;italic&#8220; txt_transform=&#8220;none&#8220; font_family=&#8220;Open+Sans&#8220; font_type=&#8220;google&#8220;]&#8220;lifePR ist f\u00fcr uns das optimale Online-Presseportal f\u00fcr unsere t\u00e4gliche Arbeit. Zus\u00e4tzlich zum regelm\u00e4\u00dfigen Versand von Presseinformationen stellen wir dieses Text- und Bildmaterial auf lifePR ein.\u00a0 Einerseits ist lifePR f\u00fcr unsere Arbeit ein hervorragender Multiplikator, andererseits k\u00f6nnen wir unseren Kunden, also den Landesverb\u00e4nden, deren angeschlossenen Innungen und deren Mitgliedsbetrieben \u00fcber das Pressecorner einen perfekten kosten- und pflegeaufwandfreien News-Bereich auf deren Websites bieten. Zudem erlaubt der Statistikbereich eine sehr gute Auswertung und Dokumentation der Verbreitung und des Erfolgs jeder Meldung. Das Preis-\/Leistungsverh\u00e4ltnis ist mehr als angemessen.&#8220;[\/mk_fancy_title][\/vc_column_inner][\/vc_row_inner][\/vc_column][\/vc_row][vc_row][vc_column width=&#8220;2\/3&#8243;][vc_empty_space height=&#8220;50px&#8220;][mk_fancy_title tag_name=&#8220;span&#8220; color=&#8220;#000000&#8243; size=&#8220;20&#8243; force_font_size=&#8220;true&#8220; size_smallscreen=&#8220;18&#8243; size_tablet=&#8220;20&#8243; size_phone=&#8220;20&#8243; line_height=&#8220;120&#8243; font_weight=&#8220;500&#8243; txt_transform=&#8220;none&#8220; font_family=&#8220;Montserrat&#8220; font_type=&#8220;google&#8220;]Wie erleben Sie die Benutzung unseres Online-Portals generell und die Einstellung einer Pressemitteilung?[\/mk_fancy_title][vc_empty_space height=&#8220;5px&#8220;][vc_row_inner][vc_column_inner css=&#8220;.vc_custom_1518697410373{background-color: #f5f5f5 !important;border-radius: 5px !important;}&#8220;][mk_fancy_title tag_name=&#8220;span&#8220; color=&#8220;#000000&#8243; size=&#8220;18&#8243; force_font_size=&#8220;true&#8220; size_smallscreen=&#8220;18&#8243; size_tablet=&#8220;15&#8243; size_phone=&#8220;15&#8243; line_height=&#8220;150&#8243; font_weight=&#8220;300&#8243; font_style=&#8220;italic&#8220; txt_transform=&#8220;none&#8220; font_family=&#8220;Open+Sans&#8220; font_type=&#8220;google&#8220;]&#8220;Die Nutzung ist praktisch selbsterkl\u00e4rend. Es ist auch f\u00fcr Unge\u00fcbte nicht n\u00f6tig, eine &#8222;Gebrauchsanleitung&#8220; zu lesen oder Tutorials anzusehen. Einloggen, loslegen. So muss ein Tool f\u00fcr unsere Arbeit sein, um uns die Arbeit zu erleichtern &#8211; und nicht zus\u00e4tzliche Arbeit bescheren.&#8220;[\/mk_fancy_title][\/vc_column_inner][\/vc_row_inner][\/vc_column][\/vc_row][vc_row][vc_column width=&#8220;2\/3&#8243;][vc_empty_space height=&#8220;50px&#8220;][mk_fancy_title tag_name=&#8220;span&#8220; color=&#8220;#000000&#8243; size=&#8220;20&#8243; force_font_size=&#8220;true&#8220; size_smallscreen=&#8220;18&#8243; size_tablet=&#8220;20&#8243; size_phone=&#8220;20&#8243; line_height=&#8220;120&#8243; font_weight=&#8220;500&#8243; txt_transform=&#8220;none&#8220; font_family=&#8220;Montserrat&#8220; font_type=&#8220;google&#8220;]Sind Sie bereits pers\u00f6nlich in Kontakt mit der lifePR gewesen?[\/mk_fancy_title][vc_empty_space height=&#8220;5px&#8220;][vc_row_inner][vc_column_inner css=&#8220;.vc_custom_1518697410373{background-color: #f5f5f5 !important;border-radius: 5px !important;}&#8220;][mk_fancy_title tag_name=&#8220;span&#8220; color=&#8220;#000000&#8243; size=&#8220;18&#8243; force_font_size=&#8220;true&#8220; size_smallscreen=&#8220;18&#8243; size_tablet=&#8220;15&#8243; size_phone=&#8220;15&#8243; line_height=&#8220;150&#8243; font_weight=&#8220;300&#8243; font_style=&#8220;italic&#8220; txt_transform=&#8220;none&#8220; font_family=&#8220;Open+Sans&#8220; font_type=&#8220;google&#8220;]&#8220;Mehrfach hatten wir R\u00fcckfragen zu Vertragserweiterungen etc. oder \u00c4nderungen von Inhalten. Es gibt weder telefonische Warteschleifen noch beschwichtigende Emails, man m\u00f6ge sich noch 48 Stunden gedulden. Soforthilfe ist stets angesagt.&#8220;[\/mk_fancy_title][\/vc_column_inner][\/vc_row_inner][\/vc_column][\/vc_row][vc_row][vc_column width=&#8220;2\/3&#8243;][vc_empty_space height=&#8220;50px&#8220;][mk_fancy_title tag_name=&#8220;span&#8220; color=&#8220;#000000&#8243; size=&#8220;20&#8243; force_font_size=&#8220;true&#8220; size_smallscreen=&#8220;18&#8243; size_tablet=&#8220;20&#8243; size_phone=&#8220;20&#8243; line_height=&#8220;120&#8243; font_weight=&#8220;500&#8243; txt_transform=&#8220;none&#8220; font_family=&#8220;Montserrat&#8220; font_type=&#8220;google&#8220;]Inwiefern hat die lifePR Ihre Pressearbeit verbessert?[\/mk_fancy_title][vc_empty_space height=&#8220;5px&#8220;][vc_row_inner][vc_column_inner css=&#8220;.vc_custom_1518697410373{background-color: #f5f5f5 !important;border-radius: 5px !important;}&#8220;][mk_fancy_title tag_name=&#8220;span&#8220; color=&#8220;#000000&#8243; size=&#8220;18&#8243; force_font_size=&#8220;true&#8220; size_smallscreen=&#8220;18&#8243; size_tablet=&#8220;15&#8243; size_phone=&#8220;15&#8243; line_height=&#8220;150&#8243; font_weight=&#8220;300&#8243; font_style=&#8220;italic&#8220; txt_transform=&#8220;none&#8220; font_family=&#8220;Open+Sans&#8220; font_type=&#8220;google&#8220;]&#8220;Wir k\u00f6nnen jederzeit Meldungen einstellen ohne Verz\u00f6gerungen. Wir k\u00f6nnen unseren Kunden nicht nur t\u00e4glich die Zugriffszahlen dokumentieren &#8211; und das f\u00fcr jede einzelne Meldung. Au\u00dferdem hilft uns die Vergleichsstatistik zu erfahren, welche Meldung aufg besonderes Interesse st\u00f6\u00dft und bei welchen Meldungen weniger &#8222;Nachfrage&#8220; besteht. Besonders interessant f\u00fcr uns und unsere Kunden, die j\u00e4hrlichen Zusammenfassungen der Meldungsstatistiken gegen\u00fcber zu stellen. Damit wird auch der Erfolg unserer Arbeit dokumentiert. Beispiel: Die Zugriffe auf unsere Meldungen konnten wir insgesamt um fast 400 % steigern (2017 zu 2018). Solche Dokumentationen sind auch f\u00fcr unsere Kunden die beste Best\u00e4tigung, dass der Einsatz von lifePR f\u00fcr die \u00d6ffentlichkeitsarbeit unverzichtbar ist.&#8220;[\/mk_fancy_title][\/vc_column_inner][\/vc_row_inner][\/vc_column][\/vc_row][vc_row][vc_column width=&#8220;2\/3&#8243;][vc_empty_space height=&#8220;50px&#8220;][mk_fancy_title tag_name=&#8220;span&#8220; color=&#8220;#000000&#8243; size=&#8220;20&#8243; force_font_size=&#8220;true&#8220; size_smallscreen=&#8220;18&#8243; size_tablet=&#8220;20&#8243; size_phone=&#8220;20&#8243; line_height=&#8220;120&#8243; font_weight=&#8220;500&#8243; txt_transform=&#8220;none&#8220; font_family=&#8220;Montserrat&#8220; font_type=&#8220;google&#8220;]Welchen Mehrwert erhalten Sie durch die lifePR?[\/mk_fancy_title][mk_testimonials style=&#8220;boxed&#8220; count=&#8220;1&#8243; font_weight=&#8220;400&#8243; testimonials=&#8220;4587&#8243;][\/vc_column][vc_column width=&#8220;1\/3&#8243;][\/vc_column][\/vc_row]\n<\/div>","protected":false},"excerpt":{"rendered":"<p>[vc_row bg_type=&#8220;image&#8220; parallax_style=&#8220;vcpb-default&#8220; bg_image_new=&#8220;id^995|url^https:\/\/www.lifepr.de\/info\/wp-content\/uploads\/2017\/04\/individuell.jpg|caption^null|alt^lifePR Individuell|title^null|description^null&#8220; bg_image_repeat=&#8220;no-repeat&#8220; bg_override=&#8220;ex-full&#8220; enable_overlay=&#8220;enable_overlay_value&#8220; overlay_color=&#8220;rgba(255,255,255,0.2)&#8220; seperator_enable=&#8220;seperator_enable_value&#8220; seperator_type=&#8220;tilt_left_seperator&#8220; seperator_position=&#8220;bottom_seperator&#8220; seperator_svg_height=&#8220;100&#8243; css=&#8220;.vc_custom_1517500273568{margin-top: -50px !important;}&#8220;][vc_column][vc_empty_space height=&#8220;150&#8243;][mk_fancy_title tag_name=&#8220;span&#8220; color=&#8220;#000000&#8243; size=&#8220;30&#8243; font_weight=&#8220;400&#8243; font_style=&#8220;normal&#8220; margin_bottom=&#8220;0&#8243; font_family=&#8220;Montserrat&#8220; font_type=&#8220;google&#8220; align=&#8220;center&#8220;]HF.Redaktion[\/mk_fancy_title][mk_fancy_title tag_name=&#8220;h1&#8243; color=&#8220;#000000&#8243; size=&#8220;70&#8243; font_weight=&#8220;bold&#8220; font_style=&#8220;normal&#8220; txt_transform=&#8220;uppercase&#8220; font_family=&#8220;Montserrat&#8220; font_type=&#8220;google&#8220; align=&#8220;center&#8220;]Erfahrungen[\/mk_fancy_title][vc_empty_space height=&#8220;150&#8243;][\/vc_column][\/vc_row][vc_row][vc_column width=&#8220;2\/3&#8243;][vc_empty_space height=&#8220;50px&#8220;][\/vc_column][vc_column width=&#8220;1\/3&#8243;][vc_btn title=&#8220;Zu den Erfahrungen mit der lifePR&#8220; style=&#8220;flat&#8220; shape=&#8220;round&#8220; color=&#8220;primary&#8220; size=&#8220;sm&#8220; link=&#8220;url:https%3A%2F%2Fwww.lifepr.de%2Finfo%2Ferfahrungen%2F|||&#8220; css=&#8220;.vc_custom_1519049672766{margin-top: 5px !important;}&#8220;][\/vc_column][\/vc_row][vc_row][vc_column][vc_empty_space height=&#8220;100px&#8220;][mk_fancy_title tag_name=&#8220;span&#8220; [&hellip;]<\/p>\n","protected":false},"author":6,"featured_media":0,"parent":2768,"menu_order":0,"comment_status":"closed","ping_status":"closed","template":"","meta":{"footnotes":""},"folder":[],"class_list":["post-4583","page","type-page","status-publish","hentry"],"yoast_head":"<!-- This site is optimized with the Yoast SEO plugin v26.6 - https:\/\/yoast.com\/wordpress\/plugins\/seo\/ -->\n<title>HF.Redaktion - Inhalte ver\u00f6ffentlichen mit lifePR<\/title>\n<meta name=\"robots\" content=\"index, follow, max-snippet:-1, max-image-preview:large, max-video-preview:-1\" \/>\n<link rel=\"canonical\" href=\"https:\/\/www.lifepr.de\/info\/erfahrungen\/hf-redaktion\/\" \/>\n<meta property=\"og:locale\" content=\"de_DE\" \/>\n<meta property=\"og:type\" content=\"article\" \/>\n<meta property=\"og:title\" content=\"HF.Redaktion - Inhalte ver\u00f6ffentlichen mit lifePR\" \/>\n<meta property=\"og:description\" content=\"[vc_row bg_type=&#8220;image&#8220; parallax_style=&#8220;vcpb-default&#8220; bg_image_new=&#8220;id^995|url^https:\/\/www.lifepr.de\/info\/wp-content\/uploads\/2017\/04\/individuell.jpg|caption^null|alt^lifePR Individuell|title^null|description^null&#8220; bg_image_repeat=&#8220;no-repeat&#8220; bg_override=&#8220;ex-full&#8220; enable_overlay=&#8220;enable_overlay_value&#8220; overlay_color=&#8220;rgba(255,255,255,0.2)&#8220; seperator_enable=&#8220;seperator_enable_value&#8220; seperator_type=&#8220;tilt_left_seperator&#8220; seperator_position=&#8220;bottom_seperator&#8220; seperator_svg_height=&#8220;100&#8243; css=&#8220;.vc_custom_1517500273568{margin-top: -50px !important;}&#8220;][vc_column][vc_empty_space height=&#8220;150&#8243;][mk_fancy_title tag_name=&#8220;span&#8220; color=&#8220;#000000&#8243; size=&#8220;30&#8243; font_weight=&#8220;400&#8243; font_style=&#8220;normal&#8220; margin_bottom=&#8220;0&#8243; font_family=&#8220;Montserrat&#8220; font_type=&#8220;google&#8220; align=&#8220;center&#8220;]HF.Redaktion[\/mk_fancy_title][mk_fancy_title tag_name=&#8220;h1&#8243; color=&#8220;#000000&#8243; size=&#8220;70&#8243; font_weight=&#8220;bold&#8220; font_style=&#8220;normal&#8220; txt_transform=&#8220;uppercase&#8220; font_family=&#8220;Montserrat&#8220; font_type=&#8220;google&#8220; align=&#8220;center&#8220;]Erfahrungen[\/mk_fancy_title][vc_empty_space height=&#8220;150&#8243;][\/vc_column][\/vc_row][vc_row][vc_column width=&#8220;2\/3&#8243;][vc_empty_space height=&#8220;50px&#8220;][\/vc_column][vc_column width=&#8220;1\/3&#8243;][vc_btn title=&#8220;Zu den Erfahrungen mit der lifePR&#8220; style=&#8220;flat&#8220; shape=&#8220;round&#8220; color=&#8220;primary&#8220; size=&#8220;sm&#8220; link=&#8220;url:https%3A%2F%2Fwww.lifepr.de%2Finfo%2Ferfahrungen%2F|||&#8220; css=&#8220;.vc_custom_1519049672766{margin-top: 5px !important;}&#8220;][\/vc_column][\/vc_row][vc_row][vc_column][vc_empty_space height=&#8220;100px&#8220;][mk_fancy_title tag_name=&#8220;span&#8220; [&hellip;]\" \/>\n<meta property=\"og:url\" content=\"https:\/\/www.lifepr.de\/info\/erfahrungen\/hf-redaktion\/\" \/>\n<meta property=\"og:site_name\" content=\"Inhalte ver\u00f6ffentlichen mit lifePR\" \/>\n<meta property=\"article:modified_time\" content=\"2019-01-16T15:25:00+00:00\" \/>\n<meta name=\"twitter:card\" content=\"summary_large_image\" \/>\n<meta name=\"twitter:label1\" content=\"Gesch\u00e4tzte Lesezeit\" \/>\n\t<meta name=\"twitter:data1\" content=\"7\u00a0Minuten\" \/>\n<script type=\"application\/ld+json\" class=\"yoast-schema-graph\">{\"@context\":\"https:\/\/schema.org\",\"@graph\":[{\"@type\":\"WebPage\",\"@id\":\"https:\/\/www.lifepr.de\/info\/erfahrungen\/hf-redaktion\/\",\"url\":\"https:\/\/www.lifepr.de\/info\/erfahrungen\/hf-redaktion\/\",\"name\":\"HF.Redaktion - Inhalte ver\u00f6ffentlichen mit lifePR\",\"isPartOf\":{\"@id\":\"https:\/\/www.lifepr.de\/info\/#website\"},\"datePublished\":\"2019-01-16T14:59:38+00:00\",\"dateModified\":\"2019-01-16T15:25:00+00:00\",\"breadcrumb\":{\"@id\":\"https:\/\/www.lifepr.de\/info\/erfahrungen\/hf-redaktion\/#breadcrumb\"},\"inLanguage\":\"de\",\"potentialAction\":[{\"@type\":\"ReadAction\",\"target\":[\"https:\/\/www.lifepr.de\/info\/erfahrungen\/hf-redaktion\/\"]}]},{\"@type\":\"BreadcrumbList\",\"@id\":\"https:\/\/www.lifepr.de\/info\/erfahrungen\/hf-redaktion\/#breadcrumb\",\"itemListElement\":[{\"@type\":\"ListItem\",\"position\":1,\"name\":\"Startseite\",\"item\":\"https:\/\/www.lifepr.de\/info\/\"},{\"@type\":\"ListItem\",\"position\":2,\"name\":\"Erfahrungen\",\"item\":\"https:\/\/www.lifepr.de\/info\/erfahrungen\/\"},{\"@type\":\"ListItem\",\"position\":3,\"name\":\"HF.Redaktion\"}]},{\"@type\":\"WebSite\",\"@id\":\"https:\/\/www.lifepr.de\/info\/#website\",\"url\":\"https:\/\/www.lifepr.de\/info\/\",\"name\":\"Inhalte ver\u00f6ffentlichen mit lifePR\",\"description\":\"Inhalte ver\u00f6ffentlichen - Inhalte verbreiten - Inhalte erstellen\",\"potentialAction\":[{\"@type\":\"SearchAction\",\"target\":{\"@type\":\"EntryPoint\",\"urlTemplate\":\"https:\/\/www.lifepr.de\/info\/?s={search_term_string}\"},\"query-input\":{\"@type\":\"PropertyValueSpecification\",\"valueRequired\":true,\"valueName\":\"search_term_string\"}}],\"inLanguage\":\"de\"}]}<\/script>\n<!-- \/ Yoast SEO plugin. -->","yoast_head_json":{"title":"HF.Redaktion - Inhalte ver\u00f6ffentlichen mit lifePR","robots":{"index":"index","follow":"follow","max-snippet":"max-snippet:-1","max-image-preview":"max-image-preview:large","max-video-preview":"max-video-preview:-1"},"canonical":"https:\/\/www.lifepr.de\/info\/erfahrungen\/hf-redaktion\/","og_locale":"de_DE","og_type":"article","og_title":"HF.Redaktion - Inhalte ver\u00f6ffentlichen mit lifePR","og_description":"[vc_row bg_type=&#8220;image&#8220; parallax_style=&#8220;vcpb-default&#8220; bg_image_new=&#8220;id^995|url^https:\/\/www.lifepr.de\/info\/wp-content\/uploads\/2017\/04\/individuell.jpg|caption^null|alt^lifePR Individuell|title^null|description^null&#8220; bg_image_repeat=&#8220;no-repeat&#8220; bg_override=&#8220;ex-full&#8220; enable_overlay=&#8220;enable_overlay_value&#8220; overlay_color=&#8220;rgba(255,255,255,0.2)&#8220; seperator_enable=&#8220;seperator_enable_value&#8220; seperator_type=&#8220;tilt_left_seperator&#8220; seperator_position=&#8220;bottom_seperator&#8220; seperator_svg_height=&#8220;100&#8243; css=&#8220;.vc_custom_1517500273568{margin-top: -50px !important;}&#8220;][vc_column][vc_empty_space height=&#8220;150&#8243;][mk_fancy_title tag_name=&#8220;span&#8220; color=&#8220;#000000&#8243; size=&#8220;30&#8243; font_weight=&#8220;400&#8243; font_style=&#8220;normal&#8220; margin_bottom=&#8220;0&#8243; font_family=&#8220;Montserrat&#8220; font_type=&#8220;google&#8220; align=&#8220;center&#8220;]HF.Redaktion[\/mk_fancy_title][mk_fancy_title tag_name=&#8220;h1&#8243; color=&#8220;#000000&#8243; size=&#8220;70&#8243; font_weight=&#8220;bold&#8220; font_style=&#8220;normal&#8220; txt_transform=&#8220;uppercase&#8220; font_family=&#8220;Montserrat&#8220; font_type=&#8220;google&#8220; align=&#8220;center&#8220;]Erfahrungen[\/mk_fancy_title][vc_empty_space height=&#8220;150&#8243;][\/vc_column][\/vc_row][vc_row][vc_column width=&#8220;2\/3&#8243;][vc_empty_space height=&#8220;50px&#8220;][\/vc_column][vc_column width=&#8220;1\/3&#8243;][vc_btn title=&#8220;Zu den Erfahrungen mit der lifePR&#8220; style=&#8220;flat&#8220; shape=&#8220;round&#8220; color=&#8220;primary&#8220; size=&#8220;sm&#8220; link=&#8220;url:https%3A%2F%2Fwww.lifepr.de%2Finfo%2Ferfahrungen%2F|||&#8220; css=&#8220;.vc_custom_1519049672766{margin-top: 5px !important;}&#8220;][\/vc_column][\/vc_row][vc_row][vc_column][vc_empty_space height=&#8220;100px&#8220;][mk_fancy_title tag_name=&#8220;span&#8220; [&hellip;]","og_url":"https:\/\/www.lifepr.de\/info\/erfahrungen\/hf-redaktion\/","og_site_name":"Inhalte ver\u00f6ffentlichen mit lifePR","article_modified_time":"2019-01-16T15:25:00+00:00","twitter_card":"summary_large_image","twitter_misc":{"Gesch\u00e4tzte Lesezeit":"7\u00a0Minuten"},"schema":{"@context":"https:\/\/schema.org","@graph":[{"@type":"WebPage","@id":"https:\/\/www.lifepr.de\/info\/erfahrungen\/hf-redaktion\/","url":"https:\/\/www.lifepr.de\/info\/erfahrungen\/hf-redaktion\/","name":"HF.Redaktion - Inhalte ver\u00f6ffentlichen mit lifePR","isPartOf":{"@id":"https:\/\/www.lifepr.de\/info\/#website"},"datePublished":"2019-01-16T14:59:38+00:00","dateModified":"2019-01-16T15:25:00+00:00","breadcrumb":{"@id":"https:\/\/www.lifepr.de\/info\/erfahrungen\/hf-redaktion\/#breadcrumb"},"inLanguage":"de","potentialAction":[{"@type":"ReadAction","target":["https:\/\/www.lifepr.de\/info\/erfahrungen\/hf-redaktion\/"]}]},{"@type":"BreadcrumbList","@id":"https:\/\/www.lifepr.de\/info\/erfahrungen\/hf-redaktion\/#breadcrumb","itemListElement":[{"@type":"ListItem","position":1,"name":"Startseite","item":"https:\/\/www.lifepr.de\/info\/"},{"@type":"ListItem","position":2,"name":"Erfahrungen","item":"https:\/\/www.lifepr.de\/info\/erfahrungen\/"},{"@type":"ListItem","position":3,"name":"HF.Redaktion"}]},{"@type":"WebSite","@id":"https:\/\/www.lifepr.de\/info\/#website","url":"https:\/\/www.lifepr.de\/info\/","name":"Inhalte ver\u00f6ffentlichen mit lifePR","description":"Inhalte ver\u00f6ffentlichen - Inhalte verbreiten - Inhalte erstellen","potentialAction":[{"@type":"SearchAction","target":{"@type":"EntryPoint","urlTemplate":"https:\/\/www.lifepr.de\/info\/?s={search_term_string}"},"query-input":{"@type":"PropertyValueSpecification","valueRequired":true,"valueName":"search_term_string"}}],"inLanguage":"de"}]}},"_links":{"self":[{"href":"https:\/\/www.lifepr.de\/info\/wp-json\/wp\/v2\/pages\/4583","targetHints":{"allow":["GET"]}}],"collection":[{"href":"https:\/\/www.lifepr.de\/info\/wp-json\/wp\/v2\/pages"}],"about":[{"href":"https:\/\/www.lifepr.de\/info\/wp-json\/wp\/v2\/types\/page"}],"author":[{"embeddable":true,"href":"https:\/\/www.lifepr.de\/info\/wp-json\/wp\/v2\/users\/6"}],"replies":[{"embeddable":true,"href":"https:\/\/www.lifepr.de\/info\/wp-json\/wp\/v2\/comments?post=4583"}],"version-history":[{"count":0,"href":"https:\/\/www.lifepr.de\/info\/wp-json\/wp\/v2\/pages\/4583\/revisions"}],"up":[{"embeddable":true,"href":"https:\/\/www.lifepr.de\/info\/wp-json\/wp\/v2\/pages\/2768"}],"wp:attachment":[{"href":"https:\/\/www.lifepr.de\/info\/wp-json\/wp\/v2\/media?parent=4583"}],"wp:term":[{"taxonomy":"folder","embeddable":true,"href":"https:\/\/www.lifepr.de\/info\/wp-json\/wp\/v2\/folder?post=4583"}],"curies":[{"name":"wp","href":"https:\/\/api.w.org\/{rel}","templated":true}]}}