{"id":3146,"date":"2018-02-15T15:04:56","date_gmt":"2018-02-15T14:04:56","guid":{"rendered":"https:\/\/www.lifepr.de\/info\/?page_id=3146"},"modified":"2019-01-11T11:31:46","modified_gmt":"2019-01-11T10:31:46","slug":"vogelsbergkreis","status":"publish","type":"page","link":"https:\/\/www.lifepr.de\/info\/erfahrungen\/vogelsbergkreis\/","title":{"rendered":"Vogelsbergkreis"},"content":{"rendered":"<div class=\"wpb-content-wrapper\">[vc_row bg_type=&#8220;image&#8220; parallax_style=&#8220;vcpb-default&#8220; bg_image_new=&#8220;id^995|url^https:\/\/www.lifepr.de\/info\/wp-content\/uploads\/2017\/04\/individuell.jpg|caption^null|alt^lifePR Individuell|title^null|description^null&#8220; bg_image_repeat=&#8220;no-repeat&#8220; bg_override=&#8220;ex-full&#8220; enable_overlay=&#8220;enable_overlay_value&#8220; overlay_color=&#8220;rgba(255,255,255,0.2)&#8220; seperator_enable=&#8220;seperator_enable_value&#8220; seperator_type=&#8220;tilt_left_seperator&#8220; seperator_position=&#8220;bottom_seperator&#8220; seperator_svg_height=&#8220;100&#8243; css=&#8220;.vc_custom_1517500273568{margin-top: -50px !important;}&#8220;][vc_column][vc_empty_space height=&#8220;150&#8243;][mk_fancy_title tag_name=&#8220;span&#8220; color=&#8220;#000000&#8243; size=&#8220;30&#8243; font_weight=&#8220;400&#8243; font_style=&#8220;normal&#8220; margin_bottom=&#8220;0&#8243; font_family=&#8220;Montserrat&#8220; font_type=&#8220;google&#8220; align=&#8220;center&#8220;]Vogelsbergkreis[\/mk_fancy_title][mk_fancy_title tag_name=&#8220;h1&#8243; color=&#8220;#000000&#8243; size=&#8220;70&#8243; font_weight=&#8220;bold&#8220; font_style=&#8220;normal&#8220; txt_transform=&#8220;uppercase&#8220; font_family=&#8220;Montserrat&#8220; font_type=&#8220;google&#8220; align=&#8220;center&#8220;]Erfahrungen[\/mk_fancy_title][vc_empty_space height=&#8220;150&#8243;][\/vc_column][\/vc_row][vc_row][vc_column width=&#8220;2\/3&#8243;][vc_empty_space height=&#8220;50px&#8220;][\/vc_column][vc_column width=&#8220;1\/3&#8243;][vc_btn title=&#8220;Zu den Erfahrungen mit der lifePR&#8220; style=&#8220;flat&#8220; shape=&#8220;round&#8220; color=&#8220;primary&#8220; size=&#8220;sm&#8220; link=&#8220;url:https%3A%2F%2Fwww.lifepr.de%2Finfo%2Ferfahrungen%2F|||&#8220; css=&#8220;.vc_custom_1519049672766{margin-top: 5px !important;}&#8220;][\/vc_column][\/vc_row][vc_row][vc_column][vc_empty_space height=&#8220;100px&#8220;][mk_fancy_title tag_name=&#8220;span&#8220; color=&#8220;#000000&#8243; size=&#8220;30&#8243; font_weight=&#8220;400&#8243; font_style=&#8220;normal&#8220; font_family=&#8220;Montserrat&#8220; font_type=&#8220;google&#8220; align=&#8220;center&#8220;]Interview mit Vogelsbergkreis[\/mk_fancy_title][vc_empty_space height=&#8220;50px&#8220;][\/vc_column][\/vc_row][vc_row][vc_column width=&#8220;2\/3&#8243;][vc_empty_space height=&#8220;50px&#8220;][mk_fancy_title tag_name=&#8220;span&#8220; color=&#8220;#000000&#8243; size=&#8220;20&#8243; force_font_size=&#8220;true&#8220; size_smallscreen=&#8220;18&#8243; size_tablet=&#8220;20&#8243; size_phone=&#8220;20&#8243; line_height=&#8220;120&#8243; font_weight=&#8220;500&#8243; txt_transform=&#8220;none&#8220; font_family=&#8220;Montserrat&#8220; font_type=&#8220;google&#8220;]Beschreiben Sie kurz Ihre Firma.[\/mk_fancy_title][vc_empty_space height=&#8220;5px&#8220;][vc_row_inner][vc_column_inner css=&#8220;.vc_custom_1518697410373{background-color: #f5f5f5 !important;border-radius: 5px !important;}&#8220;][mk_fancy_title tag_name=&#8220;span&#8220; color=&#8220;#000000&#8243; size=&#8220;18&#8243; force_font_size=&#8220;true&#8220; size_smallscreen=&#8220;18&#8243; size_tablet=&#8220;15&#8243; size_phone=&#8220;15&#8243; line_height=&#8220;150&#8243; font_weight=&#8220;300&#8243; font_style=&#8220;italic&#8220; txt_transform=&#8220;none&#8220; font_family=&#8220;Open+Sans&#8220; font_type=&#8220;google&#8220;]&#8220;Kreisverwaltung im l\u00e4ndlichen Raum, K\u00f6rperschaft des \u00f6ffentlichen Rechts, 850 Besch\u00e4ftigte, 60 Sachgebiete \u2013 von Verbraucherschutz bis Gefahrenabwehr, von Kfz-Zulassung bis Jugendschutz, von SGB-II-Beh\u00f6rde bis Stipendienprogramm f\u00fcr junge \u00c4rzte, von Landwirtschaftsf\u00f6rderung bis Jugendfreizeit. Das Sachgebiet Kommunikation versorgt etwa 30 Redaktionen und Agenturen (darunter auch lifePR) t\u00e4glich mit Pressemitteilungen.&#8220;[\/mk_fancy_title][\/vc_column_inner][\/vc_row_inner][\/vc_column][vc_column width=&#8220;1\/3&#8243;][vc_single_image image=&#8220;3018&#8243; img_size=&#8220;200&#215;200&#8243; onclick=&#8220;custom_link&#8220; img_link_target=&#8220;_blank&#8220; link=&#8220;https:\/\/vogelsbergkreis.de\/&#8220;]<div class=\"aio-icon-component  vc_custom_1518766829014   style_1\"><div id=\"Info-box-wrap-7258\" class=\"aio-icon-box default-icon\" style=\"\"  ><div class=\"aio-icon-default\"><div class=\"ult-just-icon-wrapper  \"><div class=\"align-icon\" style=\"text-align:center;\">\n<div class=\"aio-icon none \"  style=\"color:#d90111;font-size:14px;display:inline-block;\">\n\t<i class=\"Defaults-list\"><\/i>\n<\/div><\/div><\/div><\/div><div class=\"aio-icon-header\" ><h3 class=\"aio-icon-title ult-responsive\"  data-ultimate-target='#Info-box-wrap-7258 .aio-icon-title'  data-responsive-json-new='{\"font-size\":\"desktop:15px;\",\"line-height\":\"\"}'  style=\"\">Medien &amp; Kommunikation<\/h3><\/div> <!-- header --><\/div> <!-- aio-icon-box --><\/div> <!-- aio-icon-component --><div class=\"aio-icon-component  vc_custom_1518703381823   style_1\"><a class=\"aio-icon-box-link\" href=\"https:\/\/vogelsbergkreis.de\/\" target=\"_blank\"><div id=\"Info-box-wrap-1788\" class=\"aio-icon-box default-icon\" style=\"\"  ><div class=\"aio-icon-default\"><div class=\"ult-just-icon-wrapper  \"><div class=\"align-icon\" style=\"text-align:center;\">\n<div class=\"aio-icon none \"  style=\"color:#d90111;font-size:14px;display:inline-block;\">\n\t<i class=\"icomoon-set-pb-earth\"><\/i>\n<\/div><\/div><\/div><\/div><div class=\"aio-icon-header\" ><h3 class=\"aio-icon-title ult-responsive\"  data-ultimate-target='#Info-box-wrap-1788 .aio-icon-title'  data-responsive-json-new='{\"font-size\":\"desktop:15px;\",\"line-height\":\"\"}'  style=\"\">vogelsbergkreis.de<\/h3><\/div> <!-- header --><\/div> <!-- aio-icon-box --><\/a><\/div> <!-- aio-icon-component --><div class=\"aio-icon-component  vc_custom_1518703475740   style_1\"><a class=\"aio-icon-box-link\" href=\"https:\/\/www.lifepr.de\/newsroom\/kreisausschuss-des-vogelsbergkreises\" ><div id=\"Info-box-wrap-6371\" class=\"aio-icon-box default-icon\" style=\"\"  ><div class=\"aio-icon-default\"><div class=\"ult-just-icon-wrapper  \"><div class=\"align-icon\" style=\"text-align:center;\">\n<div class=\"aio-icon none \"  style=\"color:#d90111;font-size:14px;display:inline-block;\">\n\t<i class=\"icomoon-set-pb-newspaper\"><\/i>\n<\/div><\/div><\/div><\/div><div class=\"aio-icon-header\" ><h3 class=\"aio-icon-title ult-responsive\"  data-ultimate-target='#Info-box-wrap-6371 .aio-icon-title'  data-responsive-json-new='{\"font-size\":\"desktop:15px;\",\"line-height\":\"\"}'  style=\"\">Newsroom<\/h3><\/div> <!-- header --><\/div> <!-- aio-icon-box --><\/a><\/div> <!-- aio-icon-component -->[\/vc_column][\/vc_row][vc_row][vc_column width=&#8220;2\/3&#8243;][vc_empty_space height=&#8220;50px&#8220;][mk_fancy_title tag_name=&#8220;span&#8220; color=&#8220;#000000&#8243; size=&#8220;20&#8243; force_font_size=&#8220;true&#8220; size_smallscreen=&#8220;18&#8243; size_tablet=&#8220;20&#8243; size_phone=&#8220;20&#8243; line_height=&#8220;120&#8243; font_weight=&#8220;500&#8243; txt_transform=&#8220;none&#8220; font_family=&#8220;Montserrat&#8220; font_type=&#8220;google&#8220;]Warum haben Sie sich f\u00fcr die lifePR entschieden?[\/mk_fancy_title][vc_empty_space height=&#8220;5px&#8220;][vc_row_inner][vc_column_inner css=&#8220;.vc_custom_1518697410373{background-color: #f5f5f5 !important;border-radius: 5px !important;}&#8220;][mk_fancy_title tag_name=&#8220;span&#8220; color=&#8220;#000000&#8243; size=&#8220;18&#8243; force_font_size=&#8220;true&#8220; size_smallscreen=&#8220;18&#8243; size_tablet=&#8220;15&#8243; size_phone=&#8220;15&#8243; line_height=&#8220;150&#8243; font_weight=&#8220;300&#8243; font_style=&#8220;italic&#8220; txt_transform=&#8220;none&#8220; font_family=&#8220;Open+Sans&#8220; font_type=&#8220;google&#8220;]&#8220;Ohne den Anspruch auf v\u00f6llige Messbarkeit der Reichweitenerh\u00f6hung zu haben, waren wir uns bei der Entscheidung f\u00fcr die lifePR sicher, dass es &#8222;nichts schaden kann, auf anderen Kan\u00e4len mit durchaus spannenden Themen aufzutauchen&#8220;. Auch jenseits der g\u00e4ngigen politischen und verwaltungsm\u00e4\u00dfigen Genres. Sondern gerade, weil es diese anderen Genres sind, die lifePR bespielt. Au\u00dferdem wurde uns der Automatismus des PM-Postings auf Twitter (im eigenen Account) angeboten. Sehr n\u00fctzlich.&#8220;[\/mk_fancy_title][\/vc_column_inner][\/vc_row_inner][\/vc_column][\/vc_row][vc_row][vc_column width=&#8220;2\/3&#8243;][vc_empty_space height=&#8220;50px&#8220;][mk_fancy_title tag_name=&#8220;span&#8220; color=&#8220;#000000&#8243; size=&#8220;20&#8243; force_font_size=&#8220;true&#8220; size_smallscreen=&#8220;18&#8243; size_tablet=&#8220;20&#8243; size_phone=&#8220;20&#8243; line_height=&#8220;120&#8243; font_weight=&#8220;500&#8243; txt_transform=&#8220;none&#8220; font_family=&#8220;Montserrat&#8220; font_type=&#8220;google&#8220;]Wie erleben Sie die Benutzung unseres Online-Portals generell und die Einstellung einer Pressemitteilung?[\/mk_fancy_title][vc_empty_space height=&#8220;5px&#8220;][vc_row_inner][vc_column_inner css=&#8220;.vc_custom_1518697410373{background-color: #f5f5f5 !important;border-radius: 5px !important;}&#8220;][mk_fancy_title tag_name=&#8220;span&#8220; color=&#8220;#000000&#8243; size=&#8220;18&#8243; force_font_size=&#8220;true&#8220; size_smallscreen=&#8220;18&#8243; size_tablet=&#8220;15&#8243; size_phone=&#8220;15&#8243; line_height=&#8220;150&#8243; font_weight=&#8220;300&#8243; font_style=&#8220;italic&#8220; txt_transform=&#8220;none&#8220; font_family=&#8220;Open+Sans&#8220; font_type=&#8220;google&#8220;]&#8220;V\u00f6llig problemlos. Wenn mal was unklar ist, sind die Dinge zwischen real lebenden Menschen (und nicht nur via Algorithmen) schnell und nachhaltig gekl\u00e4rt. Die bei der lifePR moderierenden Redakteurinnen mwd fragen von sich aus nach, wenn wir mal aus Versehen eine nicht \u00f6ffentliche Sache (z.B. Einladung zu einer presse\u00f6ffentlichen Veranstaltung, die aber nicht im Vorfeld beworben werden soll) gepostet haben sollten. Gutes Sicherheitsgef\u00fchl dadurch.&#8220;[\/mk_fancy_title][\/vc_column_inner][\/vc_row_inner][\/vc_column][\/vc_row][vc_row][vc_column width=&#8220;2\/3&#8243;][vc_empty_space height=&#8220;50px&#8220;][mk_fancy_title tag_name=&#8220;span&#8220; color=&#8220;#000000&#8243; size=&#8220;20&#8243; force_font_size=&#8220;true&#8220; size_smallscreen=&#8220;18&#8243; size_tablet=&#8220;20&#8243; size_phone=&#8220;20&#8243; line_height=&#8220;120&#8243; font_weight=&#8220;500&#8243; txt_transform=&#8220;none&#8220; font_family=&#8220;Montserrat&#8220; font_type=&#8220;google&#8220;]Sind Sie bereits pers\u00f6nlich in Kontakt mit der lifePR gewesen?[\/mk_fancy_title][vc_empty_space height=&#8220;5px&#8220;][vc_row_inner][vc_column_inner css=&#8220;.vc_custom_1518697410373{background-color: #f5f5f5 !important;border-radius: 5px !important;}&#8220;][mk_fancy_title tag_name=&#8220;span&#8220; color=&#8220;#000000&#8243; size=&#8220;18&#8243; force_font_size=&#8220;true&#8220; size_smallscreen=&#8220;18&#8243; size_tablet=&#8220;15&#8243; size_phone=&#8220;15&#8243; line_height=&#8220;150&#8243; font_weight=&#8220;300&#8243; font_style=&#8220;italic&#8220; txt_transform=&#8220;none&#8220; font_family=&#8220;Open+Sans&#8220; font_type=&#8220;google&#8220;]&#8220;Ja, mehrfach. Immer sehr zugewandt, aufmerksam, ernst nehmend und l\u00f6sungsorientiert. Und: l\u00f6send.&#8220;[\/mk_fancy_title][\/vc_column_inner][\/vc_row_inner][\/vc_column][\/vc_row][vc_row][vc_column width=&#8220;2\/3&#8243;][vc_empty_space height=&#8220;50px&#8220;][mk_fancy_title tag_name=&#8220;span&#8220; color=&#8220;#000000&#8243; size=&#8220;20&#8243; force_font_size=&#8220;true&#8220; size_smallscreen=&#8220;18&#8243; size_tablet=&#8220;20&#8243; size_phone=&#8220;20&#8243; line_height=&#8220;120&#8243; font_weight=&#8220;500&#8243; txt_transform=&#8220;none&#8220; font_family=&#8220;Montserrat&#8220; font_type=&#8220;google&#8220;]Inwiefern hat die lifePR Ihre Pressearbeit verbessert?[\/mk_fancy_title][vc_empty_space height=&#8220;5px&#8220;][vc_row_inner][vc_column_inner css=&#8220;.vc_custom_1518697410373{background-color: #f5f5f5 !important;border-radius: 5px !important;}&#8220;][mk_fancy_title tag_name=&#8220;span&#8220; color=&#8220;#000000&#8243; size=&#8220;18&#8243; force_font_size=&#8220;true&#8220; size_smallscreen=&#8220;18&#8243; size_tablet=&#8220;15&#8243; size_phone=&#8220;15&#8243; line_height=&#8220;150&#8243; font_weight=&#8220;300&#8243; font_style=&#8220;italic&#8220; txt_transform=&#8220;none&#8220; font_family=&#8220;Open+Sans&#8220; font_type=&#8220;google&#8220;]&#8220;Gr\u00f6\u00dfere Reichweite durch fast keine Anstrengung. Reichweitenerweiterung gilt auch f\u00fcr die Impressions bei Twitter. In der Regel spricht unser Verteiler 40 Journalisten mwd an, durch die Blackboards in der lifePR Verbesserung um Faktor 5 bis 10. Nicht zuletzt durch die Nutzung der lifePR sind wir einer Jury in NRW aufgefallen, w\u00e4hrend wir f\u00fcr unser Stipendien-Programm f\u00fcr junge \u00c4rzte mwd geworben hatten. Wir haben zwar nicht den Preis gewonnen, aber immerhin waren wir auf der Nominierungsliste \u2013 und konnte darauf aufbauend weiter mit dem Programm werben.&#8220;[\/mk_fancy_title][\/vc_column_inner][\/vc_row_inner][\/vc_column][\/vc_row][vc_row][vc_column width=&#8220;2\/3&#8243;][vc_empty_space height=&#8220;50px&#8220;][mk_fancy_title tag_name=&#8220;span&#8220; color=&#8220;#000000&#8243; size=&#8220;20&#8243; force_font_size=&#8220;true&#8220; size_smallscreen=&#8220;18&#8243; size_tablet=&#8220;20&#8243; size_phone=&#8220;20&#8243; line_height=&#8220;120&#8243; font_weight=&#8220;500&#8243; txt_transform=&#8220;none&#8220; font_family=&#8220;Montserrat&#8220; font_type=&#8220;google&#8220;]Welchen Mehrwert erhalten Sie durch die lifePR?[\/mk_fancy_title][mk_testimonials style=&#8220;boxed&#8220; count=&#8220;1&#8243; font_weight=&#8220;400&#8243; testimonials=&#8220;3166&#8243;][\/vc_column][vc_column width=&#8220;1\/3&#8243;][\/vc_column][\/vc_row]\n<\/div>","protected":false},"excerpt":{"rendered":"<p>[vc_row bg_type=&#8220;image&#8220; parallax_style=&#8220;vcpb-default&#8220; bg_image_new=&#8220;id^995|url^https:\/\/www.lifepr.de\/info\/wp-content\/uploads\/2017\/04\/individuell.jpg|caption^null|alt^lifePR Individuell|title^null|description^null&#8220; bg_image_repeat=&#8220;no-repeat&#8220; bg_override=&#8220;ex-full&#8220; enable_overlay=&#8220;enable_overlay_value&#8220; overlay_color=&#8220;rgba(255,255,255,0.2)&#8220; seperator_enable=&#8220;seperator_enable_value&#8220; seperator_type=&#8220;tilt_left_seperator&#8220; seperator_position=&#8220;bottom_seperator&#8220; seperator_svg_height=&#8220;100&#8243; css=&#8220;.vc_custom_1517500273568{margin-top: -50px !important;}&#8220;][vc_column][vc_empty_space height=&#8220;150&#8243;][mk_fancy_title tag_name=&#8220;span&#8220; color=&#8220;#000000&#8243; size=&#8220;30&#8243; font_weight=&#8220;400&#8243; font_style=&#8220;normal&#8220; margin_bottom=&#8220;0&#8243; font_family=&#8220;Montserrat&#8220; font_type=&#8220;google&#8220; align=&#8220;center&#8220;]Vogelsbergkreis[\/mk_fancy_title][mk_fancy_title tag_name=&#8220;h1&#8243; color=&#8220;#000000&#8243; size=&#8220;70&#8243; font_weight=&#8220;bold&#8220; font_style=&#8220;normal&#8220; txt_transform=&#8220;uppercase&#8220; font_family=&#8220;Montserrat&#8220; font_type=&#8220;google&#8220; align=&#8220;center&#8220;]Erfahrungen[\/mk_fancy_title][vc_empty_space height=&#8220;150&#8243;][\/vc_column][\/vc_row][vc_row][vc_column width=&#8220;2\/3&#8243;][vc_empty_space height=&#8220;50px&#8220;][\/vc_column][vc_column width=&#8220;1\/3&#8243;][vc_btn title=&#8220;Zu den Erfahrungen mit der lifePR&#8220; style=&#8220;flat&#8220; shape=&#8220;round&#8220; color=&#8220;primary&#8220; size=&#8220;sm&#8220; link=&#8220;url:https%3A%2F%2Fwww.lifepr.de%2Finfo%2Ferfahrungen%2F|||&#8220; css=&#8220;.vc_custom_1519049672766{margin-top: 5px !important;}&#8220;][\/vc_column][\/vc_row][vc_row][vc_column][vc_empty_space height=&#8220;100px&#8220;][mk_fancy_title tag_name=&#8220;span&#8220; [&hellip;]<\/p>\n","protected":false},"author":6,"featured_media":0,"parent":2768,"menu_order":0,"comment_status":"closed","ping_status":"closed","template":"","meta":{"footnotes":""},"folder":[],"class_list":["post-3146","page","type-page","status-publish","hentry"],"yoast_head":"<!-- This site is optimized with the Yoast SEO plugin v26.6 - https:\/\/yoast.com\/wordpress\/plugins\/seo\/ -->\n<title>Vogelsbergkreis - Inhalte ver\u00f6ffentlichen mit lifePR<\/title>\n<meta name=\"robots\" content=\"index, follow, max-snippet:-1, max-image-preview:large, max-video-preview:-1\" \/>\n<link rel=\"canonical\" href=\"https:\/\/www.lifepr.de\/info\/erfahrungen\/vogelsbergkreis\/\" \/>\n<meta property=\"og:locale\" content=\"de_DE\" \/>\n<meta property=\"og:type\" content=\"article\" \/>\n<meta property=\"og:title\" content=\"Vogelsbergkreis - Inhalte ver\u00f6ffentlichen mit lifePR\" \/>\n<meta property=\"og:description\" content=\"[vc_row bg_type=&#8220;image&#8220; parallax_style=&#8220;vcpb-default&#8220; bg_image_new=&#8220;id^995|url^https:\/\/www.lifepr.de\/info\/wp-content\/uploads\/2017\/04\/individuell.jpg|caption^null|alt^lifePR Individuell|title^null|description^null&#8220; bg_image_repeat=&#8220;no-repeat&#8220; bg_override=&#8220;ex-full&#8220; enable_overlay=&#8220;enable_overlay_value&#8220; overlay_color=&#8220;rgba(255,255,255,0.2)&#8220; seperator_enable=&#8220;seperator_enable_value&#8220; seperator_type=&#8220;tilt_left_seperator&#8220; seperator_position=&#8220;bottom_seperator&#8220; seperator_svg_height=&#8220;100&#8243; css=&#8220;.vc_custom_1517500273568{margin-top: -50px !important;}&#8220;][vc_column][vc_empty_space height=&#8220;150&#8243;][mk_fancy_title tag_name=&#8220;span&#8220; color=&#8220;#000000&#8243; size=&#8220;30&#8243; font_weight=&#8220;400&#8243; font_style=&#8220;normal&#8220; margin_bottom=&#8220;0&#8243; font_family=&#8220;Montserrat&#8220; font_type=&#8220;google&#8220; align=&#8220;center&#8220;]Vogelsbergkreis[\/mk_fancy_title][mk_fancy_title tag_name=&#8220;h1&#8243; color=&#8220;#000000&#8243; size=&#8220;70&#8243; font_weight=&#8220;bold&#8220; font_style=&#8220;normal&#8220; txt_transform=&#8220;uppercase&#8220; font_family=&#8220;Montserrat&#8220; font_type=&#8220;google&#8220; align=&#8220;center&#8220;]Erfahrungen[\/mk_fancy_title][vc_empty_space height=&#8220;150&#8243;][\/vc_column][\/vc_row][vc_row][vc_column width=&#8220;2\/3&#8243;][vc_empty_space height=&#8220;50px&#8220;][\/vc_column][vc_column width=&#8220;1\/3&#8243;][vc_btn title=&#8220;Zu den Erfahrungen mit der lifePR&#8220; style=&#8220;flat&#8220; shape=&#8220;round&#8220; color=&#8220;primary&#8220; size=&#8220;sm&#8220; link=&#8220;url:https%3A%2F%2Fwww.lifepr.de%2Finfo%2Ferfahrungen%2F|||&#8220; css=&#8220;.vc_custom_1519049672766{margin-top: 5px !important;}&#8220;][\/vc_column][\/vc_row][vc_row][vc_column][vc_empty_space height=&#8220;100px&#8220;][mk_fancy_title tag_name=&#8220;span&#8220; [&hellip;]\" \/>\n<meta property=\"og:url\" content=\"https:\/\/www.lifepr.de\/info\/erfahrungen\/vogelsbergkreis\/\" \/>\n<meta property=\"og:site_name\" content=\"Inhalte ver\u00f6ffentlichen mit lifePR\" \/>\n<meta property=\"article:modified_time\" content=\"2019-01-11T10:31:46+00:00\" \/>\n<meta name=\"twitter:card\" content=\"summary_large_image\" \/>\n<meta name=\"twitter:label1\" content=\"Gesch\u00e4tzte Lesezeit\" \/>\n\t<meta name=\"twitter:data1\" content=\"4\u00a0Minuten\" \/>\n<script type=\"application\/ld+json\" class=\"yoast-schema-graph\">{\"@context\":\"https:\/\/schema.org\",\"@graph\":[{\"@type\":\"WebPage\",\"@id\":\"https:\/\/www.lifepr.de\/info\/erfahrungen\/vogelsbergkreis\/\",\"url\":\"https:\/\/www.lifepr.de\/info\/erfahrungen\/vogelsbergkreis\/\",\"name\":\"Vogelsbergkreis - Inhalte ver\u00f6ffentlichen mit lifePR\",\"isPartOf\":{\"@id\":\"https:\/\/www.lifepr.de\/info\/#website\"},\"datePublished\":\"2018-02-15T14:04:56+00:00\",\"dateModified\":\"2019-01-11T10:31:46+00:00\",\"breadcrumb\":{\"@id\":\"https:\/\/www.lifepr.de\/info\/erfahrungen\/vogelsbergkreis\/#breadcrumb\"},\"inLanguage\":\"de\",\"potentialAction\":[{\"@type\":\"ReadAction\",\"target\":[\"https:\/\/www.lifepr.de\/info\/erfahrungen\/vogelsbergkreis\/\"]}]},{\"@type\":\"BreadcrumbList\",\"@id\":\"https:\/\/www.lifepr.de\/info\/erfahrungen\/vogelsbergkreis\/#breadcrumb\",\"itemListElement\":[{\"@type\":\"ListItem\",\"position\":1,\"name\":\"Startseite\",\"item\":\"https:\/\/www.lifepr.de\/info\/\"},{\"@type\":\"ListItem\",\"position\":2,\"name\":\"Erfahrungen\",\"item\":\"https:\/\/www.lifepr.de\/info\/erfahrungen\/\"},{\"@type\":\"ListItem\",\"position\":3,\"name\":\"Vogelsbergkreis\"}]},{\"@type\":\"WebSite\",\"@id\":\"https:\/\/www.lifepr.de\/info\/#website\",\"url\":\"https:\/\/www.lifepr.de\/info\/\",\"name\":\"Inhalte ver\u00f6ffentlichen mit lifePR\",\"description\":\"Inhalte ver\u00f6ffentlichen - Inhalte verbreiten - Inhalte erstellen\",\"potentialAction\":[{\"@type\":\"SearchAction\",\"target\":{\"@type\":\"EntryPoint\",\"urlTemplate\":\"https:\/\/www.lifepr.de\/info\/?s={search_term_string}\"},\"query-input\":{\"@type\":\"PropertyValueSpecification\",\"valueRequired\":true,\"valueName\":\"search_term_string\"}}],\"inLanguage\":\"de\"}]}<\/script>\n<!-- \/ Yoast SEO plugin. -->","yoast_head_json":{"title":"Vogelsbergkreis - Inhalte ver\u00f6ffentlichen mit lifePR","robots":{"index":"index","follow":"follow","max-snippet":"max-snippet:-1","max-image-preview":"max-image-preview:large","max-video-preview":"max-video-preview:-1"},"canonical":"https:\/\/www.lifepr.de\/info\/erfahrungen\/vogelsbergkreis\/","og_locale":"de_DE","og_type":"article","og_title":"Vogelsbergkreis - Inhalte ver\u00f6ffentlichen mit lifePR","og_description":"[vc_row bg_type=&#8220;image&#8220; parallax_style=&#8220;vcpb-default&#8220; bg_image_new=&#8220;id^995|url^https:\/\/www.lifepr.de\/info\/wp-content\/uploads\/2017\/04\/individuell.jpg|caption^null|alt^lifePR Individuell|title^null|description^null&#8220; bg_image_repeat=&#8220;no-repeat&#8220; bg_override=&#8220;ex-full&#8220; enable_overlay=&#8220;enable_overlay_value&#8220; overlay_color=&#8220;rgba(255,255,255,0.2)&#8220; seperator_enable=&#8220;seperator_enable_value&#8220; seperator_type=&#8220;tilt_left_seperator&#8220; seperator_position=&#8220;bottom_seperator&#8220; seperator_svg_height=&#8220;100&#8243; css=&#8220;.vc_custom_1517500273568{margin-top: -50px !important;}&#8220;][vc_column][vc_empty_space height=&#8220;150&#8243;][mk_fancy_title tag_name=&#8220;span&#8220; color=&#8220;#000000&#8243; size=&#8220;30&#8243; font_weight=&#8220;400&#8243; font_style=&#8220;normal&#8220; margin_bottom=&#8220;0&#8243; font_family=&#8220;Montserrat&#8220; font_type=&#8220;google&#8220; align=&#8220;center&#8220;]Vogelsbergkreis[\/mk_fancy_title][mk_fancy_title tag_name=&#8220;h1&#8243; color=&#8220;#000000&#8243; size=&#8220;70&#8243; font_weight=&#8220;bold&#8220; font_style=&#8220;normal&#8220; txt_transform=&#8220;uppercase&#8220; font_family=&#8220;Montserrat&#8220; font_type=&#8220;google&#8220; align=&#8220;center&#8220;]Erfahrungen[\/mk_fancy_title][vc_empty_space height=&#8220;150&#8243;][\/vc_column][\/vc_row][vc_row][vc_column width=&#8220;2\/3&#8243;][vc_empty_space height=&#8220;50px&#8220;][\/vc_column][vc_column width=&#8220;1\/3&#8243;][vc_btn title=&#8220;Zu den Erfahrungen mit der lifePR&#8220; style=&#8220;flat&#8220; shape=&#8220;round&#8220; color=&#8220;primary&#8220; size=&#8220;sm&#8220; link=&#8220;url:https%3A%2F%2Fwww.lifepr.de%2Finfo%2Ferfahrungen%2F|||&#8220; css=&#8220;.vc_custom_1519049672766{margin-top: 5px !important;}&#8220;][\/vc_column][\/vc_row][vc_row][vc_column][vc_empty_space height=&#8220;100px&#8220;][mk_fancy_title tag_name=&#8220;span&#8220; [&hellip;]","og_url":"https:\/\/www.lifepr.de\/info\/erfahrungen\/vogelsbergkreis\/","og_site_name":"Inhalte ver\u00f6ffentlichen mit lifePR","article_modified_time":"2019-01-11T10:31:46+00:00","twitter_card":"summary_large_image","twitter_misc":{"Gesch\u00e4tzte Lesezeit":"4\u00a0Minuten"},"schema":{"@context":"https:\/\/schema.org","@graph":[{"@type":"WebPage","@id":"https:\/\/www.lifepr.de\/info\/erfahrungen\/vogelsbergkreis\/","url":"https:\/\/www.lifepr.de\/info\/erfahrungen\/vogelsbergkreis\/","name":"Vogelsbergkreis - Inhalte ver\u00f6ffentlichen mit lifePR","isPartOf":{"@id":"https:\/\/www.lifepr.de\/info\/#website"},"datePublished":"2018-02-15T14:04:56+00:00","dateModified":"2019-01-11T10:31:46+00:00","breadcrumb":{"@id":"https:\/\/www.lifepr.de\/info\/erfahrungen\/vogelsbergkreis\/#breadcrumb"},"inLanguage":"de","potentialAction":[{"@type":"ReadAction","target":["https:\/\/www.lifepr.de\/info\/erfahrungen\/vogelsbergkreis\/"]}]},{"@type":"BreadcrumbList","@id":"https:\/\/www.lifepr.de\/info\/erfahrungen\/vogelsbergkreis\/#breadcrumb","itemListElement":[{"@type":"ListItem","position":1,"name":"Startseite","item":"https:\/\/www.lifepr.de\/info\/"},{"@type":"ListItem","position":2,"name":"Erfahrungen","item":"https:\/\/www.lifepr.de\/info\/erfahrungen\/"},{"@type":"ListItem","position":3,"name":"Vogelsbergkreis"}]},{"@type":"WebSite","@id":"https:\/\/www.lifepr.de\/info\/#website","url":"https:\/\/www.lifepr.de\/info\/","name":"Inhalte ver\u00f6ffentlichen mit lifePR","description":"Inhalte ver\u00f6ffentlichen - Inhalte verbreiten - Inhalte erstellen","potentialAction":[{"@type":"SearchAction","target":{"@type":"EntryPoint","urlTemplate":"https:\/\/www.lifepr.de\/info\/?s={search_term_string}"},"query-input":{"@type":"PropertyValueSpecification","valueRequired":true,"valueName":"search_term_string"}}],"inLanguage":"de"}]}},"_links":{"self":[{"href":"https:\/\/www.lifepr.de\/info\/wp-json\/wp\/v2\/pages\/3146","targetHints":{"allow":["GET"]}}],"collection":[{"href":"https:\/\/www.lifepr.de\/info\/wp-json\/wp\/v2\/pages"}],"about":[{"href":"https:\/\/www.lifepr.de\/info\/wp-json\/wp\/v2\/types\/page"}],"author":[{"embeddable":true,"href":"https:\/\/www.lifepr.de\/info\/wp-json\/wp\/v2\/users\/6"}],"replies":[{"embeddable":true,"href":"https:\/\/www.lifepr.de\/info\/wp-json\/wp\/v2\/comments?post=3146"}],"version-history":[{"count":1,"href":"https:\/\/www.lifepr.de\/info\/wp-json\/wp\/v2\/pages\/3146\/revisions"}],"predecessor-version":[{"id":37514,"href":"https:\/\/www.lifepr.de\/info\/wp-json\/wp\/v2\/pages\/3146\/revisions\/37514"}],"up":[{"embeddable":true,"href":"https:\/\/www.lifepr.de\/info\/wp-json\/wp\/v2\/pages\/2768"}],"wp:attachment":[{"href":"https:\/\/www.lifepr.de\/info\/wp-json\/wp\/v2\/media?parent=3146"}],"wp:term":[{"taxonomy":"folder","embeddable":true,"href":"https:\/\/www.lifepr.de\/info\/wp-json\/wp\/v2\/folder?post=3146"}],"curies":[{"name":"wp","href":"https:\/\/api.w.org\/{rel}","templated":true}]}}