{"id":2238,"date":"2017-09-18T10:30:53","date_gmt":"2017-09-18T08:30:53","guid":{"rendered":"https:\/\/www.lifepr.de\/info\/?page_id=2238"},"modified":"2022-06-15T09:10:48","modified_gmt":"2022-06-15T07:10:48","slug":"myevents","status":"publish","type":"page","link":"https:\/\/www.lifepr.de\/info\/myevents\/","title":{"rendered":"MyEvents"},"content":{"rendered":"<div class=\"wpb-content-wrapper\">[vc_row bg_type=&#8220;image&#8220; parallax_style=&#8220;vcpb-default&#8220; bg_image_new=&#8220;id^2240|url^https:\/\/www.lifepr.de\/info\/wp-content\/uploads\/2017\/09\/istock-526837462.jpg|caption^Conference Training Planning Learning Coaching Business Concept|alt^null|title^Conference Training Planning Learning Coaching Business Concept|description^null&#8220; bg_image_repeat=&#8220;no-repeat&#8220; bg_override=&#8220;ex-full&#8220; enable_overlay=&#8220;enable_overlay_value&#8220; overlay_color=&#8220;rgba(0,0,0,0.45)&#8220; seperator_enable=&#8220;seperator_enable_value&#8220; seperator_type=&#8220;tilt_left_seperator&#8220; seperator_position=&#8220;bottom_seperator&#8220; seperator_svg_height=&#8220;100&#8243; seperator_shape_background=&#8220;#ffffff&#8220; css=&#8220;.vc_custom_1505385361074{margin-top: -50px !important;}&#8220;][vc_column][vc_empty_space height=&#8220;150&#8243;][mk_fancy_title tag_name=&#8220;span&#8220; color=&#8220;#000000&#8243; size=&#8220;30&#8243; font_weight=&#8220;400&#8243; font_style=&#8220;normal&#8220; margin_bottom=&#8220;0&#8243; font_family=&#8220;Montserrat&#8220; font_type=&#8220;google&#8220; align=&#8220;center&#8220;]Ereignisse in Ihrem Unternehmen[\/mk_fancy_title][mk_fancy_title tag_name=&#8220;h1&#8243; color=&#8220;#000000&#8243; size=&#8220;70&#8243; font_weight=&#8220;bold&#8220; font_style=&#8220;normal&#8220; txt_transform=&#8220;uppercase&#8220; font_family=&#8220;Montserrat&#8220; font_type=&#8220;google&#8220; align=&#8220;center&#8220;]LIFEPR MYEVENTS[\/mk_fancy_title][vc_empty_space height=&#8220;150&#8243;][\/vc_column][\/vc_row][vc_row][vc_column][vc_empty_space height=&#8220;100px&#8220;][vc_row_inner][vc_column_inner width=&#8220;1\/2&#8243;][mk_fancy_title tag_name=&#8220;span&#8220; color=&#8220;#dd0911&#8243; size=&#8220;28&#8243; line_height=&#8220;120&#8243; font_weight=&#8220;200&#8243; font_family=&#8220;Montserrat&#8220; font_type=&#8220;google&#8220;]Mehr Interessierte ansprechen<\/p>\n<div id=\"gtx-trans\" style=\"position: absolute; left: 131px; top: -9px;\">\n<div class=\"gtx-trans-icon\"><\/div>\n<\/div>\n[\/mk_fancy_title][mk_fancy_title tag_name=&#8220;span&#8220; color=&#8220;#444444&#8243; size=&#8220;30&#8243; font_weight=&#8220;500&#8243; txt_transform=&#8220;uppercase&#8220; letter_spacing=&#8220;0.5&#8243; font_family=&#8220;Montserrat&#8220; font_type=&#8220;google&#8220;]EVENTS VER\u00d6FFENTLICHEN[\/mk_fancy_title][mk_fancy_title tag_name=&#8220;span&#8220; color=&#8220;#444444&#8243; size=&#8220;18&#8243; line_height=&#8220;150&#8243; font_weight=&#8220;300&#8243; font_family=&#8220;Open+Sans&#8220; font_type=&#8220;google&#8220;]Das neue Feature \u201eMyEvents\u201c erm\u00f6glicht Ihnen auch \u00fcber den lifePR Newsroom Firmenveranstaltungen f\u00fcr Kund:innen und Interessierte zu publizieren. Stellen Sie \u00fcber das Tool Ihre Schulungen, Seminare oder Webinare f\u00fcr Ihre Zielgruppe bereit. Mit dem Titel der Veranstaltung, dem Datum und einem Standort sowie einem Link zur Anmeldung k\u00f6nnen Sie mit Ihren Veranstaltungen einfach und schnell Teilnehmer:innen generieren und erreichen.[\/mk_fancy_title][mk_fancy_title tag_name=&#8220;span&#8220; color=&#8220;#444444&#8243; size=&#8220;18&#8243; line_height=&#8220;150&#8243; font_weight=&#8220;300&#8243; font_family=&#8220;Open+Sans&#8220; font_type=&#8220;google&#8220;]<strong>Ihr Vorteil:<\/strong>\u00a0Die Erstellung und Verwaltung Ihrer \u201eMyEvents\u201c\u00a0l\u00e4uft spielend leicht \u00fcber Ihre MyBox und wird im Handumdrehen in Ihrem Newsroom auf der lifePR\u00a0ver\u00f6ffentlicht.[\/mk_fancy_title][vc_btn title=&#8220;Mehr Informationen&#8220; style=&#8220;flat&#8220; color=&#8220;primary&#8220; align=&#8220;left&#8220; el_id=&#8220;info&#8220; link=&#8220;url:https%3A%2F%2Fcdn.lifepr.de%2Ff%2F1554945855342b02%2Fupload%2F2021%2F02%2FlifePR_Anleitung_MyEvents.pdf|||&#8220;][vc_btn title=&#8220;Jetzt Starten&#8220; style=&#8220;flat&#8220; color=&#8220;primary&#8220; align=&#8220;left&#8220; link=&#8220;url:http%3A%2F%2Fwww.lifepr.de%2Flogin|||&#8220;][\/vc_column_inner][vc_column_inner width=&#8220;1\/2&#8243;][vc_single_image image=&#8220;2244&#8243; img_size=&#8220;400*400&#8243; alignment=&#8220;center&#8220;][\/vc_column_inner][\/vc_row_inner][vc_empty_space height=&#8220;100&#8243;][\/vc_column][\/vc_row][vc_row bg_type=&#8220;bg_color&#8220; bg_override=&#8220;ex-full&#8220; bg_color_value=&#8220;#f5f5f5&#8243;][vc_column][vc_empty_space height=&#8220;60&#8243;][vc_row_inner][vc_column_inner width=&#8220;1\/3&#8243;][mk_icon_box icon=&#8220;mk-icon-bullhorn&#8220; title=&#8220;AUFMERKSAMKEIT STEIGERN&#8220; style=&#8220;simple_ultimate&#8220; icon_size=&#8220;medium&#8220; icon_color=&#8220;#dd0911&#8243; title_color=&#8220;#444444&#8243; txt_color=&#8220;#444444&#8243; margin=&#8220;15&#8243;]Erzielen Sie noch mehr Aufmerksamkeit f\u00fcr Ihre Firmenveranstaltung und ver\u00f6ffentlichen Sie diese auf der lifePR.[\/mk_icon_box][\/vc_column_inner][vc_column_inner width=&#8220;1\/3&#8243;][mk_icon_box icon=&#8220;mk-icon-send-o&#8220; title=&#8220;INTERESSIERTE ANSPRECHEN&#8220; style=&#8220;simple_ultimate&#8220; icon_size=&#8220;medium&#8220; icon_color=&#8220;#dd0911&#8243; title_color=&#8220;#444444&#8243; txt_color=&#8220;#444444&#8243; margin=&#8220;15&#8243;]Durch die Ver\u00f6ffentlichung auf lifePR verbreiten Sie Ihre Veranstaltungen noch st\u00e4rker und erreichen damit mehr Interessierte.[\/mk_icon_box][\/vc_column_inner][vc_column_inner width=&#8220;1\/3&#8243;][mk_icon_box icon=&#8220;mk-icon-group&#8220; title=&#8220;TEILNEHMER:INNEN GENERIEREN&#8220; style=&#8220;simple_ultimate&#8220; icon_size=&#8220;medium&#8220; icon_color=&#8220;#dd0911&#8243; title_color=&#8220;#444444&#8243; txt_color=&#8220;#444444&#8243; margin=&#8220;15&#8243;]Kund:innen und Interessierte k\u00f6nnen sich \u00fcber einen Link zu Ihrem Anmeldeformular direkt registrieren.[\/mk_icon_box][\/vc_column_inner][\/vc_row_inner][vc_empty_space height=&#8220;30px&#8220;][vc_row_inner][vc_column_inner width=&#8220;1\/3&#8243;][mk_icon_box icon=&#8220;mk-icon-eye&#8220; title=&#8220;ALLE INFOS AUF EINEN BLICK&#8220; style=&#8220;simple_ultimate&#8220; icon_size=&#8220;medium&#8220; icon_color=&#8220;#dd0911&#8243; title_color=&#8220;#444444&#8243; txt_color=&#8220;#444444&#8243; margin=&#8220;15&#8243;]Titel, Beschreibung, Datum, Standort mit Google Map\u00a0und Link zum Anmeldeformular geben einen kurzen \u00dcberblick \u00fcber alles Wichtige zu Ihrer Veranstaltung.[\/mk_icon_box][\/vc_column_inner][vc_column_inner width=&#8220;1\/3&#8243;][mk_icon_box icon=&#8220;mk-li-star&#8220; title=&#8220;EVENTS KOSTENLOS VER\u00d6FFENTLICHEN&#8220; style=&#8220;simple_ultimate&#8220; icon_size=&#8220;medium&#8220; icon_color=&#8220;#dd0911&#8243; title_color=&#8220;#444444&#8243; txt_color=&#8220;#444444&#8243; margin=&#8220;15&#8243;]Stellen Sie im Rahmen Ihrer lifePR-L\u00f6sung kostenlos Veranstaltungen Ihrer Firma auf der Startseite und in Ihrem Newsroom online![\/mk_icon_box][\/vc_column_inner][vc_column_inner width=&#8220;1\/3&#8243;][mk_icon_box icon=&#8220;mk-icon-repeat&#8220; title=&#8220;UPDATE&#8220; style=&#8220;simple_ultimate&#8220; icon_size=&#8220;medium&#8220; icon_color=&#8220;#dd0911&#8243; title_color=&#8220;#444444&#8243; txt_color=&#8220;#444444&#8243; margin=&#8220;15&#8243;]MyEvents wurde mit folgenden Optionen erweitert: Twitter-Hashtag, Schlagw\u00f6rter &amp; weitere Veranstaltungsarten.[\/mk_icon_box][\/vc_column_inner][\/vc_row_inner][vc_empty_space height=&#8220;60&#8243;][\/vc_column][\/vc_row][vc_row][vc_column][vc_empty_space height=&#8220;60&#8243;][mk_fancy_title color=&#8220;#333333&#8243; size=&#8220;30&#8243; font_weight=&#8220;500&#8243; font_style=&#8220;normal&#8220; txt_transform=&#8220;uppercase&#8220; font_family=&#8220;Montserrat&#8220; font_type=&#8220;google&#8220; align=&#8220;center&#8220;]HABEN SIE FRAGEN?[\/mk_fancy_title][mk_fancy_title tag_name=&#8220;span&#8220; color=&#8220;#444444&#8243; size=&#8220;18&#8243; line_height=&#8220;150&#8243; font_weight=&#8220;300&#8243; font_family=&#8220;Open+Sans&#8220; font_type=&#8220;google&#8220; align=&#8220;center&#8220;]Profitieren Sie von den \u201eMyEvents\u201c auf lifePR und erreichen Sie mehr Teilnehmer:innen f\u00fcr Ihre Firmenveranstaltungen. Kontaktieren Sie uns bei Fragen oder Anregungen per E-Mail <a href=\"mailto:service@lifepr.de\">service@lifepr.de<\/a>\u00a0oder telefonisch unter <a href=\"tel:004972198779317\">+49 721 987793-17<\/a>.[\/mk_fancy_title][vc_empty_space height=&#8220;50&#8243;][\/vc_column][\/vc_row]\n<\/div>","protected":false},"excerpt":{"rendered":"<p>[vc_row bg_type=&#8220;image&#8220; parallax_style=&#8220;vcpb-default&#8220; bg_image_new=&#8220;id^2240|url^https:\/\/www.lifepr.de\/info\/wp-content\/uploads\/2017\/09\/istock-526837462.jpg|caption^Conference Training Planning Learning Coaching Business Concept|alt^null|title^Conference Training Planning Learning Coaching Business Concept|description^null&#8220; bg_image_repeat=&#8220;no-repeat&#8220; bg_override=&#8220;ex-full&#8220; enable_overlay=&#8220;enable_overlay_value&#8220; overlay_color=&#8220;rgba(0,0,0,0.45)&#8220; seperator_enable=&#8220;seperator_enable_value&#8220; seperator_type=&#8220;tilt_left_seperator&#8220; seperator_position=&#8220;bottom_seperator&#8220; seperator_svg_height=&#8220;100&#8243; seperator_shape_background=&#8220;#ffffff&#8220; css=&#8220;.vc_custom_1505385361074{margin-top: -50px !important;}&#8220;][vc_column][vc_empty_space height=&#8220;150&#8243;][mk_fancy_title tag_name=&#8220;span&#8220; color=&#8220;#000000&#8243; size=&#8220;30&#8243; font_weight=&#8220;400&#8243; font_style=&#8220;normal&#8220; margin_bottom=&#8220;0&#8243; font_family=&#8220;Montserrat&#8220; font_type=&#8220;google&#8220; align=&#8220;center&#8220;]Ereignisse in Ihrem Unternehmen[\/mk_fancy_title][mk_fancy_title tag_name=&#8220;h1&#8243; color=&#8220;#000000&#8243; size=&#8220;70&#8243; font_weight=&#8220;bold&#8220; font_style=&#8220;normal&#8220; txt_transform=&#8220;uppercase&#8220; font_family=&#8220;Montserrat&#8220; font_type=&#8220;google&#8220; align=&#8220;center&#8220;]LIFEPR MYEVENTS[\/mk_fancy_title][vc_empty_space height=&#8220;150&#8243;][\/vc_column][\/vc_row][vc_row][vc_column][vc_empty_space height=&#8220;100px&#8220;][vc_row_inner][vc_column_inner width=&#8220;1\/2&#8243;][mk_fancy_title tag_name=&#8220;span&#8220; [&hellip;]<\/p>\n","protected":false},"author":6,"featured_media":0,"parent":0,"menu_order":0,"comment_status":"closed","ping_status":"closed","template":"","meta":{"footnotes":""},"folder":[],"class_list":["post-2238","page","type-page","status-publish","hentry"],"yoast_head":"<!-- This site is optimized with the Yoast SEO plugin v26.6 - https:\/\/yoast.com\/wordpress\/plugins\/seo\/ -->\n<title>MyEvents - Inhalte ver\u00f6ffentlichen mit lifePR<\/title>\n<meta name=\"robots\" content=\"noindex, nofollow\" \/>\n<meta property=\"og:locale\" content=\"de_DE\" \/>\n<meta property=\"og:type\" content=\"article\" \/>\n<meta property=\"og:title\" content=\"MyEvents - Inhalte ver\u00f6ffentlichen mit lifePR\" \/>\n<meta property=\"og:description\" content=\"[vc_row bg_type=&#8220;image&#8220; parallax_style=&#8220;vcpb-default&#8220; bg_image_new=&#8220;id^2240|url^https:\/\/www.lifepr.de\/info\/wp-content\/uploads\/2017\/09\/istock-526837462.jpg|caption^Conference Training Planning Learning Coaching Business Concept|alt^null|title^Conference Training Planning Learning Coaching Business Concept|description^null&#8220; bg_image_repeat=&#8220;no-repeat&#8220; bg_override=&#8220;ex-full&#8220; enable_overlay=&#8220;enable_overlay_value&#8220; overlay_color=&#8220;rgba(0,0,0,0.45)&#8220; seperator_enable=&#8220;seperator_enable_value&#8220; seperator_type=&#8220;tilt_left_seperator&#8220; seperator_position=&#8220;bottom_seperator&#8220; seperator_svg_height=&#8220;100&#8243; seperator_shape_background=&#8220;#ffffff&#8220; css=&#8220;.vc_custom_1505385361074{margin-top: -50px !important;}&#8220;][vc_column][vc_empty_space height=&#8220;150&#8243;][mk_fancy_title tag_name=&#8220;span&#8220; color=&#8220;#000000&#8243; size=&#8220;30&#8243; font_weight=&#8220;400&#8243; font_style=&#8220;normal&#8220; margin_bottom=&#8220;0&#8243; font_family=&#8220;Montserrat&#8220; font_type=&#8220;google&#8220; align=&#8220;center&#8220;]Ereignisse in Ihrem Unternehmen[\/mk_fancy_title][mk_fancy_title tag_name=&#8220;h1&#8243; color=&#8220;#000000&#8243; size=&#8220;70&#8243; font_weight=&#8220;bold&#8220; font_style=&#8220;normal&#8220; txt_transform=&#8220;uppercase&#8220; font_family=&#8220;Montserrat&#8220; font_type=&#8220;google&#8220; align=&#8220;center&#8220;]LIFEPR MYEVENTS[\/mk_fancy_title][vc_empty_space height=&#8220;150&#8243;][\/vc_column][\/vc_row][vc_row][vc_column][vc_empty_space height=&#8220;100px&#8220;][vc_row_inner][vc_column_inner width=&#8220;1\/2&#8243;][mk_fancy_title tag_name=&#8220;span&#8220; [&hellip;]\" \/>\n<meta property=\"og:url\" content=\"https:\/\/www.lifepr.de\/info\/myevents\/\" \/>\n<meta property=\"og:site_name\" content=\"Inhalte ver\u00f6ffentlichen mit lifePR\" \/>\n<meta property=\"article:modified_time\" content=\"2022-06-15T07:10:48+00:00\" \/>\n<meta name=\"twitter:card\" content=\"summary_large_image\" \/>\n<meta name=\"twitter:label1\" content=\"Gesch\u00e4tzte Lesezeit\" \/>\n\t<meta name=\"twitter:data1\" content=\"2\u00a0Minuten\" \/>\n<script type=\"application\/ld+json\" class=\"yoast-schema-graph\">{\"@context\":\"https:\/\/schema.org\",\"@graph\":[{\"@type\":\"WebPage\",\"@id\":\"https:\/\/www.lifepr.de\/info\/myevents\/\",\"url\":\"https:\/\/www.lifepr.de\/info\/myevents\/\",\"name\":\"MyEvents - Inhalte ver\u00f6ffentlichen mit lifePR\",\"isPartOf\":{\"@id\":\"https:\/\/www.lifepr.de\/info\/#website\"},\"datePublished\":\"2017-09-18T08:30:53+00:00\",\"dateModified\":\"2022-06-15T07:10:48+00:00\",\"breadcrumb\":{\"@id\":\"https:\/\/www.lifepr.de\/info\/myevents\/#breadcrumb\"},\"inLanguage\":\"de\",\"potentialAction\":[{\"@type\":\"ReadAction\",\"target\":[\"https:\/\/www.lifepr.de\/info\/myevents\/\"]}]},{\"@type\":\"BreadcrumbList\",\"@id\":\"https:\/\/www.lifepr.de\/info\/myevents\/#breadcrumb\",\"itemListElement\":[{\"@type\":\"ListItem\",\"position\":1,\"name\":\"Startseite\",\"item\":\"https:\/\/www.lifepr.de\/info\/\"},{\"@type\":\"ListItem\",\"position\":2,\"name\":\"MyEvents\"}]},{\"@type\":\"WebSite\",\"@id\":\"https:\/\/www.lifepr.de\/info\/#website\",\"url\":\"https:\/\/www.lifepr.de\/info\/\",\"name\":\"Inhalte ver\u00f6ffentlichen mit lifePR\",\"description\":\"Inhalte ver\u00f6ffentlichen - Inhalte verbreiten - Inhalte erstellen\",\"potentialAction\":[{\"@type\":\"SearchAction\",\"target\":{\"@type\":\"EntryPoint\",\"urlTemplate\":\"https:\/\/www.lifepr.de\/info\/?s={search_term_string}\"},\"query-input\":{\"@type\":\"PropertyValueSpecification\",\"valueRequired\":true,\"valueName\":\"search_term_string\"}}],\"inLanguage\":\"de\"}]}<\/script>\n<!-- \/ Yoast SEO plugin. -->","yoast_head_json":{"title":"MyEvents - Inhalte ver\u00f6ffentlichen mit lifePR","robots":{"index":"noindex","follow":"nofollow"},"og_locale":"de_DE","og_type":"article","og_title":"MyEvents - Inhalte ver\u00f6ffentlichen mit lifePR","og_description":"[vc_row bg_type=&#8220;image&#8220; parallax_style=&#8220;vcpb-default&#8220; bg_image_new=&#8220;id^2240|url^https:\/\/www.lifepr.de\/info\/wp-content\/uploads\/2017\/09\/istock-526837462.jpg|caption^Conference Training Planning Learning Coaching Business Concept|alt^null|title^Conference Training Planning Learning Coaching Business Concept|description^null&#8220; bg_image_repeat=&#8220;no-repeat&#8220; bg_override=&#8220;ex-full&#8220; enable_overlay=&#8220;enable_overlay_value&#8220; overlay_color=&#8220;rgba(0,0,0,0.45)&#8220; seperator_enable=&#8220;seperator_enable_value&#8220; seperator_type=&#8220;tilt_left_seperator&#8220; seperator_position=&#8220;bottom_seperator&#8220; seperator_svg_height=&#8220;100&#8243; seperator_shape_background=&#8220;#ffffff&#8220; css=&#8220;.vc_custom_1505385361074{margin-top: -50px !important;}&#8220;][vc_column][vc_empty_space height=&#8220;150&#8243;][mk_fancy_title tag_name=&#8220;span&#8220; color=&#8220;#000000&#8243; size=&#8220;30&#8243; font_weight=&#8220;400&#8243; font_style=&#8220;normal&#8220; margin_bottom=&#8220;0&#8243; font_family=&#8220;Montserrat&#8220; font_type=&#8220;google&#8220; align=&#8220;center&#8220;]Ereignisse in Ihrem Unternehmen[\/mk_fancy_title][mk_fancy_title tag_name=&#8220;h1&#8243; color=&#8220;#000000&#8243; size=&#8220;70&#8243; font_weight=&#8220;bold&#8220; font_style=&#8220;normal&#8220; txt_transform=&#8220;uppercase&#8220; font_family=&#8220;Montserrat&#8220; font_type=&#8220;google&#8220; align=&#8220;center&#8220;]LIFEPR MYEVENTS[\/mk_fancy_title][vc_empty_space height=&#8220;150&#8243;][\/vc_column][\/vc_row][vc_row][vc_column][vc_empty_space height=&#8220;100px&#8220;][vc_row_inner][vc_column_inner width=&#8220;1\/2&#8243;][mk_fancy_title tag_name=&#8220;span&#8220; [&hellip;]","og_url":"https:\/\/www.lifepr.de\/info\/myevents\/","og_site_name":"Inhalte ver\u00f6ffentlichen mit lifePR","article_modified_time":"2022-06-15T07:10:48+00:00","twitter_card":"summary_large_image","twitter_misc":{"Gesch\u00e4tzte Lesezeit":"2\u00a0Minuten"},"schema":{"@context":"https:\/\/schema.org","@graph":[{"@type":"WebPage","@id":"https:\/\/www.lifepr.de\/info\/myevents\/","url":"https:\/\/www.lifepr.de\/info\/myevents\/","name":"MyEvents - Inhalte ver\u00f6ffentlichen mit lifePR","isPartOf":{"@id":"https:\/\/www.lifepr.de\/info\/#website"},"datePublished":"2017-09-18T08:30:53+00:00","dateModified":"2022-06-15T07:10:48+00:00","breadcrumb":{"@id":"https:\/\/www.lifepr.de\/info\/myevents\/#breadcrumb"},"inLanguage":"de","potentialAction":[{"@type":"ReadAction","target":["https:\/\/www.lifepr.de\/info\/myevents\/"]}]},{"@type":"BreadcrumbList","@id":"https:\/\/www.lifepr.de\/info\/myevents\/#breadcrumb","itemListElement":[{"@type":"ListItem","position":1,"name":"Startseite","item":"https:\/\/www.lifepr.de\/info\/"},{"@type":"ListItem","position":2,"name":"MyEvents"}]},{"@type":"WebSite","@id":"https:\/\/www.lifepr.de\/info\/#website","url":"https:\/\/www.lifepr.de\/info\/","name":"Inhalte ver\u00f6ffentlichen mit lifePR","description":"Inhalte ver\u00f6ffentlichen - Inhalte verbreiten - Inhalte erstellen","potentialAction":[{"@type":"SearchAction","target":{"@type":"EntryPoint","urlTemplate":"https:\/\/www.lifepr.de\/info\/?s={search_term_string}"},"query-input":{"@type":"PropertyValueSpecification","valueRequired":true,"valueName":"search_term_string"}}],"inLanguage":"de"}]}},"_links":{"self":[{"href":"https:\/\/www.lifepr.de\/info\/wp-json\/wp\/v2\/pages\/2238","targetHints":{"allow":["GET"]}}],"collection":[{"href":"https:\/\/www.lifepr.de\/info\/wp-json\/wp\/v2\/pages"}],"about":[{"href":"https:\/\/www.lifepr.de\/info\/wp-json\/wp\/v2\/types\/page"}],"author":[{"embeddable":true,"href":"https:\/\/www.lifepr.de\/info\/wp-json\/wp\/v2\/users\/6"}],"replies":[{"embeddable":true,"href":"https:\/\/www.lifepr.de\/info\/wp-json\/wp\/v2\/comments?post=2238"}],"version-history":[{"count":3,"href":"https:\/\/www.lifepr.de\/info\/wp-json\/wp\/v2\/pages\/2238\/revisions"}],"predecessor-version":[{"id":9139,"href":"https:\/\/www.lifepr.de\/info\/wp-json\/wp\/v2\/pages\/2238\/revisions\/9139"}],"wp:attachment":[{"href":"https:\/\/www.lifepr.de\/info\/wp-json\/wp\/v2\/media?parent=2238"}],"wp:term":[{"taxonomy":"folder","embeddable":true,"href":"https:\/\/www.lifepr.de\/info\/wp-json\/wp\/v2\/folder?post=2238"}],"curies":[{"name":"wp","href":"https:\/\/api.w.org\/{rel}","templated":true}]}}