{"id":1181,"date":"2017-06-06T16:39:01","date_gmt":"2017-06-06T14:39:01","guid":{"rendered":"https:\/\/www.lifepr.de\/info\/?page_id=1181"},"modified":"2026-01-07T10:24:52","modified_gmt":"2026-01-07T09:24:52","slug":"impressum","status":"publish","type":"page","link":"https:\/\/www.lifepr.de\/info\/impressum\/","title":{"rendered":"Impressum"},"content":{"rendered":"<div class=\"wpb-content-wrapper\">[vc_row bg_type=&#8220;image&#8220; parallax_style=&#8220;vcpb-default&#8220; bg_image_new=&#8220;id^1705|url^https:\/\/www.lifepr.de\/info\/wp-content\/uploads\/2017\/06\/allgemein-teaser.jpg|caption^null|alt^lifePR Background|title^null|description^null&#8220; bg_image_repeat=&#8220;no-repeat&#8220; bg_override=&#8220;ex-full&#8220; seperator_enable=&#8220;seperator_enable_value&#8220; seperator_type=&#8220;tilt_left_seperator&#8220; seperator_position=&#8220;bottom_seperator&#8220; seperator_svg_height=&#8220;100&#8243; seperator_shape_background=&#8220;#ffffff&#8220;][vc_column][vc_empty_space height=&#8220;240px&#8220; el_id=&#8220;teaser&#8220;][mk_fancy_title tag_name=&#8220;h1&#8243; color=&#8220;#000000&#8243; size=&#8220;50&#8243; force_font_size=&#8220;true&#8220; size_smallscreen=&#8220;50&#8243; size_tablet=&#8220;35&#8243; size_phone=&#8220;35&#8243; line_height=&#8220;120&#8243; font_weight=&#8220;bold&#8220; font_style=&#8220;normal&#8220; txt_transform=&#8220;uppercase&#8220; letter_spacing=&#8220;0.5&#8243; font_family=&#8220;Montserrat&#8220; font_type=&#8220;google&#8220; align=&#8220;center&#8220;]Impressum[\/mk_fancy_title][vc_empty_space height=&#8220;150px&#8220; el_id=&#8220;teaser&#8220;][\/vc_column][\/vc_row][vc_row enable_overlay=&#8220;enable_overlay_value&#8220; overlay_color=&#8220;rgba(0,0,0,0.59)&#8220; seperator_enable=&#8220;seperator_enable_value&#8220; seperator_type=&#8220;tilt_left_seperator&#8220; seperator_position=&#8220;bottom_seperator&#8220; seperator_svg_height=&#8220;100&#8243; seperator_shape_background=&#8220;#ffffff&#8220; css=&#8220;.vc_custom_1494496653806{margin-top: -50px !important;}&#8220;][vc_column][vc_empty_space height=&#8220;60px&#8220;][vc_column_text css=&#8220;.vc_custom_1767777876626{margin-bottom: 0px !important;}&#8220;]Produkt und Marke der<\/p>\n<p><b>unn | UNITED NEWS NETWORK GmbH<\/b><br \/>\nLorenzstra\u00dfe 29<br \/>\nD-76135 Karlsruhe<\/p>\n<p>Telefon: +49 721 987793-30<br \/>\nFax: +49 721 987793-11<br \/>\nE-Mail: <a href=\"mailto:service@lifepr.de\" target=\"_self\" rel=\"noopener noreferrer\">service@lifepr.de<\/a><br \/>\nWeb: <a href=\"https:\/\/www.lifepr.de\/\" target=\"_blank\" rel=\"noopener noreferrer\">www.lifepr.de<\/a><\/p>\n<p>Handelsregister: Registergericht Mannheim (HRB 110836)<br \/>\nUSt-IdNr.: DE313899514<br \/>\nGesch\u00e4ftsf\u00fchrer: Oliver Meiseberg<\/p>\n<p><b>Datenschutz<\/b><br \/>\n\u00dcber alle Datenschutzrechtlichen Fragen bez\u00fcglich der Nutzung dieser Webseite erhalten Sie Informationen in der \u00dcber alle Datenschutzrechtlichen Fragen bez\u00fcglich der Nutzung dieser Webseite erhalten Sie Informationen in der <a href=\"\/info\/datenschutz\/\" target=\"_self\" rel=\"noopener noreferrer\">Datenschutzerkl\u00e4rung<\/a>.<\/p>\n<p><b>Bilderrechte<\/b><br \/>\nWir nutzen die\u00a0<a href=\"https:\/\/www.istockphoto.com\/de\/legal\/license-agreement\" target=\"_blank\" rel=\"noopener noreferrer\">Standardlizenz<\/a>\u00a0von iStockPhoto \u00fcber ein Bild-Abonnement. Die entsprechenden Rechte entnehmen Sie bitte den Seiten des Anbieters.<\/p>\n<p><b>Social-Media<\/b><br \/>\nDieses Impressum gilt auch f\u00fcr die von der lifePR betriebenen Social-Media Accounts. In der unten stehenden Liste sind alle Social-Media Auftritte enthalten.[\/vc_column_text][vc_accordions style=&#8220;simple-style&#8220; open_toggle=&#8220;-1&#8243; container_bg_color=&#8220;#ffffff&#8220;][vc_accordion_tab icon=&#8220;mk-icon-twitter&#8220; title=&#8220;Twitter&#8220;][vc_column_text disable_pattern=&#8220;false&#8220;]<a href=\"https:\/\/twitter.com\/lifeprinfo\" target=\"_blank\" rel=\"noopener noreferrer\">lifePR-Homepage<\/a><br \/>\n<a href=\"https:\/\/twitter.com\/#!\/LifePRde\" target=\"_blank\" rel=\"noopener noreferrer\">lifePR gesamt<\/a><br \/>\n<a href=\"https:\/\/twitter.com\/#!\/LPRhausDE\" target=\"_blank\" rel=\"noopener noreferrer\">Bauen &amp; Wohnen<\/a><br \/>\n<a href=\"https:\/\/twitter.com\/#!\/LPRbeautyDE\" target=\"_blank\" rel=\"noopener noreferrer\">Beauty &amp; Wellness<\/a><br \/>\n<a href=\"https:\/\/twitter.com\/#!\/LPRbildungDE\" target=\"_blank\" rel=\"noopener noreferrer\">Bildung &amp; Karriere<\/a><br \/>\n<a href=\"https:\/\/twitter.com\/#!\/LPRenergieDE\" target=\"_blank\" rel=\"noopener noreferrer\">Energie &amp; Umwelt<\/a><br \/>\n<a href=\"https:\/\/twitter.com\/#!\/LPRessenDE\" target=\"_blank\" rel=\"noopener noreferrer\">Essen &amp; Trinken<\/a><br \/>\n<a href=\"https:\/\/twitter.com\/#!\/LPRfamilieDE\" target=\"_blank\" rel=\"noopener noreferrer\">Familie &amp; Kind<\/a><br \/>\n<a href=\"https:\/\/twitter.com\/#!\/LPRfashionDE\" target=\"_blank\" rel=\"noopener noreferrer\">Fashion &amp; Style<\/a><br \/>\n<a href=\"https:\/\/twitter.com\/#!\/LPRfinanzenDE\" target=\"_blank\" rel=\"noopener noreferrer\">Finanzen &amp; Versicherungen<\/a><br \/>\n<a href=\"https:\/\/twitter.com\/#!\/LPRfreizeitDE\" target=\"_blank\" rel=\"noopener noreferrer\">Freizeit &amp; Hobby<\/a><br \/>\n<a href=\"https:\/\/twitter.com\/#!\/LPRglobal_gesDE\" target=\"_blank\" rel=\"noopener noreferrer\">Gesellschaft<\/a><br \/>\n<a href=\"https:\/\/twitter.com\/#!\/LPRgesundheitDE\" target=\"_blank\" rel=\"noopener noreferrer\">Gesundheit &amp; Medizin<\/a><br \/>\n<a href=\"https:\/\/twitter.com\/#!\/LPRkunstDE\" target=\"_blank\" rel=\"noopener noreferrer\">Kunst &amp; Kultur<\/a><br \/>\n<a href=\"https:\/\/twitter.com\/#!\/LPRglobal_lifDE\" target=\"_blank\" rel=\"noopener noreferrer\">Lifestyle &amp; Kultur<\/a><br \/>\n<a href=\"https:\/\/twitter.com\/#!\/LPRmedienDE\" target=\"_blank\" rel=\"noopener noreferrer\">Medien &amp; Kommunikation<\/a><br \/>\n<a href=\"https:\/\/twitter.com\/#!\/LPRglobal_medDE\" target=\"_blank\" rel=\"noopener noreferrer\">Medien &amp; Technik<\/a><br \/>\n<a href=\"https:\/\/twitter.com\/#!\/LPRmobileDE\" target=\"_blank\" rel=\"noopener noreferrer\">Mobile &amp; Verkehr<\/a><br \/>\n<a href=\"https:\/\/twitter.com\/#!\/LPRmusikDE\" target=\"_blank\" rel=\"noopener noreferrer\">Musik<\/a><br \/>\n<a href=\"https:\/\/twitter.com\/#!\/LPRnaturDE\" target=\"_blank\" rel=\"noopener noreferrer\">Natur &amp; Garten<\/a><br \/>\n<a href=\"https:\/\/twitter.com\/#!\/LPRreisenDE\" target=\"_blank\" rel=\"noopener noreferrer\">Reisen &amp; Urlaub<\/a><br \/>\n<a href=\"https:\/\/twitter.com\/#!\/LPRsportDE\" target=\"_blank\" rel=\"noopener noreferrer\">Sport<\/a><br \/>\n<a href=\"https:\/\/twitter.com\/#!\/LPRunterhaltuDE\" target=\"_blank\" rel=\"noopener noreferrer\">Unterhaltung &amp; Technik<\/a><br \/>\n<a href=\"https:\/\/twitter.com\/#!\/LPRverbraucheDE\" target=\"_blank\" rel=\"noopener noreferrer\">Verbraucher &amp; Recht<\/a>[\/vc_column_text][\/vc_accordion_tab][vc_accordion_tab icon=&#8220;mk-icon-facebook&#8220; title=&#8220;Facebook&#8220;][vc_column_text disable_pattern=&#8220;false&#8220;]<a href=\"https:\/\/www.facebook.com\/lifeprde\" target=\"_blank\" rel=\"noopener noreferrer\">lifePR-Homepage<\/a><br \/>\n<a href=\"https:\/\/www.facebook.com\/pages\/LifePRde\/193618424010972\" target=\"_blank\" rel=\"noopener noreferrer\">lifePR gesamt<\/a><br \/>\n<a href=\"https:\/\/www.facebook.com\/pages\/LifePRde-Bauen-Wohnen\/144066348992904\" target=\"_blank\" rel=\"noopener noreferrer\">Bauen &amp; Wohnen<\/a><br \/>\n<a href=\"https:\/\/www.facebook.com\/pages\/LifePRde-Beauty-Wellness\/108380749244959\" target=\"_blank\" rel=\"noopener noreferrer\">Beauty &amp; Wellness<\/a><br \/>\n<a href=\"https:\/\/www.facebook.com\/pages\/LifePRde-Bildung-Karriere\/162838890437149\" target=\"_blank\" rel=\"noopener noreferrer\">Bildung &amp; Karriere<\/a><br \/>\n<a href=\"https:\/\/www.facebook.com\/pages\/LifePRde-Energie-Umwelt\/134523696620228\" target=\"_blank\" rel=\"noopener noreferrer\">Energie &amp; Umwelt<\/a><br \/>\n<a href=\"https:\/\/www.facebook.com\/pages\/LifePRde-Essen-Trinken\/197906566899358\" target=\"_blank\" rel=\"noopener noreferrer\">Essen &amp; Trinken<\/a><br \/>\n<a href=\"https:\/\/www.facebook.com\/pages\/LifePRde-Familie-Kind\/185531344825394\" target=\"_blank\" rel=\"noopener noreferrer\">Familie &amp; Kind<\/a><br \/>\n<a href=\"https:\/\/www.facebook.com\/pages\/LifePRde-Fashion-Style\/119647668112136\" target=\"_blank\" rel=\"noopener noreferrer\">Fashion &amp; Style<\/a><br \/>\n<a href=\"https:\/\/www.facebook.com\/pages\/LifePRde-Finanzen-Versicherungen\/211640502186749\" target=\"_blank\" rel=\"noopener noreferrer\">Finanzen &amp; Versicherungen<\/a><br \/>\n<a href=\"https:\/\/www.facebook.com\/pages\/LifePRde-Freizeit-Hobby\/199222986778130\" target=\"_blank\" rel=\"noopener noreferrer\">Freizeit &amp; Hobby<\/a><br \/>\n<a href=\"https:\/\/www.facebook.com\/pages\/LifePRde-Gesundheit-Medizin\/144263535641310\" target=\"_blank\" rel=\"noopener noreferrer\">Gesundheit &amp; Medizin<\/a><br \/>\n<a href=\"https:\/\/www.facebook.com\/pages\/LifePRde-Kunst-Kultur\/181101375270070\" target=\"_blank\" rel=\"noopener noreferrer\">Kunst &amp; Kultur<\/a><br \/>\n<a href=\"https:\/\/www.facebook.com\/pages\/LifePRde-Medien-Kommunikation\/193114317393869\" target=\"_blank\" rel=\"noopener noreferrer\">Medien &amp; Kommunikation<\/a><br \/>\n<a href=\"https:\/\/www.facebook.com\/pages\/LifePRde-Mobile-Verkehr\/154856314575934\" target=\"_blank\" rel=\"noopener noreferrer\">Mobile &amp; Verkehr<\/a><br \/>\n<a href=\"https:\/\/www.facebook.com\/pages\/LifePRde-Musik\/155901241136917\" target=\"_blank\" rel=\"noopener noreferrer\">Musik<\/a><br \/>\n<a href=\"https:\/\/www.facebook.com\/pages\/LifePRde-Natur-Garten\/163875970332522\" target=\"_blank\" rel=\"noopener noreferrer\">Natur &amp; Garten<\/a><br \/>\n<a href=\"https:\/\/www.facebook.com\/pages\/LifePRde-Reisen-Urlaub\/201303006560045\" target=\"_blank\" rel=\"noopener noreferrer\">Reisen &amp; Urlaub<\/a><br \/>\n<a href=\"https:\/\/www.facebook.com\/pages\/LifePRde-Sport\/142503512481502\" target=\"_blank\" rel=\"noopener noreferrer\">Sport<\/a><br \/>\n<a href=\"https:\/\/www.facebook.com\/pages\/LifePRde-Unterhaltung-Technik\/197548936942912\" target=\"_blank\" rel=\"noopener noreferrer\">Unterhaltung &amp; Technik<\/a><br \/>\n<a href=\"https:\/\/www.facebook.com\/pages\/LifePRde-Verbraucher-Recht\/212024028811559\" target=\"_blank\" rel=\"noopener noreferrer\">Verbraucher &amp; Recht<\/a>[\/vc_column_text][\/vc_accordion_tab][\/vc_accordions][vc_raw_html]JTNDcCUzRSUzQ3N0cm9uZyUzRSVDMiVBOSUyMDIwMDIlMjAlRTIlODAlOTMlMjAlM0NzY3JpcHQlMjB0eXBlJTNEJTIydGV4dCUyRmphdmFzY3JpcHQlMjIlM0UlMEElMjAlMjBkb2N1bWVudC53cml0ZSUyOG5ldyUyMERhdGUlMjglMjkuZ2V0RnVsbFllYXIlMjglMjklMjklM0IlMEElM0MlMkZzY3JpcHQlM0UlMjAlM0NhJTIwaHJlZiUzRCUyMmh0dHBzJTNBJTJGJTJGd3d3LmxpZmVwci5kZSUyRiUyMiUyMHRhcmdldCUzRCUyMl9zZWxmJTIyJTNFd3d3LmxpZmVwci5kZSUzQyUyRmElM0UlMjAlRTIlODAlOTMlMjBBbGxlJTIwUmVjaHRlJTIwdm9yYmVoYWx0ZW4uJTNDJTJGc3Ryb25nJTNFJTNDJTJGcCUzRQ==[\/vc_raw_html][vc_empty_space height=&#8220;100px&#8220;][\/vc_column][\/vc_row]\n<\/div>","protected":false},"excerpt":{"rendered":"<p>[vc_row bg_type=&#8220;image&#8220; parallax_style=&#8220;vcpb-default&#8220; bg_image_new=&#8220;id^1705|url^https:\/\/www.lifepr.de\/info\/wp-content\/uploads\/2017\/06\/allgemein-teaser.jpg|caption^null|alt^lifePR Background|title^null|description^null&#8220; bg_image_repeat=&#8220;no-repeat&#8220; bg_override=&#8220;ex-full&#8220; seperator_enable=&#8220;seperator_enable_value&#8220; seperator_type=&#8220;tilt_left_seperator&#8220; seperator_position=&#8220;bottom_seperator&#8220; seperator_svg_height=&#8220;100&#8243; seperator_shape_background=&#8220;#ffffff&#8220;][vc_column][vc_empty_space height=&#8220;240px&#8220; el_id=&#8220;teaser&#8220;][mk_fancy_title tag_name=&#8220;h1&#8243; color=&#8220;#000000&#8243; size=&#8220;50&#8243; force_font_size=&#8220;true&#8220; size_smallscreen=&#8220;50&#8243; size_tablet=&#8220;35&#8243; size_phone=&#8220;35&#8243; line_height=&#8220;120&#8243; font_weight=&#8220;bold&#8220; font_style=&#8220;normal&#8220; txt_transform=&#8220;uppercase&#8220; letter_spacing=&#8220;0.5&#8243; font_family=&#8220;Montserrat&#8220; font_type=&#8220;google&#8220; align=&#8220;center&#8220;]Impressum[\/mk_fancy_title][vc_empty_space height=&#8220;150px&#8220; el_id=&#8220;teaser&#8220;][\/vc_column][\/vc_row][vc_row enable_overlay=&#8220;enable_overlay_value&#8220; overlay_color=&#8220;rgba(0,0,0,0.59)&#8220; seperator_enable=&#8220;seperator_enable_value&#8220; seperator_type=&#8220;tilt_left_seperator&#8220; seperator_position=&#8220;bottom_seperator&#8220; seperator_svg_height=&#8220;100&#8243; seperator_shape_background=&#8220;#ffffff&#8220; css=&#8220;.vc_custom_1494496653806{margin-top: -50px !important;}&#8220;][vc_column][vc_empty_space height=&#8220;60px&#8220;][vc_column_text css=&#8220;.vc_custom_1767777876626{margin-bottom: 0px !important;}&#8220;]Produkt und Marke der unn | UNITED NEWS NETWORK GmbH Lorenzstra\u00dfe [&hellip;]<\/p>\n","protected":false},"author":6,"featured_media":0,"parent":0,"menu_order":0,"comment_status":"closed","ping_status":"closed","template":"","meta":{"footnotes":""},"folder":[],"class_list":["post-1181","page","type-page","status-publish","hentry"],"yoast_head":"<!-- This site is optimized with the Yoast SEO plugin v26.6 - https:\/\/yoast.com\/wordpress\/plugins\/seo\/ -->\n<title>Impressum - unn | UNITED NEWS NETWORK GmbH<\/title>\n<meta name=\"description\" content=\"Impressum lifePR, Produkt und Marke der unn | UNITED NEWS NETWORK GmbH Lorenzstra\u00dfe 29 D-76135 Karlsruhe Telefon: +49 721 987793-30.\" \/>\n<meta name=\"robots\" content=\"index, follow, max-snippet:-1, max-image-preview:large, max-video-preview:-1\" \/>\n<link rel=\"canonical\" href=\"https:\/\/www.lifepr.de\/info\/impressum\/\" \/>\n<meta property=\"og:locale\" content=\"de_DE\" \/>\n<meta property=\"og:type\" content=\"article\" \/>\n<meta property=\"og:title\" content=\"Impressum - unn | UNITED NEWS NETWORK GmbH\" \/>\n<meta property=\"og:description\" content=\"Impressum lifePR, Produkt und Marke der unn | UNITED NEWS NETWORK GmbH Lorenzstra\u00dfe 29 D-76135 Karlsruhe Telefon: +49 721 987793-30.\" \/>\n<meta property=\"og:url\" content=\"https:\/\/www.lifepr.de\/info\/impressum\/\" \/>\n<meta property=\"og:site_name\" content=\"Inhalte ver\u00f6ffentlichen mit lifePR\" \/>\n<meta property=\"article:modified_time\" content=\"2026-01-07T09:24:52+00:00\" \/>\n<meta name=\"twitter:card\" content=\"summary_large_image\" \/>\n<meta name=\"twitter:label1\" content=\"Gesch\u00e4tzte Lesezeit\" \/>\n\t<meta name=\"twitter:data1\" content=\"2\u00a0Minuten\" \/>\n<script type=\"application\/ld+json\" class=\"yoast-schema-graph\">{\"@context\":\"https:\/\/schema.org\",\"@graph\":[{\"@type\":\"WebPage\",\"@id\":\"https:\/\/www.lifepr.de\/info\/impressum\/\",\"url\":\"https:\/\/www.lifepr.de\/info\/impressum\/\",\"name\":\"Impressum - unn | UNITED NEWS NETWORK GmbH\",\"isPartOf\":{\"@id\":\"https:\/\/www.lifepr.de\/info\/#website\"},\"datePublished\":\"2017-06-06T14:39:01+00:00\",\"dateModified\":\"2026-01-07T09:24:52+00:00\",\"description\":\"Impressum lifePR, Produkt und Marke der unn | UNITED NEWS NETWORK GmbH Lorenzstra\u00dfe 29 D-76135 Karlsruhe Telefon: +49 721 987793-30.\",\"breadcrumb\":{\"@id\":\"https:\/\/www.lifepr.de\/info\/impressum\/#breadcrumb\"},\"inLanguage\":\"de\",\"potentialAction\":[{\"@type\":\"ReadAction\",\"target\":[\"https:\/\/www.lifepr.de\/info\/impressum\/\"]}]},{\"@type\":\"BreadcrumbList\",\"@id\":\"https:\/\/www.lifepr.de\/info\/impressum\/#breadcrumb\",\"itemListElement\":[{\"@type\":\"ListItem\",\"position\":1,\"name\":\"Startseite\",\"item\":\"https:\/\/www.lifepr.de\/info\/\"},{\"@type\":\"ListItem\",\"position\":2,\"name\":\"Impressum\"}]},{\"@type\":\"WebSite\",\"@id\":\"https:\/\/www.lifepr.de\/info\/#website\",\"url\":\"https:\/\/www.lifepr.de\/info\/\",\"name\":\"Inhalte ver\u00f6ffentlichen mit lifePR\",\"description\":\"Inhalte ver\u00f6ffentlichen - Inhalte verbreiten - Inhalte erstellen\",\"potentialAction\":[{\"@type\":\"SearchAction\",\"target\":{\"@type\":\"EntryPoint\",\"urlTemplate\":\"https:\/\/www.lifepr.de\/info\/?s={search_term_string}\"},\"query-input\":{\"@type\":\"PropertyValueSpecification\",\"valueRequired\":true,\"valueName\":\"search_term_string\"}}],\"inLanguage\":\"de\"}]}<\/script>\n<!-- \/ Yoast SEO plugin. -->","yoast_head_json":{"title":"Impressum - unn | UNITED NEWS NETWORK GmbH","description":"Impressum lifePR, Produkt und Marke der unn | UNITED NEWS NETWORK GmbH Lorenzstra\u00dfe 29 D-76135 Karlsruhe Telefon: +49 721 987793-30.","robots":{"index":"index","follow":"follow","max-snippet":"max-snippet:-1","max-image-preview":"max-image-preview:large","max-video-preview":"max-video-preview:-1"},"canonical":"https:\/\/www.lifepr.de\/info\/impressum\/","og_locale":"de_DE","og_type":"article","og_title":"Impressum - unn | UNITED NEWS NETWORK GmbH","og_description":"Impressum lifePR, Produkt und Marke der unn | UNITED NEWS NETWORK GmbH Lorenzstra\u00dfe 29 D-76135 Karlsruhe Telefon: +49 721 987793-30.","og_url":"https:\/\/www.lifepr.de\/info\/impressum\/","og_site_name":"Inhalte ver\u00f6ffentlichen mit lifePR","article_modified_time":"2026-01-07T09:24:52+00:00","twitter_card":"summary_large_image","twitter_misc":{"Gesch\u00e4tzte Lesezeit":"2\u00a0Minuten"},"schema":{"@context":"https:\/\/schema.org","@graph":[{"@type":"WebPage","@id":"https:\/\/www.lifepr.de\/info\/impressum\/","url":"https:\/\/www.lifepr.de\/info\/impressum\/","name":"Impressum - unn | UNITED NEWS NETWORK GmbH","isPartOf":{"@id":"https:\/\/www.lifepr.de\/info\/#website"},"datePublished":"2017-06-06T14:39:01+00:00","dateModified":"2026-01-07T09:24:52+00:00","description":"Impressum lifePR, Produkt und Marke der unn | UNITED NEWS NETWORK GmbH Lorenzstra\u00dfe 29 D-76135 Karlsruhe Telefon: +49 721 987793-30.","breadcrumb":{"@id":"https:\/\/www.lifepr.de\/info\/impressum\/#breadcrumb"},"inLanguage":"de","potentialAction":[{"@type":"ReadAction","target":["https:\/\/www.lifepr.de\/info\/impressum\/"]}]},{"@type":"BreadcrumbList","@id":"https:\/\/www.lifepr.de\/info\/impressum\/#breadcrumb","itemListElement":[{"@type":"ListItem","position":1,"name":"Startseite","item":"https:\/\/www.lifepr.de\/info\/"},{"@type":"ListItem","position":2,"name":"Impressum"}]},{"@type":"WebSite","@id":"https:\/\/www.lifepr.de\/info\/#website","url":"https:\/\/www.lifepr.de\/info\/","name":"Inhalte ver\u00f6ffentlichen mit lifePR","description":"Inhalte ver\u00f6ffentlichen - Inhalte verbreiten - Inhalte erstellen","potentialAction":[{"@type":"SearchAction","target":{"@type":"EntryPoint","urlTemplate":"https:\/\/www.lifepr.de\/info\/?s={search_term_string}"},"query-input":{"@type":"PropertyValueSpecification","valueRequired":true,"valueName":"search_term_string"}}],"inLanguage":"de"}]}},"_links":{"self":[{"href":"https:\/\/www.lifepr.de\/info\/wp-json\/wp\/v2\/pages\/1181","targetHints":{"allow":["GET"]}}],"collection":[{"href":"https:\/\/www.lifepr.de\/info\/wp-json\/wp\/v2\/pages"}],"about":[{"href":"https:\/\/www.lifepr.de\/info\/wp-json\/wp\/v2\/types\/page"}],"author":[{"embeddable":true,"href":"https:\/\/www.lifepr.de\/info\/wp-json\/wp\/v2\/users\/6"}],"replies":[{"embeddable":true,"href":"https:\/\/www.lifepr.de\/info\/wp-json\/wp\/v2\/comments?post=1181"}],"version-history":[{"count":3,"href":"https:\/\/www.lifepr.de\/info\/wp-json\/wp\/v2\/pages\/1181\/revisions"}],"predecessor-version":[{"id":38142,"href":"https:\/\/www.lifepr.de\/info\/wp-json\/wp\/v2\/pages\/1181\/revisions\/38142"}],"wp:attachment":[{"href":"https:\/\/www.lifepr.de\/info\/wp-json\/wp\/v2\/media?parent=1181"}],"wp:term":[{"taxonomy":"folder","embeddable":true,"href":"https:\/\/www.lifepr.de\/info\/wp-json\/wp\/v2\/folder?post=1181"}],"curies":[{"name":"wp","href":"https:\/\/api.w.org\/{rel}","templated":true}]}}