{"id":1093,"date":"2017-05-11T16:04:56","date_gmt":"2017-05-11T14:04:56","guid":{"rendered":"https:\/\/www.lifepr.de\/info\/?page_id=1093"},"modified":"2021-02-17T12:03:50","modified_gmt":"2021-02-17T11:03:50","slug":"leistungen","status":"publish","type":"page","link":"https:\/\/www.lifepr.de\/info\/leistungen\/","title":{"rendered":"Leistungen"},"content":{"rendered":"<div class=\"wpb-content-wrapper\">[vc_row bg_type=&#8220;image&#8220; parallax_style=&#8220;vcpb-default&#8220; bg_image_new=&#8220;id^1657|url^https:\/\/www.lifepr.de\/info\/wp-content\/uploads\/2017\/05\/leistung.jpg|caption^null|alt^Leistungen|title^null|description^null&#8220; bg_image_repeat=&#8220;no-repeat&#8220; bg_override=&#8220;ex-full&#8220; seperator_enable=&#8220;seperator_enable_value&#8220; seperator_type=&#8220;tilt_left_seperator&#8220; seperator_position=&#8220;bottom_seperator&#8220; seperator_svg_height=&#8220;100&#8243; seperator_shape_background=&#8220;#ffffff&#8220; css=&#8220;.vc_custom_1497001002457{margin-top: -50px !important;}&#8220;][vc_column][vc_empty_space height=&#8220;240px&#8220; el_id=&#8220;teaser&#8220;][mk_fancy_title tag_name=&#8220;span&#8220; color=&#8220;#000000&#8243; size=&#8220;30&#8243; force_font_size=&#8220;true&#8220; size_smallscreen=&#8220;30&#8243; size_tablet=&#8220;25&#8243; size_phone=&#8220;20&#8243; line_height=&#8220;120&#8243; font_weight=&#8220;400&#8243; font_style=&#8220;normal&#8220; margin_bottom=&#8220;0&#8243; font_family=&#8220;Montserrat&#8220; font_type=&#8220;google&#8220; align=&#8220;center&#8220;]All-in-One f\u00fcr Ihre erfolgreiche Pressearbeit[\/mk_fancy_title][mk_fancy_title tag_name=&#8220;h1&#8243; color=&#8220;#000000&#8243; size=&#8220;60&#8243; force_font_size=&#8220;true&#8220; size_smallscreen=&#8220;60&#8243; size_tablet=&#8220;45&#8243; size_phone=&#8220;35&#8243; line_height=&#8220;120&#8243; font_weight=&#8220;bold&#8220; font_style=&#8220;normal&#8220; txt_transform=&#8220;uppercase&#8220; letter_spacing=&#8220;0.5&#8243; font_family=&#8220;Montserrat&#8220; font_type=&#8220;google&#8220; align=&#8220;center&#8220;]Leistungen im \u00dcberblick[\/mk_fancy_title][vc_btn title=&#8220;Verteilercheck&#8220; style=&#8220;flat&#8220; shape=&#8220;round&#8220; color=&#8220;primary&#8220; size=&#8220;lg&#8220; align=&#8220;center&#8220; link=&#8220;url:https%3A%2F%2Fwww.lifepr.de%2Fpr-leistungen%2Fpresseservice%2Fverteilercheck||target:%20_blank|&#8220; el_id=&#8220;cta-red&#8220;][vc_empty_space height=&#8220;150px&#8220; el_id=&#8220;teaser&#8220;][\/vc_column][\/vc_row][vc_row][vc_column][vc_empty_space height=&#8220;60&#8243;][mk_fancy_title tag_name=&#8220;span&#8220; color=&#8220;#777777&#8243; size=&#8220;28&#8243; force_font_size=&#8220;true&#8220; size_smallscreen=&#8220;28&#8243; size_tablet=&#8220;18&#8243; size_phone=&#8220;18&#8243; line_height=&#8220;120&#8243; font_weight=&#8220;300&#8243; font_style=&#8220;normal&#8220; margin_bottom=&#8220;0&#8243; font_family=&#8220;Montserrat&#8220; font_type=&#8220;google&#8220; align=&#8220;center&#8220;]Einzeln oder in Kombination f\u00fcr Sie zugeschnitten[\/mk_fancy_title][mk_fancy_title color=&#8220;#444444&#8243; size=&#8220;30&#8243; force_font_size=&#8220;true&#8220; size_smallscreen=&#8220;30&#8243; size_tablet=&#8220;20&#8243; size_phone=&#8220;20&#8243; line_height=&#8220;120&#8243; font_weight=&#8220;500&#8243; font_style=&#8220;normal&#8220; txt_transform=&#8220;uppercase&#8220; letter_spacing=&#8220;0.5&#8243; margin_bottom=&#8220;40&#8243; font_family=&#8220;Montserrat&#8220; font_type=&#8220;google&#8220; align=&#8220;center&#8220;]Erfolgreiche Presseservices[\/mk_fancy_title][vc_row_inner][vc_column_inner width=&#8220;1\/4&#8243;][mk_icon_box icon=&#8220;mk-icon-newspaper-o&#8220; title=&#8220;NEWSROOM&#8220; text_size=&#8220;20&#8243; style=&#8220;simple_ultimate&#8220; icon_size=&#8220;large&#8220; rounded_circle=&#8220;true&#8220; icon_location=&#8220;top&#8220; icon_color=&#8220;#dd0911&#8243; title_color=&#8220;#444444&#8243; txt_color=&#8220;#444444&#8243;]Der Newsroom garantiert Traffic, Reichweite, Messbarkeit und damit Erfolgskontrolle f\u00fcr Ihr Unternehmen[\/mk_icon_box][mk_button dimension=&#8220;outline&#8220; corner_style=&#8220;full_rounded&#8220; size=&#8220;medium&#8220; url=&#8220;\/info\/newsroom\/&#8220; align=&#8220;center&#8220; margin_top=&#8220;35&#8243; outline_skin=&#8220;custom&#8220; outline_active_text_color=&#8220;#dd0911&#8243; outline_hover_bg_color=&#8220;rgba(221,9,17,0.2)&#8220; outline_hover_color=&#8220;#dd0911&#8243;]MEHR INFOS[\/mk_button][\/vc_column_inner][vc_column_inner width=&#8220;1\/4&#8243;][mk_icon_box icon=&#8220;mk-icon-bullhorn&#8220; title=&#8220;PRESSEDIENST&#8220; text_size=&#8220;20&#8243; style=&#8220;simple_ultimate&#8220; icon_size=&#8220;large&#8220; rounded_circle=&#8220;true&#8220; icon_location=&#8220;top&#8220; icon_color=&#8220;#dd0911&#8243; title_color=&#8220;#444444&#8243; txt_color=&#8220;#444444&#8243;]Erreichen Sie \u00fcber 1,4 Millionen Journalisten, Meinungsmacher &amp; Fachinteressierte weltweit mit der\u00a0lifePR[\/mk_icon_box][mk_button dimension=&#8220;outline&#8220; corner_style=&#8220;full_rounded&#8220; size=&#8220;medium&#8220; url=&#8220;\/info\/pressedienst\/&#8220; align=&#8220;center&#8220; margin_top=&#8220;35&#8243; outline_skin=&#8220;custom&#8220; outline_active_text_color=&#8220;#dd0911&#8243; outline_hover_bg_color=&#8220;rgba(221,9,17,0.2)&#8220; outline_hover_color=&#8220;#dd0911&#8243;]MEHR INFOS[\/mk_button][\/vc_column_inner][vc_column_inner width=&#8220;1\/4&#8243;][mk_icon_box icon=&#8220;mk-icon-desktop&#8220; title=&#8220;MONITORING&#8220; text_size=&#8220;20&#8243; style=&#8220;simple_ultimate&#8220; icon_size=&#8220;large&#8220; rounded_circle=&#8220;true&#8220; icon_location=&#8220;top&#8220; icon_color=&#8220;#dd0911&#8243; title_color=&#8220;#444444&#8243; txt_color=&#8220;#444444&#8243;]Verpassen Sie nie wieder Meldungen \u00fcber Ihr Unternehmen, Ihre Produkte, Ihre Kunden oder den Markt[\/mk_icon_box][mk_button dimension=&#8220;outline&#8220; corner_style=&#8220;full_rounded&#8220; size=&#8220;medium&#8220; url=&#8220;\/info\/monitoring\/&#8220; align=&#8220;center&#8220; margin_top=&#8220;35&#8243; outline_skin=&#8220;custom&#8220; outline_active_text_color=&#8220;#dd0911&#8243; outline_hover_bg_color=&#8220;rgba(221,9,17,0.2)&#8220; outline_hover_color=&#8220;#dd0911&#8243;]MEHR INFOS[\/mk_button][\/vc_column_inner][vc_column_inner width=&#8220;1\/4&#8243;][mk_icon_box icon=&#8220;mk-icon-pencil-square-o&#8220; title=&#8220;REDAKTION&#8220; text_size=&#8220;20&#8243; style=&#8220;simple_ultimate&#8220; icon_size=&#8220;large&#8220; rounded_circle=&#8220;true&#8220; icon_location=&#8220;top&#8220; icon_color=&#8220;#dd0911&#8243; title_color=&#8220;#444444&#8243; txt_color=&#8220;#444444&#8243;]Pr\u00e4gnant und in verst\u00e4ndlicher Sprache stellen ausgebildete Texter selbst komplexe Abl\u00e4ufe korrekt und greifbar dar[\/mk_icon_box][mk_button dimension=&#8220;outline&#8220; corner_style=&#8220;full_rounded&#8220; size=&#8220;medium&#8220; url=&#8220;\/info\/redaktion\/&#8220; align=&#8220;center&#8220; margin_top=&#8220;35&#8243; outline_skin=&#8220;custom&#8220; outline_active_text_color=&#8220;#dd0911&#8243; outline_hover_bg_color=&#8220;rgba(221,9,17,0.2)&#8220; outline_hover_color=&#8220;#dd0911&#8243;]MEHR INFOS[\/mk_button][\/vc_column_inner][\/vc_row_inner][vc_empty_space height=&#8220;75&#8243;][\/vc_column][\/vc_row][vc_row bg_type=&#8220;bg_color&#8220; bg_override=&#8220;ex-full&#8220; bg_color_value=&#8220;#f5f5f5&#8243;][vc_column][vc_empty_space height=&#8220;95&#8243;][mk_fancy_title tag_name=&#8220;span&#8220; color=&#8220;#777777&#8243; size=&#8220;28&#8243; force_font_size=&#8220;true&#8220; size_smallscreen=&#8220;28&#8243; size_tablet=&#8220;18&#8243; size_phone=&#8220;18&#8243; line_height=&#8220;120&#8243; font_weight=&#8220;300&#8243; font_style=&#8220;normal&#8220; margin_bottom=&#8220;0&#8243; font_family=&#8220;Montserrat&#8220; font_type=&#8220;google&#8220; align=&#8220;center&#8220;]Alles aus einer Hand[\/mk_fancy_title][mk_fancy_title tag_name=&#8220;span&#8220; color=&#8220;#444444&#8243; size=&#8220;30&#8243; force_font_size=&#8220;true&#8220; size_smallscreen=&#8220;30&#8243; size_tablet=&#8220;20&#8243; size_phone=&#8220;20&#8243; line_height=&#8220;120&#8243; font_weight=&#8220;500&#8243; font_style=&#8220;normal&#8220; txt_transform=&#8220;uppercase&#8220; letter_spacing=&#8220;0.5&#8243; margin_bottom=&#8220;50&#8243; font_family=&#8220;Montserrat&#8220; font_type=&#8220;google&#8220; align=&#8220;center&#8220;]Die smarte All-in-One L\u00f6sung f\u00fcr Ihre Pressearbeit[\/mk_fancy_title][mk_laptop_slideshow images=&#8220;9193,9192,9191,9190,9189&#8243;][vc_empty_space height=&#8220;50&#8243;][\/vc_column][\/vc_row][vc_row][vc_column][vc_empty_space height=&#8220;95&#8243;][vc_row_inner][vc_column_inner width=&#8220;1\/3&#8243;][mk_icon_box icon=&#8220;mk-icon-send-o&#8220; title=&#8220;GARANTIERTE VER\u00d6FFENTLICHUNGEN&#8220; text_size=&#8220;20&#8243; style=&#8220;simple_ultimate&#8220; icon_color=&#8220;#dd0911&#8243; title_color=&#8220;#444444&#8243; txt_color=&#8220;#444444&#8243;]Ihre Meldungen\u00a0werden in unserem Medien- &amp; Partnernetzwerk garantiert ver\u00f6ffentlicht und zielfokussiert verbreitet[\/mk_icon_box][\/vc_column_inner][vc_column_inner width=&#8220;1\/3&#8243;][mk_icon_box icon=&#8220;mk-icon-pencil&#8220; title=&#8220;KOSTENFREIER EINSTELLSERVICE&#8220; text_size=&#8220;20&#8243; style=&#8220;simple_ultimate&#8220; icon_color=&#8220;#dd0911&#8243; title_color=&#8220;#444444&#8243; txt_color=&#8220;#444444&#8243;]Sie m\u00fcssen sich um nichts k\u00fcmmern \u2013\u00a0Der Einstellservice \u00fcbernimmt die Einstellung Ihrer Pressemitteilungen[\/mk_icon_box][\/vc_column_inner][vc_column_inner width=&#8220;1\/3&#8243;][mk_icon_box icon=&#8220;mk-moon-bars&#8220; title=&#8220;ECHTZEIT-ERFOLGSAUSWERTUNG&#8220; text_size=&#8220;20&#8243; style=&#8220;simple_ultimate&#8220; icon_color=&#8220;#dd0911&#8243; title_color=&#8220;#444444&#8243; txt_color=&#8220;#444444&#8243;]Detaillierte Erfolgsauswertung mit Markt-, Konkurrenzanalyse und Selbstvergleich. Behalten Sie mit der lifePR\u00a0alle Zahlen im Blick[\/mk_icon_box][\/vc_column_inner][\/vc_row_inner][vc_row_inner][vc_column_inner width=&#8220;1\/3&#8243;][mk_icon_box icon=&#8220;mk-icon-photo&#8220; title=&#8220;UNBEGRENZTE DATENFLAT&#8220; text_size=&#8220;20&#8243; style=&#8220;simple_ultimate&#8220; icon_color=&#8220;#dd0911&#8243; title_color=&#8220;#444444&#8243; txt_color=&#8220;#444444&#8243;]Optimieren Sie Ihre Inhalte \u2013 Speicherplatz f\u00fcr Bilder, Dokumente und Videos steht Ihnen unbegrenzt zur Verf\u00fcgung[\/mk_icon_box][\/vc_column_inner][vc_column_inner width=&#8220;1\/3&#8243;][mk_icon_box icon=&#8220;mk-moon-phone&#8220; title=&#8220;PERS\u00d6NLICHER ANSPRECHPARTNER&#8220; text_size=&#8220;20&#8243; style=&#8220;simple_ultimate&#8220; icon_color=&#8220;#dd0911&#8243; title_color=&#8220;#444444&#8243; txt_color=&#8220;#444444&#8243;]Bei Fragen oder W\u00fcnschen stehen Ihnen Ihre pers\u00f6nlichen PR-Experten der lifePR jederzeit hilfreich zur Seite[\/mk_icon_box][\/vc_column_inner][vc_column_inner width=&#8220;1\/3&#8243;][mk_icon_box icon=&#8220;mk-moon-thumbs-up-2&#8243; title=&#8220;SOCIAL MEDIA PUSH&#8220; text_size=&#8220;20&#8243; style=&#8220;simple_ultimate&#8220; icon_color=&#8220;#dd0911&#8243; title_color=&#8220;#444444&#8243; txt_color=&#8220;#444444&#8243;]Durch den integrierten Social Media Push, verbreiten Sie Ihre Meldung im Handumdrehen auch auf Facebook, Twitter, Google usw.[\/mk_icon_box][\/vc_column_inner][\/vc_row_inner][vc_row_inner][vc_column_inner width=&#8220;1\/3&#8243;][mk_icon_box icon=&#8220;mk-icon-star-o&#8220; title=&#8220;INDIVIDUELL&#8220; text_size=&#8220;20&#8243; style=&#8220;simple_ultimate&#8220; icon_color=&#8220;#dd0911&#8243; title_color=&#8220;#444444&#8243; txt_color=&#8220;#444444&#8243;]Erschlie\u00dfen Sie die M\u00e4rkte Ihrer Wahl und sichern sich Zugriff auf einen weltweiten Verteiler mit \u00fcber 1,4 Millionen akkreditierten Journalisten[\/mk_icon_box][\/vc_column_inner][vc_column_inner width=&#8220;1\/3&#8243;][mk_icon_box icon=&#8220;mk-icon-sitemap&#8220; title=&#8220;EXKLUSIVE PARTNER&#8220; text_size=&#8220;20&#8243; style=&#8220;simple_ultimate&#8220; icon_color=&#8220;#dd0911&#8243; title_color=&#8220;#444444&#8243; txt_color=&#8220;#444444&#8243;]Noch mehr Reichweite durch\u00a0exklusive Partnerschaften mit Technologieportalen und Zusatzmodulen wie DowJones oder Mecom Mediensatellit[\/mk_icon_box][\/vc_column_inner][vc_column_inner width=&#8220;1\/3&#8243;][mk_icon_box icon=&#8220;mk-moon-google&#8220; title=&#8220;GOOGLE NEWS&#8220; text_size=&#8220;20&#8243; style=&#8220;simple_ultimate&#8220; icon_color=&#8220;#dd0911&#8243; title_color=&#8220;#444444&#8243; txt_color=&#8220;#444444&#8243;]Top Listings und durch die jahrelange Zusammenarbeit werden Ihre Meldungen auch auf Google News ver\u00f6ffentlicht[\/mk_icon_box][\/vc_column_inner][\/vc_row_inner][vc_empty_space height=&#8220;65&#8243;][\/vc_column][\/vc_row][vc_row bg_type=&#8220;bg_color&#8220; bg_override=&#8220;ex-full&#8220; bg_color_value=&#8220;#f5f5f5&#8243; id=&#8220;faq&#8220;][vc_column][vc_empty_space height=&#8220;95&#8243;][mk_fancy_title color=&#8220;#444444&#8243; size=&#8220;30&#8243; force_font_size=&#8220;true&#8220; size_smallscreen=&#8220;30&#8243; size_tablet=&#8220;20&#8243; size_phone=&#8220;20&#8243; line_height=&#8220;120&#8243; font_weight=&#8220;500&#8243; font_style=&#8220;normal&#8220; txt_transform=&#8220;uppercase&#8220; letter_spacing=&#8220;0.5&#8243; font_family=&#8220;Montserrat&#8220; font_type=&#8220;google&#8220; align=&#8220;center&#8220;]H\u00e4ufig gestellte Fragen[\/mk_fancy_title][mk_fancy_title tag_name=&#8220;span&#8220; color=&#8220;#444444&#8243; size=&#8220;18&#8243; force_font_size=&#8220;true&#8220; size_smallscreen=&#8220;18&#8243; size_tablet=&#8220;16&#8243; size_phone=&#8220;16&#8243; line_height=&#8220;120&#8243; font_weight=&#8220;400&#8243; font_style=&#8220;normal&#8220; margin_bottom=&#8220;0&#8243; font_family=&#8220;Open+Sans&#8220; font_type=&#8220;google&#8220; align=&#8220;center&#8220;]Gerne beantworten wir Ihnen schon vorab die h\u00e4ufig gestellten Fragen[\/mk_fancy_title][vc_empty_space height=&#8220;30&#8243;][vc_row_inner][vc_column_inner width=&#8220;1\/2&#8243;][mk_faq style=&#8220;simple&#8220; sortable=&#8220;false&#8220; posts=&#8220;1115, 1117, 1119, 1121, 1123, 1125, 1127, 1129, 1131, 1133&#8243;][\/vc_column_inner][vc_column_inner width=&#8220;1\/2&#8243;][mk_faq style=&#8220;simple&#8220; sortable=&#8220;false&#8220; posts=&#8220;1135, 1137, 1139, 1141, 1143, 1145, 704, 1149, 1151&#8243;][\/vc_column_inner][\/vc_row_inner][vc_empty_space height=&#8220;60&#8243;][\/vc_column][\/vc_row]\n<\/div>","protected":false},"excerpt":{"rendered":"<p>[vc_row bg_type=&#8220;image&#8220; parallax_style=&#8220;vcpb-default&#8220; bg_image_new=&#8220;id^1657|url^https:\/\/www.lifepr.de\/info\/wp-content\/uploads\/2017\/05\/leistung.jpg|caption^null|alt^Leistungen|title^null|description^null&#8220; bg_image_repeat=&#8220;no-repeat&#8220; bg_override=&#8220;ex-full&#8220; seperator_enable=&#8220;seperator_enable_value&#8220; seperator_type=&#8220;tilt_left_seperator&#8220; seperator_position=&#8220;bottom_seperator&#8220; seperator_svg_height=&#8220;100&#8243; seperator_shape_background=&#8220;#ffffff&#8220; css=&#8220;.vc_custom_1497001002457{margin-top: -50px !important;}&#8220;][vc_column][vc_empty_space height=&#8220;240px&#8220; el_id=&#8220;teaser&#8220;][mk_fancy_title tag_name=&#8220;span&#8220; color=&#8220;#000000&#8243; size=&#8220;30&#8243; force_font_size=&#8220;true&#8220; size_smallscreen=&#8220;30&#8243; size_tablet=&#8220;25&#8243; size_phone=&#8220;20&#8243; line_height=&#8220;120&#8243; font_weight=&#8220;400&#8243; font_style=&#8220;normal&#8220; margin_bottom=&#8220;0&#8243; font_family=&#8220;Montserrat&#8220; font_type=&#8220;google&#8220; align=&#8220;center&#8220;]All-in-One f\u00fcr Ihre erfolgreiche Pressearbeit[\/mk_fancy_title][mk_fancy_title tag_name=&#8220;h1&#8243; color=&#8220;#000000&#8243; size=&#8220;60&#8243; force_font_size=&#8220;true&#8220; size_smallscreen=&#8220;60&#8243; size_tablet=&#8220;45&#8243; size_phone=&#8220;35&#8243; line_height=&#8220;120&#8243; font_weight=&#8220;bold&#8220; font_style=&#8220;normal&#8220; txt_transform=&#8220;uppercase&#8220; letter_spacing=&#8220;0.5&#8243; font_family=&#8220;Montserrat&#8220; font_type=&#8220;google&#8220; align=&#8220;center&#8220;]Leistungen im \u00dcberblick[\/mk_fancy_title][vc_btn title=&#8220;Verteilercheck&#8220; style=&#8220;flat&#8220; shape=&#8220;round&#8220; color=&#8220;primary&#8220; [&hellip;]<\/p>\n","protected":false},"author":6,"featured_media":0,"parent":0,"menu_order":0,"comment_status":"closed","ping_status":"closed","template":"","meta":{"footnotes":""},"folder":[],"class_list":["post-1093","page","type-page","status-publish","hentry"],"yoast_head":"<!-- This site is optimized with the Yoast SEO plugin v26.6 - https:\/\/yoast.com\/wordpress\/plugins\/seo\/ -->\n<title>Leistungen - Inhalte ver\u00f6ffentlichen mit lifePR<\/title>\n<meta name=\"description\" content=\"Als das meist genutzte PR-Portal f\u00fcr Verbraucherthemen unterst\u00fctzt die lifePR Ihre Pressearbeit mit zahlreichen Leistungen.\" \/>\n<meta name=\"robots\" content=\"index, follow, max-snippet:-1, max-image-preview:large, max-video-preview:-1\" \/>\n<link rel=\"canonical\" href=\"https:\/\/www.lifepr.de\/info\/leistungen\/\" \/>\n<meta property=\"og:locale\" content=\"de_DE\" \/>\n<meta property=\"og:type\" content=\"article\" \/>\n<meta property=\"og:title\" content=\"Leistungen - Inhalte ver\u00f6ffentlichen mit lifePR\" \/>\n<meta property=\"og:description\" content=\"Als das meist genutzte PR-Portal f\u00fcr Verbraucherthemen unterst\u00fctzt die lifePR Ihre Pressearbeit mit zahlreichen Leistungen.\" \/>\n<meta property=\"og:url\" content=\"https:\/\/www.lifepr.de\/info\/leistungen\/\" \/>\n<meta property=\"og:site_name\" content=\"Inhalte ver\u00f6ffentlichen mit lifePR\" \/>\n<meta property=\"article:modified_time\" content=\"2021-02-17T11:03:50+00:00\" \/>\n<meta name=\"twitter:card\" content=\"summary_large_image\" \/>\n<meta name=\"twitter:label1\" content=\"Gesch\u00e4tzte Lesezeit\" \/>\n\t<meta name=\"twitter:data1\" content=\"3\u00a0Minuten\" \/>\n<script type=\"application\/ld+json\" class=\"yoast-schema-graph\">{\"@context\":\"https:\/\/schema.org\",\"@graph\":[{\"@type\":\"WebPage\",\"@id\":\"https:\/\/www.lifepr.de\/info\/leistungen\/\",\"url\":\"https:\/\/www.lifepr.de\/info\/leistungen\/\",\"name\":\"Leistungen - Inhalte ver\u00f6ffentlichen mit lifePR\",\"isPartOf\":{\"@id\":\"https:\/\/www.lifepr.de\/info\/#website\"},\"datePublished\":\"2017-05-11T14:04:56+00:00\",\"dateModified\":\"2021-02-17T11:03:50+00:00\",\"description\":\"Als das meist genutzte PR-Portal f\u00fcr Verbraucherthemen unterst\u00fctzt die lifePR Ihre Pressearbeit mit zahlreichen Leistungen.\",\"breadcrumb\":{\"@id\":\"https:\/\/www.lifepr.de\/info\/leistungen\/#breadcrumb\"},\"inLanguage\":\"de\",\"potentialAction\":[{\"@type\":\"ReadAction\",\"target\":[\"https:\/\/www.lifepr.de\/info\/leistungen\/\"]}]},{\"@type\":\"BreadcrumbList\",\"@id\":\"https:\/\/www.lifepr.de\/info\/leistungen\/#breadcrumb\",\"itemListElement\":[{\"@type\":\"ListItem\",\"position\":1,\"name\":\"Startseite\",\"item\":\"https:\/\/www.lifepr.de\/info\/\"},{\"@type\":\"ListItem\",\"position\":2,\"name\":\"Leistungen\"}]},{\"@type\":\"WebSite\",\"@id\":\"https:\/\/www.lifepr.de\/info\/#website\",\"url\":\"https:\/\/www.lifepr.de\/info\/\",\"name\":\"Inhalte ver\u00f6ffentlichen mit lifePR\",\"description\":\"Inhalte ver\u00f6ffentlichen - Inhalte verbreiten - Inhalte erstellen\",\"potentialAction\":[{\"@type\":\"SearchAction\",\"target\":{\"@type\":\"EntryPoint\",\"urlTemplate\":\"https:\/\/www.lifepr.de\/info\/?s={search_term_string}\"},\"query-input\":{\"@type\":\"PropertyValueSpecification\",\"valueRequired\":true,\"valueName\":\"search_term_string\"}}],\"inLanguage\":\"de\"}]}<\/script>\n<!-- \/ Yoast SEO plugin. -->","yoast_head_json":{"title":"Leistungen - Inhalte ver\u00f6ffentlichen mit lifePR","description":"Als das meist genutzte PR-Portal f\u00fcr Verbraucherthemen unterst\u00fctzt die lifePR Ihre Pressearbeit mit zahlreichen Leistungen.","robots":{"index":"index","follow":"follow","max-snippet":"max-snippet:-1","max-image-preview":"max-image-preview:large","max-video-preview":"max-video-preview:-1"},"canonical":"https:\/\/www.lifepr.de\/info\/leistungen\/","og_locale":"de_DE","og_type":"article","og_title":"Leistungen - Inhalte ver\u00f6ffentlichen mit lifePR","og_description":"Als das meist genutzte PR-Portal f\u00fcr Verbraucherthemen unterst\u00fctzt die lifePR Ihre Pressearbeit mit zahlreichen Leistungen.","og_url":"https:\/\/www.lifepr.de\/info\/leistungen\/","og_site_name":"Inhalte ver\u00f6ffentlichen mit lifePR","article_modified_time":"2021-02-17T11:03:50+00:00","twitter_card":"summary_large_image","twitter_misc":{"Gesch\u00e4tzte Lesezeit":"3\u00a0Minuten"},"schema":{"@context":"https:\/\/schema.org","@graph":[{"@type":"WebPage","@id":"https:\/\/www.lifepr.de\/info\/leistungen\/","url":"https:\/\/www.lifepr.de\/info\/leistungen\/","name":"Leistungen - Inhalte ver\u00f6ffentlichen mit lifePR","isPartOf":{"@id":"https:\/\/www.lifepr.de\/info\/#website"},"datePublished":"2017-05-11T14:04:56+00:00","dateModified":"2021-02-17T11:03:50+00:00","description":"Als das meist genutzte PR-Portal f\u00fcr Verbraucherthemen unterst\u00fctzt die lifePR Ihre Pressearbeit mit zahlreichen Leistungen.","breadcrumb":{"@id":"https:\/\/www.lifepr.de\/info\/leistungen\/#breadcrumb"},"inLanguage":"de","potentialAction":[{"@type":"ReadAction","target":["https:\/\/www.lifepr.de\/info\/leistungen\/"]}]},{"@type":"BreadcrumbList","@id":"https:\/\/www.lifepr.de\/info\/leistungen\/#breadcrumb","itemListElement":[{"@type":"ListItem","position":1,"name":"Startseite","item":"https:\/\/www.lifepr.de\/info\/"},{"@type":"ListItem","position":2,"name":"Leistungen"}]},{"@type":"WebSite","@id":"https:\/\/www.lifepr.de\/info\/#website","url":"https:\/\/www.lifepr.de\/info\/","name":"Inhalte ver\u00f6ffentlichen mit lifePR","description":"Inhalte ver\u00f6ffentlichen - Inhalte verbreiten - Inhalte erstellen","potentialAction":[{"@type":"SearchAction","target":{"@type":"EntryPoint","urlTemplate":"https:\/\/www.lifepr.de\/info\/?s={search_term_string}"},"query-input":{"@type":"PropertyValueSpecification","valueRequired":true,"valueName":"search_term_string"}}],"inLanguage":"de"}]}},"_links":{"self":[{"href":"https:\/\/www.lifepr.de\/info\/wp-json\/wp\/v2\/pages\/1093","targetHints":{"allow":["GET"]}}],"collection":[{"href":"https:\/\/www.lifepr.de\/info\/wp-json\/wp\/v2\/pages"}],"about":[{"href":"https:\/\/www.lifepr.de\/info\/wp-json\/wp\/v2\/types\/page"}],"author":[{"embeddable":true,"href":"https:\/\/www.lifepr.de\/info\/wp-json\/wp\/v2\/users\/6"}],"replies":[{"embeddable":true,"href":"https:\/\/www.lifepr.de\/info\/wp-json\/wp\/v2\/comments?post=1093"}],"version-history":[{"count":2,"href":"https:\/\/www.lifepr.de\/info\/wp-json\/wp\/v2\/pages\/1093\/revisions"}],"predecessor-version":[{"id":9195,"href":"https:\/\/www.lifepr.de\/info\/wp-json\/wp\/v2\/pages\/1093\/revisions\/9195"}],"wp:attachment":[{"href":"https:\/\/www.lifepr.de\/info\/wp-json\/wp\/v2\/media?parent=1093"}],"wp:term":[{"taxonomy":"folder","embeddable":true,"href":"https:\/\/www.lifepr.de\/info\/wp-json\/wp\/v2\/folder?post=1093"}],"curies":[{"name":"wp","href":"https:\/\/api.w.org\/{rel}","templated":true}]}}